{"id":1934,"date":"2021-03-29T12:10:42","date_gmt":"2021-03-29T11:10:42","guid":{"rendered":"https:\/\/mb-maquinaria.com\/contact\/"},"modified":"2025-04-22T11:54:36","modified_gmt":"2025-04-22T10:54:36","slug":"contact","status":"publish","type":"page","link":"https:\/\/mb-maquinaria.com\/fr\/contact\/","title":{"rendered":"Contact"},"content":{"rendered":"\n\t<section class=\"section dark\" id=\"section_1981216533\">\n\t\t<div class=\"section-bg fill\" >\n\t\t\t<img loading=\"lazy\" decoding=\"async\" width=\"1000\" height=\"455\" src=\"https:\/\/mb-maquinaria.com\/wp-content\/uploads\/2024\/02\/banner-contacto-1.png\" class=\"bg attachment-original size-original\" alt=\"\" \/>\t\t\t\t\t\t<div class=\"section-bg-overlay absolute fill\"><\/div><div class=\"loading-spin centered\"><\/div>\n\t\t\t\n\n\t\t<\/div>\n\n\t\t\n\n\t\t<div class=\"section-content relative\">\n\t\t\t\n<div class=\"row align-center\"  id=\"row-1070362581\">\n\n\t<div id=\"col-541886251\" class=\"col medium-5 small-12 large-4\"  >\n\t\t\t\t<div class=\"col-inner text-center\"  >\n\t\t\t\n\t\t\t\n\t<div id=\"text-5829363\" class=\"text\">\n\t\t\n<h2 style=\"text-align: left;\"><span style=\"font-size: 150%; color: #282828;\"><strong>CONTACTEZ NOUS !<\/strong><\/span><\/h2>\n<div id=\"gtx-trans\" style=\"position: absolute; left: 230px; top: -3.89062px;\">\n<div class=\"gtx-trans-icon\"><\/div>\n<\/div>\n\t\t\n<style>\n#text-5829363 {\n  font-size: 0.9rem;\n  text-align: left;\n}\n@media (min-width:550px) {\n  #text-5829363 {\n    font-size: 0.9rem;\n  }\n}\n@media (min-width:850px) {\n  #text-5829363 {\n    font-size: 1rem;\n  }\n}\n<\/style>\n\t<\/div>\n\t\n\t\t<\/div>\n\t\t\t\t\n<style>\n#col-541886251 > .col-inner {\n  padding: 20px 0px 0px 0px;\n}\n<\/style>\n\t<\/div>\n\n\t\n<\/div>\n\t\t<\/div>\n\n\t\t\n<style>\n#section_1981216533 {\n  padding-top: 140px;\n  padding-bottom: 140px;\n  background-color: rgb(255, 255, 255);\n}\n#section_1981216533 .section-bg-overlay {\n  background-color: rgba(34, 34, 32, 0.2);\n}\n#section_1981216533 .section-bg img {\n  object-position: 75% 0%;\n}\n@media (min-width:550px) {\n  #section_1981216533 {\n    padding-top: 140px;\n    padding-bottom: 140px;\n  }\n}\n<\/style>\n\t<\/section>\n\t\n\n\t<section class=\"section\" id=\"section_1041850464\">\n\t\t<div class=\"section-bg fill\" >\n\t\t\t\t\t\t\t\t\t\n\t\t\t\n\n\t\t<\/div>\n\n\t\t\n\n\t\t<div class=\"section-content relative\">\n\t\t\t\n<div class=\"row\"  id=\"row-583955198\">\n\n\t<div id=\"col-117350394\" class=\"col small-12 large-12\"  >\n\t\t\t\t<div class=\"col-inner\"  >\n\t\t\t\n\t\t\t\n<div class=\"row align-equal\"  id=\"row-104601847\">\n\n\t<div id=\"col-1512251940\" class=\"col medium-6 small-12 large-6\"  >\n\t\t\t\t<div class=\"col-inner text-center\" style=\"background-color:#222220;\" >\n\t\t\t\n\t\t\t\n<div class=\"row\"  id=\"row-1975825525\">\n\n\t<div id=\"col-1161886778\" class=\"col small-12 large-12\"  >\n\t\t\t\t<div class=\"col-inner text-left\"  >\n\t\t\t\n\t\t\t\n<h2 style=\"text-align: left;\"><span style=\"color: #ffffff;\"><strong>MB Forklift<\/strong><\/span><\/h2>\n<p style=\"text-align: left;\"><span style=\"color: #ffffff;\">Une assistance unique et de proximit\u00e9 gr\u00e2ce \u00e0 une \u00e9quipe de professionnels qui vous r\u00e9pondront \u00e0 toutes vos questions.<\/span><\/p>\n<p style=\"text-align: left;\"><span style=\"color: #ffffff;\"><strong>Heures d&rsquo;ouverture <\/strong><\/span><span style=\"color: #ffffff;\">Du lundi au jeudi de 9:00h \u00e0 14:00h et de 15:00h \u00e0 18:00h<\/span><span style=\"color: #ffffff;\">Vendredi de 8:00h \u00e0 14:30h<\/span><\/p>\n<div id=\"gtx-trans\" style=\"position: absolute; left: 115px; top: 50.1094px;\">\n<div class=\"gtx-trans-icon\"><\/div>\n<\/div>\n<a href=\"tel:+34673034780\" target=\"_blank\" class=\"button white is-outline expand\" rel=\"noopener\" style=\"border-radius:8px;\">\n\t\t<span>673 034 780<\/span>\n\t<\/a>\n\n<a href=\"mailto:info@mb-maquinaria.com\" class=\"button secondary expand\" style=\"border-radius:8px;\">\n\t\t<span>info@mb-maquinaria.com<\/span>\n\t<\/a>\n\n\t\t<\/div>\n\t\t\t\t\t<\/div>\n\n\t\n<\/div>\n<div class=\"social-icons follow-icons full-width text-left\" ><span>Suivez-nous sur<\/span><a href=\"https:\/\/es-la.facebook.com\/MBForklift\/\" target=\"_blank\" data-label=\"Facebook\" class=\"icon button circle is-outline tooltip facebook\" title=\"Nous suivre sur Facebook\" aria-label=\"Nous suivre sur Facebook\" rel=\"noopener nofollow\"><i class=\"icon-facebook\" aria-hidden=\"true\"><\/i><\/a><a href=\"https:\/\/www.linkedin.com\/company\/mbforklift\/\" data-label=\"LinkedIn\" target=\"_blank\" class=\"icon button circle is-outline tooltip linkedin\" title=\"Nous suivre sur LinkedIn\" aria-label=\"Nous suivre sur LinkedIn\" rel=\"noopener nofollow\"><i class=\"icon-linkedin\" aria-hidden=\"true\"><\/i><\/a><a href=\"https:\/\/www.youtube.com\/channel\/UCk2PuHUOqBRgCrbr29Lk41w\" data-label=\"YouTube\" target=\"_blank\" class=\"icon button circle is-outline tooltip youtube\" title=\"Nous suivre sur Youtube\" aria-label=\"Nous suivre sur Youtube\" rel=\"noopener nofollow\"><i class=\"icon-youtube\" aria-hidden=\"true\"><\/i><\/a><\/div>\n\t\t<\/div>\n\t\t\t\t\n<style>\n#col-1512251940 > .col-inner {\n  border-radius: 8px;\n}\n<\/style>\n\t<\/div>\n\n\t\n\n\t<div id=\"col-1997686379\" class=\"col medium-6 small-12 large-6\"  >\n\t\t\t\t<div class=\"col-inner text-center\" style=\"background-color:#222220;\" >\n\t\t\t\n\t\t\t\n\n  <div class=\"banner has-hover has-parallax\" id=\"banner-337689156\">\n          <div class=\"banner-inner fill\">\n        <div class=\"banner-bg fill\" data-parallax=\"-2\" data-parallax-container=\".banner\" data-parallax-background>\n            <img loading=\"lazy\" decoding=\"async\" width=\"1020\" height=\"681\" src=\"https:\/\/mb-maquinaria.com\/wp-content\/uploads\/2020\/08\/contacto-MB-web-1199x800.jpg\" class=\"bg attachment-large size-large\" alt=\"\" \/>                                    \n                    <\/div>\n\t\t\n        <div class=\"banner-layers container\">\n            <div class=\"fill banner-link\"><\/div>            \n        <\/div>\n      <\/div>\n\n            \n<style>\n#banner-337689156 {\n  padding-top: 95%;\n}\n<\/style>\n  <\/div>\n\n\n\t\t<\/div>\n\t\t\t\t\n<style>\n#col-1997686379 > .col-inner {\n  border-radius: 8px;\n}\n<\/style>\n\t<\/div>\n\n\t\n\n\n\n\t<div id=\"col-233802284\" class=\"col small-12 large-12\"  >\n\t\t\t\t<div class=\"col-inner text-center\" style=\"background-color:rgb(255,255,255);\" >\n\t\t\t\n\t<div class=\"is-border\"\n\t\tstyle=\"border-radius:8px;border-width:1px 0px 0px 0px;\">\n\t<\/div>\n\t\t\t\n<p style=\"text-align: center;\"><span style=\"font-size: 120%; color: #333333;\"><strong>Ecrivez-nous, nous vous r\u00e9pondons dans les plus brefs d\u00e9lais !<\/strong><\/span><\/p>\n<div class=\"is-divider divider clearfix\" ><\/div>\n<div class=\"row align-center\"  id=\"row-878824001\">\n\n\t<div id=\"col-1344845270\" class=\"col medium-11 small-12 large-10\"  >\n\t\t\t\t<div class=\"col-inner text-left\"  >\n\t\t\t\n\t\t\t\n\n<div class=\"wpcf7 no-js\" id=\"wpcf7-f2079-o1\" lang=\"fr-FR\" dir=\"ltr\" data-wpcf7-id=\"2079\">\n<div class=\"screen-reader-response\"><p role=\"status\" aria-live=\"polite\" aria-atomic=\"true\"><\/p> <ul><\/ul><\/div>\n<form action=\"\/fr\/wp-json\/wp\/v2\/pages\/1934#wpcf7-f2079-o1\" method=\"post\" class=\"wpcf7-form init\" aria-label=\"Formulaire de contact\" novalidate=\"novalidate\" data-status=\"init\">\n<fieldset class=\"hidden-fields-container\"><input type=\"hidden\" name=\"_wpcf7\" value=\"2079\" \/><input type=\"hidden\" name=\"_wpcf7_version\" value=\"6.1.5\" \/><input type=\"hidden\" name=\"_wpcf7_locale\" value=\"fr_FR\" \/><input type=\"hidden\" name=\"_wpcf7_unit_tag\" value=\"wpcf7-f2079-o1\" \/><input type=\"hidden\" name=\"_wpcf7_container_post\" value=\"0\" \/><input type=\"hidden\" name=\"_wpcf7_posted_data_hash\" value=\"\" \/>\n<\/fieldset>\n<p><label>Nom*<\/label><br \/>\n<span class=\"wpcf7-form-control-wrap\" data-name=\"your-name\"><input size=\"40\" maxlength=\"400\" class=\"wpcf7-form-control wpcf7-text wpcf7-validates-as-required\" aria-required=\"true\" aria-invalid=\"false\" value=\"\" type=\"text\" name=\"your-name\" \/><\/span>\n<\/p>\n<p><label>Email*<\/label><br \/>\n<span class=\"wpcf7-form-control-wrap\" data-name=\"your-email\"><input size=\"40\" maxlength=\"400\" class=\"wpcf7-form-control wpcf7-email wpcf7-validates-as-required wpcf7-text wpcf7-validates-as-email\" aria-required=\"true\" aria-invalid=\"false\" value=\"\" type=\"email\" name=\"your-email\" \/><\/span>\n<\/p>\n<p><label>Message*<\/label><br \/>\n<span class=\"wpcf7-form-control-wrap\" data-name=\"your-message\"><textarea cols=\"40\" rows=\"10\" maxlength=\"2000\" class=\"wpcf7-form-control wpcf7-textarea\" aria-invalid=\"false\" name=\"your-message\"><\/textarea><\/span>\n<\/p>\n<p><input class=\"wpcf7-form-control wpcf7-submit has-spinner button\" type=\"submit\" value=\"Envoyer\" \/>\n<\/p><input type='hidden' class='wpcf7-pum' value='{\"closepopup\":false,\"closedelay\":0,\"openpopup\":false,\"openpopup_id\":0}' \/><div class=\"wpcf7-response-output\" aria-hidden=\"true\"><\/div>\n<\/form>\n<\/div>\n\n\t\t<\/div>\n\t\t\t\t\t<\/div>\n\n\t\n<\/div>\n\t\t<\/div>\n\t\t\t\t\n<style>\n#col-233802284 > .col-inner {\n  border-radius: 8px;\n}\n<\/style>\n\t<\/div>\n\n\t\n\n\t<div id=\"col-659466927\" class=\"col medium-8 small-12 large-8\"  >\n\t\t\t\t<div class=\"col-inner text-left\" style=\"background-color:rgb(34, 34, 32);\" >\n\t\t\t\n\t\t\t\n<div class=\"google-maps\"><iframe loading=\"lazy\" style=\"border: 0;\" tabindex=\"0\" src=\"https:\/\/www.google.com\/maps\/embed?pb=!1m18!1m12!1m3!1d819.4073034008377!2d-1.656640543377184!3d42.486673805110726!2m3!1f0!2f0!3f0!3m2!1i1024!2i768!4f13.1!3m3!1m2!1s0xd5a771333926063%3A0xb99a5d2ac0e891a5!2sRua%20Romana%2C%2058%2C%2031390%20Olite%2C%20Navarra!5e0!3m2!1ses!2ses!4v1598874735179!5m2!1ses!2ses\" width=\"600\" height=\"450\" frameborder=\"0\" allowfullscreen=\"allowfullscreen\" aria-hidden=\"false\"><\/iframe><\/div>\n\t\t<\/div>\n\t\t\t\t\n<style>\n#col-659466927 > .col-inner {\n  border-radius: 8px;\n}\n<\/style>\n\t<\/div>\n\n\t\n\n\t<div id=\"col-205920410\" class=\"col medium-4 small-12 large-4\"  >\n\t\t\t\t<div class=\"col-inner\" style=\"background-color:#222220;\" >\n\t\t\t\n\t\t\t\n<h5 style=\"text-align: center;\"><strong><span style=\"color: #ffffff;\">Adresse<\/span><\/strong><\/h5>\n<h5 style=\"text-align: center;\"><span style=\"color: #ffffff;\">R\u00faa Romana 58<\/span><\/h5>\n<h5 style=\"text-align: center;\"><span style=\"color: #ffffff;\">31390, Olite<\/span><\/h5>\n<h5 style=\"text-align: center;\"><span style=\"color: #ffffff;\">Navarra (Espa\u00f1a)<\/span><\/h5>\n<div class=\"is-divider divider clearfix\" ><\/div>\n<a href=\"https:\/\/www.google.com\/maps\/place\/Rua+Romana,+58,+31390+Olite,+Navarra\/@42.4866554,-1.6586088,17z\/data=!3m1!4b1!4m5!3m4!1s0xd5a771333926063:0xb99a5d2ac0e891a5!8m2!3d42.4866515!4d-1.6564201\" class=\"button secondary expand\" style=\"border-radius:8px;\">\n\t<i class=\"icon-map-pin-fill\" aria-hidden=\"true\"><\/i>\t<span>Comment venir<\/span>\n\t<\/a>\n\n<div class=\"is-divider divider clearfix\" ><\/div>\n\t<div class=\"img has-hover x md-x lg-x y md-y lg-y\" id=\"image_1889554545\">\n\t\t\t\t\t\t\t\t<div class=\"img-inner dark\" >\n\t\t\t<img loading=\"lazy\" decoding=\"async\" width=\"280\" height=\"280\" src=\"https:\/\/mb-maquinaria.com\/wp-content\/uploads\/2020\/08\/ubicacion-MB-web-280x280.jpg\" class=\"attachment-thumbnail size-thumbnail\" alt=\"\" srcset=\"https:\/\/mb-maquinaria.com\/wp-content\/uploads\/2020\/08\/ubicacion-MB-web-280x280.jpg 280w, https:\/\/mb-maquinaria.com\/wp-content\/uploads\/2020\/08\/ubicacion-MB-web-300x300.jpg 300w, https:\/\/mb-maquinaria.com\/wp-content\/uploads\/2020\/08\/ubicacion-MB-web-100x100.jpg 100w\" sizes=\"auto, (max-width: 280px) 100vw, 280px\" \/>\t\t\t\t\t\t\n\t\t\t\t\t<\/div>\n\t\t\t\t\t\t\t\t\n<style>\n#image_1889554545 {\n  width: 98%;\n}\n<\/style>\n\t<\/div>\n\t\n\t\t<\/div>\n\t\t\t\t\n<style>\n#col-205920410 > .col-inner {\n  border-radius: 8px;\n}\n<\/style>\n\t<\/div>\n\n\t\n\n<style>\n#row-104601847 > .col > .col-inner {\n  padding: 40px 40px 40px 40px;\n  background-color: rgb(255,255,255);\n}\n<\/style>\n<\/div>\n\t\t<\/div>\n\t\t\t\t\n<style>\n#col-117350394 > .col-inner {\n  margin: -100px 0px 0px 0px;\n}\n<\/style>\n\t<\/div>\n\n\t\n<\/div>\n\t\t<\/div>\n\n\t\t\n<style>\n#section_1041850464 {\n  padding-top: 60px;\n  padding-bottom: 60px;\n  background-color: rgb(244, 244, 244);\n}\n<\/style>\n\t<\/section>\n\t\n","protected":false},"excerpt":{"rendered":"","protected":false},"author":1,"featured_media":0,"parent":0,"menu_order":0,"comment_status":"closed","ping_status":"closed","template":"page-blank.php","meta":{"footnotes":""},"class_list":["post-1934","page","type-page","status-publish","hentry"],"yoast_head":"<!-- This site is optimized with the Yoast SEO plugin v27.2 - https:\/\/yoast.com\/product\/yoast-seo-wordpress\/ -->\n<title>MB Forklift | Contact | Par t\u00e9l\u00e9phone ou courrier \u00e9lectronique<\/title>\n<meta name=\"description\" content=\"Nous sommes l\u00e0 pour vous aider et pour toute question compl\u00e9mentaire. Du lundi au jeudi de 9h \u00e0 14h et de 15h \u00e0 18h | Vendredi de 8h \u00e0 14h30.\" \/>\n<meta name=\"robots\" content=\"index, follow, max-snippet:-1, max-image-preview:large, max-video-preview:-1\" \/>\n<link rel=\"canonical\" href=\"https:\/\/mb-maquinaria.com\/fr\/contact\/\" \/>\n<meta property=\"og:locale\" content=\"fr_FR\" \/>\n<meta property=\"og:type\" content=\"article\" \/>\n<meta property=\"og:title\" content=\"MB Forklift | Contact | Par t\u00e9l\u00e9phone ou courrier \u00e9lectronique\" \/>\n<meta property=\"og:description\" content=\"Nous sommes l\u00e0 pour vous aider et pour toute question compl\u00e9mentaire. Du lundi au jeudi de 9h \u00e0 14h et de 15h \u00e0 18h | Vendredi de 8h \u00e0 14h30.\" \/>\n<meta property=\"og:url\" content=\"https:\/\/mb-maquinaria.com\/fr\/contact\/\" \/>\n<meta property=\"og:site_name\" content=\"MB Maquinaria\" \/>\n<meta property=\"article:modified_time\" content=\"2025-04-22T10:54:36+00:00\" \/>\n<meta name=\"twitter:card\" content=\"summary_large_image\" \/>\n<meta name=\"twitter:label1\" content=\"Dur\u00e9e de lecture estim\u00e9e\" \/>\n\t<meta name=\"twitter:data1\" content=\"2 minutes\" \/>\n<script type=\"application\/ld+json\" class=\"yoast-schema-graph\">{\"@context\":\"https:\/\/schema.org\",\"@graph\":[{\"@type\":\"WebPage\",\"@id\":\"https:\/\/mb-maquinaria.com\/fr\/contact\/\",\"url\":\"https:\/\/mb-maquinaria.com\/fr\/contact\/\",\"name\":\"MB Forklift | Contact | Par t\u00e9l\u00e9phone ou courrier \u00e9lectronique\",\"isPartOf\":{\"@id\":\"https:\/\/mb-maquinaria.com\/fr\/#website\"},\"datePublished\":\"2021-03-29T11:10:42+00:00\",\"dateModified\":\"2025-04-22T10:54:36+00:00\",\"description\":\"Nous sommes l\u00e0 pour vous aider et pour toute question compl\u00e9mentaire. Du lundi au jeudi de 9h \u00e0 14h et de 15h \u00e0 18h | Vendredi de 8h \u00e0 14h30.\",\"breadcrumb\":{\"@id\":\"https:\/\/mb-maquinaria.com\/fr\/contact\/#breadcrumb\"},\"inLanguage\":\"fr-FR\",\"potentialAction\":[{\"@type\":\"ReadAction\",\"target\":[\"https:\/\/mb-maquinaria.com\/fr\/contact\/\"]}]},{\"@type\":\"BreadcrumbList\",\"@id\":\"https:\/\/mb-maquinaria.com\/fr\/contact\/#breadcrumb\",\"itemListElement\":[{\"@type\":\"ListItem\",\"position\":1,\"name\":\"Portada\",\"item\":\"https:\/\/mb-maquinaria.com\/fr\/boceto-home\/\"},{\"@type\":\"ListItem\",\"position\":2,\"name\":\"Contact\"}]},{\"@type\":\"WebSite\",\"@id\":\"https:\/\/mb-maquinaria.com\/fr\/#website\",\"url\":\"https:\/\/mb-maquinaria.com\/fr\/\",\"name\":\"MB\",\"description\":\"Central de Compras y Servicios Europea especializada en maquinaria para el manejo de materiales.\",\"alternateName\":\"MB-Maquinaria\",\"potentialAction\":[{\"@type\":\"SearchAction\",\"target\":{\"@type\":\"EntryPoint\",\"urlTemplate\":\"https:\/\/mb-maquinaria.com\/fr\/?s={search_term_string}\"},\"query-input\":{\"@type\":\"PropertyValueSpecification\",\"valueRequired\":true,\"valueName\":\"search_term_string\"}}],\"inLanguage\":\"fr-FR\"}]}<\/script>\n<!-- \/ Yoast SEO plugin. -->","yoast_head_json":{"title":"MB Forklift | Contact | Par t\u00e9l\u00e9phone ou courrier \u00e9lectronique","description":"Nous sommes l\u00e0 pour vous aider et pour toute question compl\u00e9mentaire. Du lundi au jeudi de 9h \u00e0 14h et de 15h \u00e0 18h | Vendredi de 8h \u00e0 14h30.","robots":{"index":"index","follow":"follow","max-snippet":"max-snippet:-1","max-image-preview":"max-image-preview:large","max-video-preview":"max-video-preview:-1"},"canonical":"https:\/\/mb-maquinaria.com\/fr\/contact\/","og_locale":"fr_FR","og_type":"article","og_title":"MB Forklift | Contact | Par t\u00e9l\u00e9phone ou courrier \u00e9lectronique","og_description":"Nous sommes l\u00e0 pour vous aider et pour toute question compl\u00e9mentaire. Du lundi au jeudi de 9h \u00e0 14h et de 15h \u00e0 18h | Vendredi de 8h \u00e0 14h30.","og_url":"https:\/\/mb-maquinaria.com\/fr\/contact\/","og_site_name":"MB Maquinaria","article_modified_time":"2025-04-22T10:54:36+00:00","twitter_card":"summary_large_image","twitter_misc":{"Dur\u00e9e de lecture estim\u00e9e":"2 minutes"},"schema":{"@context":"https:\/\/schema.org","@graph":[{"@type":"WebPage","@id":"https:\/\/mb-maquinaria.com\/fr\/contact\/","url":"https:\/\/mb-maquinaria.com\/fr\/contact\/","name":"MB Forklift | Contact | Par t\u00e9l\u00e9phone ou courrier \u00e9lectronique","isPartOf":{"@id":"https:\/\/mb-maquinaria.com\/fr\/#website"},"datePublished":"2021-03-29T11:10:42+00:00","dateModified":"2025-04-22T10:54:36+00:00","description":"Nous sommes l\u00e0 pour vous aider et pour toute question compl\u00e9mentaire. Du lundi au jeudi de 9h \u00e0 14h et de 15h \u00e0 18h | Vendredi de 8h \u00e0 14h30.","breadcrumb":{"@id":"https:\/\/mb-maquinaria.com\/fr\/contact\/#breadcrumb"},"inLanguage":"fr-FR","potentialAction":[{"@type":"ReadAction","target":["https:\/\/mb-maquinaria.com\/fr\/contact\/"]}]},{"@type":"BreadcrumbList","@id":"https:\/\/mb-maquinaria.com\/fr\/contact\/#breadcrumb","itemListElement":[{"@type":"ListItem","position":1,"name":"Portada","item":"https:\/\/mb-maquinaria.com\/fr\/boceto-home\/"},{"@type":"ListItem","position":2,"name":"Contact"}]},{"@type":"WebSite","@id":"https:\/\/mb-maquinaria.com\/fr\/#website","url":"https:\/\/mb-maquinaria.com\/fr\/","name":"MB","description":"Central de Compras y Servicios Europea especializada en maquinaria para el manejo de materiales.","alternateName":"MB-Maquinaria","potentialAction":[{"@type":"SearchAction","target":{"@type":"EntryPoint","urlTemplate":"https:\/\/mb-maquinaria.com\/fr\/?s={search_term_string}"},"query-input":{"@type":"PropertyValueSpecification","valueRequired":true,"valueName":"search_term_string"}}],"inLanguage":"fr-FR"}]}},"_links":{"self":[{"href":"https:\/\/mb-maquinaria.com\/fr\/wp-json\/wp\/v2\/pages\/1934","targetHints":{"allow":["GET"]}}],"collection":[{"href":"https:\/\/mb-maquinaria.com\/fr\/wp-json\/wp\/v2\/pages"}],"about":[{"href":"https:\/\/mb-maquinaria.com\/fr\/wp-json\/wp\/v2\/types\/page"}],"author":[{"embeddable":true,"href":"https:\/\/mb-maquinaria.com\/fr\/wp-json\/wp\/v2\/users\/1"}],"replies":[{"embeddable":true,"href":"https:\/\/mb-maquinaria.com\/fr\/wp-json\/wp\/v2\/comments?post=1934"}],"version-history":[{"count":11,"href":"https:\/\/mb-maquinaria.com\/fr\/wp-json\/wp\/v2\/pages\/1934\/revisions"}],"predecessor-version":[{"id":6589,"href":"https:\/\/mb-maquinaria.com\/fr\/wp-json\/wp\/v2\/pages\/1934\/revisions\/6589"}],"wp:attachment":[{"href":"https:\/\/mb-maquinaria.com\/fr\/wp-json\/wp\/v2\/media?parent=1934"}],"curies":[{"name":"wp","href":"https:\/\/api.w.org\/{rel}","templated":true}]}}