{"id":1956,"date":"2021-05-28T13:23:00","date_gmt":"2021-05-28T12:23:00","guid":{"rendered":"https:\/\/mb-maquinaria.com\/mb-forklift-chariots-elevateurs-electriques-gerbeurs-transpalettes-machines-industrielles-et-autres\/"},"modified":"2021-06-02T15:03:17","modified_gmt":"2021-06-02T14:03:17","slug":"mb-forklift-chariots-elevateurs-electriques-gerbeurs-transpalettes-machines-industrielles-et-autres","status":"publish","type":"page","link":"https:\/\/mb-maquinaria.com\/fr\/mb-forklift-chariots-elevateurs-electriques-gerbeurs-transpalettes-machines-industrielles-et-autres\/","title":{"rendered":"MB Forklift : Chariots \u00e9l\u00e9vateurs \u00e9lectriques, gerbeurs, transpalettes, machines industrielles et autres."},"content":{"rendered":"\n  <div class=\"banner has-hover is-full-height\" id=\"banner-33761301\">\n          <div class=\"banner-inner fill\">\n        <div class=\"banner-bg fill\" >\n                                                \n                    <\/div>\n\t\t\n        <div class=\"banner-layers container\">\n            <div class=\"fill banner-link\"><\/div>            \n   <div id=\"text-box-826391103\" class=\"text-box banner-layer textohaciadelante x50 md-x50 lg-x0 y25 md-y20 lg-y25 res-text\">\n              <div data-parallax=\"5\" data-parallax-fade=\"true\">                  <div class=\"text-box-content text dark\">\n              \n              <div class=\"text-inner text-center\">\n                  \n<h3 class=\"thin-font\" style=\"text-align: center;\"><span style=\"color: #ff6600; font-size: 100%;\"><strong>MB FORKLIFT<\/strong><\/span><\/h3>\n<h1 style=\"text-align: center;\"><span style=\"color: #282828; font-size: 80%;\"><strong>CONSTRUIRE L&rsquo;AVENIR ENSEMBLE !<\/strong><\/span><\/h1>\n<a href=\"https:\/\/mb-maquinaria.com\/entreprise\/?lang=fr\" class=\"button primary box-shadow-2 box-shadow-3-hover reveal-icon\" style=\"border-radius:8px;\">\n\t\t<span>PLUS D'INFOS<\/span>\n\t<i class=\"icon-plus\" aria-hidden=\"true\"><\/i><\/a>\n\n<a href=\"https:\/\/mb-maquinaria.com\/mb-forklift\/\" class=\"button secondary box-shadow-2 box-shadow-3-hover reveal-icon\" style=\"border-radius:8px;\">\n\t\t<span>LES PRODUITS<\/span>\n\t<i class=\"icon-angle-right\" aria-hidden=\"true\"><\/i><\/a>\n\n              <\/div>\n           <\/div>\n              <\/div>              \n<style>\n#text-box-826391103 {\n  width: 87%;\n}\n#text-box-826391103 .text-box-content {\n  font-size: 88%;\n}\n@media (min-width:550px) {\n  #text-box-826391103 {\n    width: 68%;\n  }\n  #text-box-826391103 .text-box-content {\n    font-size: 117%;\n  }\n}\n@media (min-width:850px) {\n  #text-box-826391103 {\n    width: 58%;\n  }\n  #text-box-826391103 .text-box-content {\n    font-size: 116%;\n  }\n}\n<\/style>\n    <\/div>\n \n\t<div class=\"img has-hover x50 md-x50 lg-x100 y80 md-y95 lg-y50\" id=\"image_1083259864\">\n\t\t\t\t\t\t\t\t<div class=\"img-inner dark\" >\n\t\t\t<img loading=\"lazy\" decoding=\"async\" width=\"911\" height=\"800\" src=\"https:\/\/mb-maquinaria.com\/wp-content\/uploads\/2020\/09\/mbforklift-anim_4.gif\" class=\"attachment-large size-large\" alt=\"\" \/>\t\t\t\t\t\t\n\t\t\t\t\t<\/div>\n\t\t\t\t\t\t\t\t\n<style>\n#image_1083259864 {\n  width: 100%;\n}\n@media (min-width:550px) {\n  #image_1083259864 {\n    width: 77%;\n  }\n}\n@media (min-width:850px) {\n  #image_1083259864 {\n    width: 56%;\n  }\n}\n<\/style>\n\t<\/div>\n\t\n\t<div class=\"img has-hover x50 md-x50 lg-x50 y90 md-y95 lg-y90\" id=\"image_983461846\">\n\t\t<a class=\"\" href=\"#hom1\" >\t\t\t\t<div data-animate=\"bounceInDown\">\t\t<div class=\"img-inner dark\" >\n\t\t\t<img loading=\"lazy\" decoding=\"async\" width=\"800\" height=\"800\" src=\"https:\/\/mb-maquinaria.com\/wp-content\/uploads\/2020\/09\/mb-forklift-arrow_Mesa-de-trabajo-1-800x800.png\" class=\"attachment-large size-large\" alt=\"\" srcset=\"https:\/\/mb-maquinaria.com\/wp-content\/uploads\/2020\/09\/mb-forklift-arrow_Mesa-de-trabajo-1-800x800.png 800w, https:\/\/mb-maquinaria.com\/wp-content\/uploads\/2020\/09\/mb-forklift-arrow_Mesa-de-trabajo-1-400x400.png 400w, https:\/\/mb-maquinaria.com\/wp-content\/uploads\/2020\/09\/mb-forklift-arrow_Mesa-de-trabajo-1-280x280.png 280w, https:\/\/mb-maquinaria.com\/wp-content\/uploads\/2020\/09\/mb-forklift-arrow_Mesa-de-trabajo-1-768x768.png 768w, https:\/\/mb-maquinaria.com\/wp-content\/uploads\/2020\/09\/mb-forklift-arrow_Mesa-de-trabajo-1-300x300.png 300w, https:\/\/mb-maquinaria.com\/wp-content\/uploads\/2020\/09\/mb-forklift-arrow_Mesa-de-trabajo-1-600x600.png 600w, https:\/\/mb-maquinaria.com\/wp-content\/uploads\/2020\/09\/mb-forklift-arrow_Mesa-de-trabajo-1-100x100.png 100w, https:\/\/mb-maquinaria.com\/wp-content\/uploads\/2020\/09\/mb-forklift-arrow_Mesa-de-trabajo-1.png 1334w\" sizes=\"auto, (max-width: 800px) 100vw, 800px\" \/>\t\t\t\t\t\t\n\t\t\t\t\t<\/div>\n\t\t<\/div>\t\t\t\t<\/a>\t\t\n<style>\n#image_983461846 {\n  width: 14%;\n}\n@media (min-width:550px) {\n  #image_983461846 {\n    width: 8%;\n  }\n}\n@media (min-width:850px) {\n  #image_983461846 {\n    width: 5%;\n  }\n}\n<\/style>\n\t<\/div>\n\t\n        <\/div>\n      <\/div>\n\n            \n<style>\n#banner-33761301 {\n  padding-top: 100%;\n  background-color: rgb(251, 251, 251);\n}\n@media (min-width:550px) {\n  #banner-33761301 {\n    padding-top: 100%;\n  }\n}\n<\/style>\n  <\/div>\n\n\n<span class=\"scroll-to\" data-label=\"Scroll to: #hom1\" data-bullet=\"false\" data-link=\"#hom1\" data-title=\"home1\"><a name=\"hom1\"><\/a><\/span>\n\n\t<section class=\"section\" id=\"section_871357615\">\n\t\t<div class=\"section-bg fill\" >\n\t\t\t\t\t\t\t\t\t\n\t\t\t\n\n\t\t<\/div>\n\n\t\t\n\n\t\t<div class=\"section-content relative\">\n\t\t\t\n<div class=\"row row-full-width align-equal align-center\"  id=\"row-1005245503\">\n\n\t<div id=\"col-425353319\" class=\"col vamosajustificar medium-7 small-12 large-7\"  >\n\t\t\t\t<div class=\"col-inner\"  >\n\t\t\t\n\t\t\t\n<h4>\u00c1tica Redex met \u00e0 votre service le r\u00e9seau professionnel le plus \u00e9tendu de la p\u00e9ninsule ib\u00e9rique, avec pr\u00e8s de 600 techniciens et 500 v\u00e9hicules ateliers, ainsi que son entrep\u00f4t de pi\u00e8ces d\u00e9tach\u00e9es \u00e0 Talavera de la Reina (Toledo).<\/h4>\n\t\t<\/div>\n\t\t\t\t\t<\/div>\n\n\t\n\n<style>\n#row-1005245503 > .col > .col-inner {\n  padding: 20px 20px 20px 20px;\n}\n<\/style>\n<\/div>\n\t\t<\/div>\n\n\t\t\n<style>\n#section_871357615 {\n  padding-top: 99px;\n  padding-bottom: 99px;\n  background-color: rgb(251, 251, 251);\n}\n<\/style>\n\t<\/section>\n\t\n\n  <div class=\"banner has-hover\" id=\"banner-686324629\">\n          <div class=\"banner-inner fill\">\n        <div class=\"banner-bg fill\" >\n            <img loading=\"lazy\" decoding=\"async\" width=\"1020\" height=\"376\" src=\"https:\/\/mb-maquinaria.com\/wp-content\/uploads\/2020\/09\/mb-forklift-banner-apiladores-1400x516.jpg\" class=\"bg attachment-large size-large\" alt=\"\" \/>                                    \n                    <\/div>\n\t\t\n        <div class=\"banner-layers container\">\n            <div class=\"fill banner-link\"><\/div>            \n   <div id=\"text-box-1485116756\" class=\"text-box banner-layer x10 md-x10 lg-x0 y75 md-y75 lg-y30 res-text\">\n                                <div class=\"text-box-content text dark\">\n              \n              <div class=\"text-inner text-left\">\n                  \n<h3 class=\"uppercase\"><span style=\"font-size: 120%;\">NOS DISTRIBUTEURS FONT LA DIFF\u00c9RENCE<br \/>\n<\/span><span style=\"font-size: 75%;\">90% d\u2019entre eux font partie du top 150 du secteur<\/span><\/h3>\n              <\/div>\n           <\/div>\n                            \n<style>\n#text-box-1485116756 {\n  width: 83%;\n}\n#text-box-1485116756 .text-box-content {\n  font-size: 125%;\n}\n@media (min-width:550px) {\n  #text-box-1485116756 {\n    width: 60%;\n  }\n}\n<\/style>\n    <\/div>\n \n        <\/div>\n      <\/div>\n\n            \n<style>\n#banner-686324629 {\n  padding-top: 100%;\n}\n#banner-686324629 .banner-bg img {\n  object-position: 60% 4%;\n}\n@media (min-width:550px) {\n  #banner-686324629 {\n    padding-top: 570px;\n  }\n}\n<\/style>\n  <\/div>\n\n\n\n\t<section class=\"section\" id=\"section_383766369\">\n\t\t<div class=\"section-bg fill\" >\n\t\t\t\t\t\t\t\t\t\n\t\t\t\n\n\t\t<\/div>\n\n\t\t\n\n\t\t<div class=\"section-content relative\">\n\t\t\t\n\t<div id=\"gap-527547241\" class=\"gap-element clearfix\" style=\"display:block; height:auto;\">\n\t\t\n<style>\n#gap-527547241 {\n  padding-top: 60px;\n}\n<\/style>\n\t<\/div>\n\t\n<div class=\"row\"  id=\"row-1856895384\">\n\n\t<div id=\"col-2002739862\" class=\"col small-12 large-12\"  >\n\t\t\t\t<div class=\"col-inner box-shadow-5\" style=\"background-color:#222220;\" >\n\t\t\t\n\t\t\t\n<div class=\"row row-collapse align-middle\"  id=\"row-1308086914\">\n\n\t<div id=\"col-1391367259\" class=\"col medium-6 small-12 large-6\"  >\n\t\t\t\t<div class=\"col-inner\"  >\n\t\t\t\n\t\t\t\n<div class=\"row row-collapse\"  id=\"row-912982345\">\n\n\t<div id=\"col-1768195358\" class=\"col vamosajustificar small-12 large-12\"  >\n\t\t\t\t<div class=\"col-inner\"  >\n\t\t\t\n\t\t\t\n<p class=\"tag\"><span style=\"color: #ff6600;\"><strong>MB Forklift<\/strong><\/span><br \/>\n<span style=\"color: #ffffff;\"><strong><span style=\"font-size: 23.04px;\">Produits Phares <img loading=\"lazy\" decoding=\"async\" class=\"alignnonewp-image-1182\" src=\"https:\/\/mb-maquinaria.com\/wp-content\/uploads\/2020\/09\/mb-forklift-productos-estrella-02.png\" alt=\"\" width=\"38\" height=\"38\" srcset=\"https:\/\/mb-maquinaria.com\/wp-content\/uploads\/2020\/09\/mb-forklift-productos-estrella-02.png 144w, https:\/\/mb-maquinaria.com\/wp-content\/uploads\/2020\/09\/mb-forklift-productos-estrella-02-100x100.png 100w\" sizes=\"auto, (max-width: 38px) 100vw, 38px\" \/> <\/span><\/strong><\/span><\/p>\n<p><span style=\"color: #ffffff;\">Une s\u00e9lection de nos meilleurs produits : transpalettes, gerbeurs, chariots \u00e9l\u00e9vateurs et pr\u00e9parateurs de commandes. N\u2019h\u00e9sitez pas \u00e0 nous contacter pour toute question.<\/span><\/p>\n\t<div id=\"gap-1630487359\" class=\"gap-element clearfix\" style=\"display:block; height:auto;\">\n\t\t\n<style>\n#gap-1630487359 {\n  padding-top: 30px;\n}\n<\/style>\n\t<\/div>\n\t\n<a href=\"https:\/\/mb-maquinaria.com\/produits-phares\/?lang=fr\" class=\"button secondary box-shadow-5-hover reveal-icon expand\" style=\"border-radius:8px;\">\n\t\t<span>Produits Phares<\/span>\n\t<i class=\"icon-star\" aria-hidden=\"true\"><\/i><\/a>\n\n\t\t<\/div>\n\t\t\t\t\t<\/div>\n\n\t\n\n<style>\n#row-912982345 > .col > .col-inner {\n  padding: 40px 40px 40px 40px;\n}\n@media (min-width:550px) {\n  #row-912982345 > .col > .col-inner {\n    padding: 20px 40px 20px 40px;\n  }\n}\n@media (min-width:850px) {\n  #row-912982345 > .col > .col-inner {\n    padding: 0px 60px 0px 60px;\n  }\n}\n<\/style>\n<\/div>\n\t\t<\/div>\n\t\t\t\t\t<\/div>\n\n\t\n\n\t<div id=\"col-1112529844\" class=\"col medium-6 small-12 large-6\"  >\n\t\t\t\t<div class=\"col-inner\"  >\n\t\t\t\n\t\t\t\n\n  <div class=\"banner has-hover\" id=\"banner-717868429\">\n          <div class=\"banner-inner fill\">\n        <div class=\"banner-bg fill\" >\n                                                \n                    <\/div>\n\t\t\n        <div class=\"banner-layers container\">\n            <div class=\"fill banner-link\"><\/div>            \n   <div id=\"text-box-340625428\" class=\"text-box banner-layer x0 md-x0 lg-x0 y50 md-y50 lg-y50 res-text\">\n                                <div class=\"text-box-content text dark\">\n              \n              <div class=\"text-inner text-center\">\n                  \n\t<div class=\"img has-hover x md-x lg-x y md-y lg-y\" id=\"image_1242957088\">\n\t\t\t\t\t\t<div data-animate=\"fadeInRight\">\t\t<div class=\"img-inner dark\" >\n\t\t\t<img loading=\"lazy\" decoding=\"async\" width=\"794\" height=\"800\" src=\"https:\/\/mb-maquinaria.com\/wp-content\/uploads\/2020\/09\/8b32f420-f0f2-47c1-add7-cda484f27f85-794x800.png\" class=\"attachment-large size-large\" alt=\"\" srcset=\"https:\/\/mb-maquinaria.com\/wp-content\/uploads\/2020\/09\/8b32f420-f0f2-47c1-add7-cda484f27f85-794x800.png 794w, https:\/\/mb-maquinaria.com\/wp-content\/uploads\/2020\/09\/8b32f420-f0f2-47c1-add7-cda484f27f85-397x400.png 397w, https:\/\/mb-maquinaria.com\/wp-content\/uploads\/2020\/09\/8b32f420-f0f2-47c1-add7-cda484f27f85-768x774.png 768w, https:\/\/mb-maquinaria.com\/wp-content\/uploads\/2020\/09\/8b32f420-f0f2-47c1-add7-cda484f27f85-600x605.png 600w, https:\/\/mb-maquinaria.com\/wp-content\/uploads\/2020\/09\/8b32f420-f0f2-47c1-add7-cda484f27f85-100x100.png 100w, https:\/\/mb-maquinaria.com\/wp-content\/uploads\/2020\/09\/8b32f420-f0f2-47c1-add7-cda484f27f85.png 1108w\" sizes=\"auto, (max-width: 794px) 100vw, 794px\" \/>\t\t\t\t\t\t\n\t\t\t\t\t<\/div>\n\t\t<\/div>\t\t\t\t\t\t\n<style>\n#image_1242957088 {\n  width: 91%;\n}\n<\/style>\n\t<\/div>\n\t\n              <\/div>\n           <\/div>\n                            \n<style>\n#text-box-340625428 {\n  width: 92%;\n}\n#text-box-340625428 .text-box-content {\n  font-size: 100%;\n}\n@media (min-width:550px) {\n  #text-box-340625428 {\n    width: 81%;\n  }\n}\n<\/style>\n    <\/div>\n \n        <\/div>\n      <\/div>\n\n            \n<style>\n#banner-717868429 {\n  padding-top: 113%;\n}\n<\/style>\n  <\/div>\n\n\n\t\t<\/div>\n\t\t\t\t\n<style>\n#col-1112529844 > .col-inner {\n  padding: 46px 21px 21px 59px;\n}\n<\/style>\n\t<\/div>\n\n\t\n<\/div>\n\t\t<\/div>\n\t\t\t\t\n<style>\n#col-2002739862 > .col-inner {\n  border-radius: 15px;\n}\n<\/style>\n\t<\/div>\n\n\t\n<\/div>\n\t<div id=\"gap-1680407736\" class=\"gap-element clearfix\" style=\"display:block; height:auto;\">\n\t\t\n<style>\n#gap-1680407736 {\n  padding-top: 60px;\n}\n<\/style>\n\t<\/div>\n\t\n\t\t<\/div>\n\n\t\t\n<style>\n#section_383766369 {\n  padding-top: 60px;\n  padding-bottom: 60px;\n  background-color: rgba(231, 231, 231, 0.37);\n}\n<\/style>\n\t<\/section>\n\t\n\n\t<section class=\"section\" id=\"section_886788863\">\n\t\t<div class=\"section-bg fill\" >\n\t\t\t\t\t\t\t\t\t\n\t\t\t\n\n\t\t<\/div>\n\n\t\t\n\n\t\t<div class=\"section-content relative\">\n\t\t\t\n<div class=\"row row-large row-full-width align-middle align-center\"  id=\"row-1227388005\">\n\n\t<div id=\"col-886848059\" class=\"col medium-10 small-12 large-10\"  >\n\t\t\t\t<div class=\"col-inner\"  >\n\t\t\t\n\t\t\t\n<div class=\"is-divider divider clearfix\" style=\"max-width:0px;height:0px;\"><\/div>\n\t\t<\/div>\n\t\t\t\t\t<\/div>\n\n\t\n<\/div>\n\t\t<\/div>\n\n\t\t\n<style>\n#section_886788863 {\n  padding-top: 0px;\n  padding-bottom: 0px;\n  background-color: rgba(231, 231, 231, 0.37);\n}\n<\/style>\n\t<\/section>\n\t\n","protected":false},"excerpt":{"rendered":"","protected":false},"author":1,"featured_media":1961,"parent":0,"menu_order":0,"comment_status":"closed","ping_status":"closed","template":"page-transparent-header.php","meta":{"footnotes":""},"class_list":["post-1956","page","type-page","status-publish","has-post-thumbnail","hentry"],"yoast_head":"<!-- This site is optimized with the Yoast SEO plugin v27.2 - https:\/\/yoast.com\/product\/yoast-seo-wordpress\/ -->\n<title>MB Forklift: Chariots \u00e9l\u00e9vateurs \u00e9lectriques, gerbeurs, transpalettes...<\/title>\n<meta name=\"description\" content=\"MB Forklift, la meilleure s\u00e9lection de produits pour la logistique de votre entrep\u00f4t. N&#039;h\u00e9sitez pas \u00e0 nous coantacter!\" \/>\n<meta name=\"robots\" content=\"index, follow, max-snippet:-1, max-image-preview:large, max-video-preview:-1\" \/>\n<link rel=\"canonical\" href=\"https:\/\/mb-maquinaria.com\/fr\/mb-forklift-chariots-elevateurs-electriques-gerbeurs-transpalettes-machines-industrielles-et-autres\/\" \/>\n<meta property=\"og:locale\" content=\"fr_FR\" \/>\n<meta property=\"og:type\" content=\"article\" \/>\n<meta property=\"og:title\" content=\"MB Forklift: Chariots \u00e9l\u00e9vateurs \u00e9lectriques, gerbeurs, transpalettes...\" \/>\n<meta property=\"og:description\" content=\"MB Forklift, la meilleure s\u00e9lection de produits pour la logistique de votre entrep\u00f4t. N&#039;h\u00e9sitez pas \u00e0 nous coantacter!\" \/>\n<meta property=\"og:url\" content=\"https:\/\/mb-maquinaria.com\/fr\/mb-forklift-chariots-elevateurs-electriques-gerbeurs-transpalettes-machines-industrielles-et-autres\/\" \/>\n<meta property=\"og:site_name\" content=\"MB Maquinaria\" \/>\n<meta property=\"article:modified_time\" content=\"2021-06-02T14:03:17+00:00\" \/>\n<meta property=\"og:image\" content=\"https:\/\/mb-maquinaria.com\/wp-content\/uploads\/2020\/09\/mbforklift-anim_4.gif\" \/>\n\t<meta property=\"og:image:width\" content=\"911\" \/>\n\t<meta property=\"og:image:height\" content=\"800\" \/>\n\t<meta property=\"og:image:type\" content=\"image\/gif\" \/>\n<meta name=\"twitter:card\" content=\"summary_large_image\" \/>\n<meta name=\"twitter:label1\" content=\"Dur\u00e9e de lecture estim\u00e9e\" \/>\n\t<meta name=\"twitter:data1\" content=\"2 minutes\" \/>\n<script type=\"application\/ld+json\" class=\"yoast-schema-graph\">{\"@context\":\"https:\/\/schema.org\",\"@graph\":[{\"@type\":\"WebPage\",\"@id\":\"https:\/\/mb-maquinaria.com\/fr\/mb-forklift-chariots-elevateurs-electriques-gerbeurs-transpalettes-machines-industrielles-et-autres\/\",\"url\":\"https:\/\/mb-maquinaria.com\/fr\/mb-forklift-chariots-elevateurs-electriques-gerbeurs-transpalettes-machines-industrielles-et-autres\/\",\"name\":\"MB Forklift: Chariots \u00e9l\u00e9vateurs \u00e9lectriques, gerbeurs, transpalettes...\",\"isPartOf\":{\"@id\":\"https:\/\/mb-maquinaria.com\/fr\/#website\"},\"primaryImageOfPage\":{\"@id\":\"https:\/\/mb-maquinaria.com\/fr\/mb-forklift-chariots-elevateurs-electriques-gerbeurs-transpalettes-machines-industrielles-et-autres\/#primaryimage\"},\"image\":{\"@id\":\"https:\/\/mb-maquinaria.com\/fr\/mb-forklift-chariots-elevateurs-electriques-gerbeurs-transpalettes-machines-industrielles-et-autres\/#primaryimage\"},\"thumbnailUrl\":\"https:\/\/mb-maquinaria.com\/wp-content\/uploads\/2020\/09\/mbforklift-anim_4.gif\",\"datePublished\":\"2021-05-28T12:23:00+00:00\",\"dateModified\":\"2021-06-02T14:03:17+00:00\",\"description\":\"MB Forklift, la meilleure s\u00e9lection de produits pour la logistique de votre entrep\u00f4t. N'h\u00e9sitez pas \u00e0 nous coantacter!\",\"breadcrumb\":{\"@id\":\"https:\/\/mb-maquinaria.com\/fr\/mb-forklift-chariots-elevateurs-electriques-gerbeurs-transpalettes-machines-industrielles-et-autres\/#breadcrumb\"},\"inLanguage\":\"fr-FR\",\"potentialAction\":[{\"@type\":\"ReadAction\",\"target\":[\"https:\/\/mb-maquinaria.com\/fr\/mb-forklift-chariots-elevateurs-electriques-gerbeurs-transpalettes-machines-industrielles-et-autres\/\"]}]},{\"@type\":\"ImageObject\",\"inLanguage\":\"fr-FR\",\"@id\":\"https:\/\/mb-maquinaria.com\/fr\/mb-forklift-chariots-elevateurs-electriques-gerbeurs-transpalettes-machines-industrielles-et-autres\/#primaryimage\",\"url\":\"https:\/\/mb-maquinaria.com\/wp-content\/uploads\/2020\/09\/mbforklift-anim_4.gif\",\"contentUrl\":\"https:\/\/mb-maquinaria.com\/wp-content\/uploads\/2020\/09\/mbforklift-anim_4.gif\",\"width\":911,\"height\":800},{\"@type\":\"BreadcrumbList\",\"@id\":\"https:\/\/mb-maquinaria.com\/fr\/mb-forklift-chariots-elevateurs-electriques-gerbeurs-transpalettes-machines-industrielles-et-autres\/#breadcrumb\",\"itemListElement\":[{\"@type\":\"ListItem\",\"position\":1,\"name\":\"Portada\",\"item\":\"https:\/\/mb-maquinaria.com\/fr\/boceto-home\/\"},{\"@type\":\"ListItem\",\"position\":2,\"name\":\"MB Forklift : Chariots \u00e9l\u00e9vateurs \u00e9lectriques, gerbeurs, transpalettes, machines industrielles et autres.\"}]},{\"@type\":\"WebSite\",\"@id\":\"https:\/\/mb-maquinaria.com\/fr\/#website\",\"url\":\"https:\/\/mb-maquinaria.com\/fr\/\",\"name\":\"MB\",\"description\":\"Central de Compras y Servicios Europea especializada en maquinaria para el manejo de materiales.\",\"alternateName\":\"MB-Maquinaria\",\"potentialAction\":[{\"@type\":\"SearchAction\",\"target\":{\"@type\":\"EntryPoint\",\"urlTemplate\":\"https:\/\/mb-maquinaria.com\/fr\/?s={search_term_string}\"},\"query-input\":{\"@type\":\"PropertyValueSpecification\",\"valueRequired\":true,\"valueName\":\"search_term_string\"}}],\"inLanguage\":\"fr-FR\"}]}<\/script>\n<!-- \/ Yoast SEO plugin. -->","yoast_head_json":{"title":"MB Forklift: Chariots \u00e9l\u00e9vateurs \u00e9lectriques, gerbeurs, transpalettes...","description":"MB Forklift, la meilleure s\u00e9lection de produits pour la logistique de votre entrep\u00f4t. N'h\u00e9sitez pas \u00e0 nous coantacter!","robots":{"index":"index","follow":"follow","max-snippet":"max-snippet:-1","max-image-preview":"max-image-preview:large","max-video-preview":"max-video-preview:-1"},"canonical":"https:\/\/mb-maquinaria.com\/fr\/mb-forklift-chariots-elevateurs-electriques-gerbeurs-transpalettes-machines-industrielles-et-autres\/","og_locale":"fr_FR","og_type":"article","og_title":"MB Forklift: Chariots \u00e9l\u00e9vateurs \u00e9lectriques, gerbeurs, transpalettes...","og_description":"MB Forklift, la meilleure s\u00e9lection de produits pour la logistique de votre entrep\u00f4t. N'h\u00e9sitez pas \u00e0 nous coantacter!","og_url":"https:\/\/mb-maquinaria.com\/fr\/mb-forklift-chariots-elevateurs-electriques-gerbeurs-transpalettes-machines-industrielles-et-autres\/","og_site_name":"MB Maquinaria","article_modified_time":"2021-06-02T14:03:17+00:00","og_image":[{"width":911,"height":800,"url":"https:\/\/mb-maquinaria.com\/wp-content\/uploads\/2020\/09\/mbforklift-anim_4.gif","type":"image\/gif"}],"twitter_card":"summary_large_image","twitter_misc":{"Dur\u00e9e de lecture estim\u00e9e":"2 minutes"},"schema":{"@context":"https:\/\/schema.org","@graph":[{"@type":"WebPage","@id":"https:\/\/mb-maquinaria.com\/fr\/mb-forklift-chariots-elevateurs-electriques-gerbeurs-transpalettes-machines-industrielles-et-autres\/","url":"https:\/\/mb-maquinaria.com\/fr\/mb-forklift-chariots-elevateurs-electriques-gerbeurs-transpalettes-machines-industrielles-et-autres\/","name":"MB Forklift: Chariots \u00e9l\u00e9vateurs \u00e9lectriques, gerbeurs, transpalettes...","isPartOf":{"@id":"https:\/\/mb-maquinaria.com\/fr\/#website"},"primaryImageOfPage":{"@id":"https:\/\/mb-maquinaria.com\/fr\/mb-forklift-chariots-elevateurs-electriques-gerbeurs-transpalettes-machines-industrielles-et-autres\/#primaryimage"},"image":{"@id":"https:\/\/mb-maquinaria.com\/fr\/mb-forklift-chariots-elevateurs-electriques-gerbeurs-transpalettes-machines-industrielles-et-autres\/#primaryimage"},"thumbnailUrl":"https:\/\/mb-maquinaria.com\/wp-content\/uploads\/2020\/09\/mbforklift-anim_4.gif","datePublished":"2021-05-28T12:23:00+00:00","dateModified":"2021-06-02T14:03:17+00:00","description":"MB Forklift, la meilleure s\u00e9lection de produits pour la logistique de votre entrep\u00f4t. N'h\u00e9sitez pas \u00e0 nous coantacter!","breadcrumb":{"@id":"https:\/\/mb-maquinaria.com\/fr\/mb-forklift-chariots-elevateurs-electriques-gerbeurs-transpalettes-machines-industrielles-et-autres\/#breadcrumb"},"inLanguage":"fr-FR","potentialAction":[{"@type":"ReadAction","target":["https:\/\/mb-maquinaria.com\/fr\/mb-forklift-chariots-elevateurs-electriques-gerbeurs-transpalettes-machines-industrielles-et-autres\/"]}]},{"@type":"ImageObject","inLanguage":"fr-FR","@id":"https:\/\/mb-maquinaria.com\/fr\/mb-forklift-chariots-elevateurs-electriques-gerbeurs-transpalettes-machines-industrielles-et-autres\/#primaryimage","url":"https:\/\/mb-maquinaria.com\/wp-content\/uploads\/2020\/09\/mbforklift-anim_4.gif","contentUrl":"https:\/\/mb-maquinaria.com\/wp-content\/uploads\/2020\/09\/mbforklift-anim_4.gif","width":911,"height":800},{"@type":"BreadcrumbList","@id":"https:\/\/mb-maquinaria.com\/fr\/mb-forklift-chariots-elevateurs-electriques-gerbeurs-transpalettes-machines-industrielles-et-autres\/#breadcrumb","itemListElement":[{"@type":"ListItem","position":1,"name":"Portada","item":"https:\/\/mb-maquinaria.com\/fr\/boceto-home\/"},{"@type":"ListItem","position":2,"name":"MB Forklift : Chariots \u00e9l\u00e9vateurs \u00e9lectriques, gerbeurs, transpalettes, machines industrielles et autres."}]},{"@type":"WebSite","@id":"https:\/\/mb-maquinaria.com\/fr\/#website","url":"https:\/\/mb-maquinaria.com\/fr\/","name":"MB","description":"Central de Compras y Servicios Europea especializada en maquinaria para el manejo de materiales.","alternateName":"MB-Maquinaria","potentialAction":[{"@type":"SearchAction","target":{"@type":"EntryPoint","urlTemplate":"https:\/\/mb-maquinaria.com\/fr\/?s={search_term_string}"},"query-input":{"@type":"PropertyValueSpecification","valueRequired":true,"valueName":"search_term_string"}}],"inLanguage":"fr-FR"}]}},"_links":{"self":[{"href":"https:\/\/mb-maquinaria.com\/fr\/wp-json\/wp\/v2\/pages\/1956","targetHints":{"allow":["GET"]}}],"collection":[{"href":"https:\/\/mb-maquinaria.com\/fr\/wp-json\/wp\/v2\/pages"}],"about":[{"href":"https:\/\/mb-maquinaria.com\/fr\/wp-json\/wp\/v2\/types\/page"}],"author":[{"embeddable":true,"href":"https:\/\/mb-maquinaria.com\/fr\/wp-json\/wp\/v2\/users\/1"}],"replies":[{"embeddable":true,"href":"https:\/\/mb-maquinaria.com\/fr\/wp-json\/wp\/v2\/comments?post=1956"}],"version-history":[{"count":12,"href":"https:\/\/mb-maquinaria.com\/fr\/wp-json\/wp\/v2\/pages\/1956\/revisions"}],"predecessor-version":[{"id":2107,"href":"https:\/\/mb-maquinaria.com\/fr\/wp-json\/wp\/v2\/pages\/1956\/revisions\/2107"}],"wp:featuredmedia":[{"embeddable":true,"href":"https:\/\/mb-maquinaria.com\/fr\/wp-json\/wp\/v2\/media\/1961"}],"wp:attachment":[{"href":"https:\/\/mb-maquinaria.com\/fr\/wp-json\/wp\/v2\/media?parent=1956"}],"curies":[{"name":"wp","href":"https:\/\/api.w.org\/{rel}","templated":true}]}}