{"id":2021,"date":"2021-05-31T09:33:10","date_gmt":"2021-05-31T08:33:10","guid":{"rendered":"https:\/\/mb-maquinaria.com\/produits\/"},"modified":"2021-06-01T16:45:57","modified_gmt":"2021-06-01T15:45:57","slug":"produits","status":"publish","type":"page","link":"https:\/\/mb-maquinaria.com\/fr\/produits\/","title":{"rendered":"PRODUITS"},"content":{"rendered":"\n\n\t<section class=\"section\" id=\"section_2014843072\">\n\t\t<div class=\"section-bg fill\" >\n\t\t\t<img loading=\"lazy\" decoding=\"async\" width=\"1900\" height=\"700\" src=\"https:\/\/mb-maquinaria.com\/wp-content\/uploads\/2020\/09\/mb-forklift-banner-transpaletas.jpg\" class=\"bg attachment- size-\" alt=\"\" \/>\t\t\t\t\t\t\n\t\t\t\n\n\t\t<\/div>\n\n\t\t\n\n\t\t<div class=\"section-content relative\">\n\t\t\t\n\n  <div class=\"banner has-hover bg-zoom-fade is-full-height\" id=\"banner-1978133477\">\n          <div class=\"banner-inner fill\">\n        <div class=\"banner-bg fill\" >\n            <img loading=\"lazy\" decoding=\"async\" width=\"1900\" height=\"700\" src=\"https:\/\/mb-maquinaria.com\/wp-content\/uploads\/2020\/10\/mb-forklift-banner-5.jpg\" class=\"bg attachment-original size-original\" alt=\"\" \/>                                    \n                    <\/div>\n\t\t\n        <div class=\"banner-layers container\">\n            <a class=\"fill\" href=\"#\"><div class=\"fill banner-link\"><\/div><\/a>            \n   <div id=\"text-box-1339232611\" class=\"text-box banner-layer x10 md-x10 lg-x100 y30 md-y30 lg-y30 res-text\">\n                                <div class=\"text-box-content text dark\">\n              \n              <div class=\"text-inner text-right\">\n                  \n<h5 class=\"uppercase\" style=\"text-align: right;\"><span style=\"font-size: 300%;\"><strong>TRANSPALETTES<\/strong><\/span><\/h5>\n<p style=\"text-align: right;\"><span style=\"font-size: 140%;\">Tous les transpalettes font leur travail, mais <strong>seuls quelques-<\/strong><strong>uns le font parfaitement<\/strong> &#8211; MB Forklift.<\/span><\/p>\n<a href=\"https:\/\/mb-maquinaria.com\/transpalettes\/?lang=fr\" class=\"button secondary is-large box-shadow-3 box-shadow-3-hover reveal-icon\" style=\"border-radius:8px;padding:2px 30px 2 30px;\">\n\t\t<span>VOIR GAMME<\/span>\n\t<i class=\"icon-angle-right\" aria-hidden=\"true\"><\/i><\/a>\n\n              <\/div>\n           <\/div>\n                            \n<style>\n#text-box-1339232611 {\n  width: 86%;\n}\n#text-box-1339232611 .text-box-content {\n  font-size: 98%;\n}\n@media (min-width:550px) {\n  #text-box-1339232611 {\n    width: 86%;\n  }\n  #text-box-1339232611 .text-box-content {\n    font-size: 142%;\n  }\n}\n@media (min-width:850px) {\n  #text-box-1339232611 {\n    width: 75%;\n  }\n  #text-box-1339232611 .text-box-content {\n    font-size: 105%;\n  }\n}\n<\/style>\n    <\/div>\n \n        <\/div>\n      <\/div>\n\n            \n<style>\n#banner-1978133477 {\n  padding-top: 100%;\n}\n#banner-1978133477 .overlay {\n  background-color: rgba(0,0,0,.5);\n}\n#banner-1978133477 .banner-bg img {\n  object-position: 9% 64%;\n}\n<\/style>\n  <\/div>\n\n\n\t\t<\/div>\n\n\t\t\n<style>\n#section_2014843072 {\n  padding-top: 0px;\n  padding-bottom: 0px;\n  min-height: 0px;\n}\n<\/style>\n\t<\/section>\n\t\n\n\t<section class=\"section\" id=\"section_1808594884\">\n\t\t<div class=\"section-bg fill\" >\n\t\t\t\t\t\t\t\t\t\n\t\t\t\n\n\t\t<\/div>\n\n\t\t\n\n\t\t<div class=\"section-content relative\">\n\t\t\t\n\n  <div class=\"banner has-hover bg-zoom-fade is-full-height\" id=\"banner-1808671487\">\n          <div class=\"banner-inner fill\">\n        <div class=\"banner-bg fill\" >\n            <img loading=\"lazy\" decoding=\"async\" width=\"1900\" height=\"700\" src=\"https:\/\/mb-maquinaria.com\/wp-content\/uploads\/2020\/10\/mb-forklift-banner-3.jpg\" class=\"bg attachment-original size-original\" alt=\"\" \/>                                    \n                    <\/div>\n\t\t\n        <div class=\"banner-layers container\">\n            <div class=\"fill banner-link\"><\/div>            \n   <div id=\"text-box-367129410\" class=\"text-box banner-layer x10 md-x5 lg-x0 y50 md-y50 lg-y50 res-text\">\n                                <div class=\"text-box-content text dark\">\n              \n              <div class=\"text-inner text-left\">\n                  \n<h5 class=\"uppercase\" style=\"text-align: left;\"><span style=\"font-size: 300%;\"><strong>Gerbeurs<\/strong><\/span><\/h5>\n<p style=\"text-align: left;\"><span style=\"font-size: 140%;\">Vous envisagez d&rsquo;<strong>acheter un gerbeur<\/strong> pour am\u00e9liorer la logistique de votre entrep\u00f4t ? N&rsquo;h\u00e9sitez plus et achetez un <strong>gerbeur MB Forklift<\/strong><\/span><\/p>\n<a href=\"https:\/\/mb-maquinaria.com\/gerbeurs\/?lang=fr\" class=\"button secondary is-large box-shadow-3 box-shadow-3-hover reveal-icon\" style=\"border-radius:8px;padding:2px 30px 2 30px;\">\n\t\t<span>PLUS D'INFO<\/span>\n\t<i class=\"icon-angle-right\" aria-hidden=\"true\"><\/i><\/a>\n\n              <\/div>\n           <\/div>\n                            \n<style>\n#text-box-367129410 {\n  width: 68%;\n}\n#text-box-367129410 .text-box-content {\n  font-size: 106%;\n}\n@media (min-width:550px) {\n  #text-box-367129410 .text-box-content {\n    font-size: 100%;\n  }\n}\n<\/style>\n    <\/div>\n \n        <\/div>\n      <\/div>\n\n            \n<style>\n#banner-1808671487 {\n  padding-top: 100%;\n}\n#banner-1808671487 .overlay {\n  background-color: rgba(0,0,0,.5);\n}\n#banner-1808671487 .banner-bg img {\n  object-position: 68% 84%;\n}\n<\/style>\n  <\/div>\n\n\n\t\t<\/div>\n\n\t\t\n<style>\n#section_1808594884 {\n  padding-top: 0px;\n  padding-bottom: 0px;\n  min-height: 0px;\n}\n<\/style>\n\t<\/section>\n\t\n\n\t<section class=\"section\" id=\"section_455647602\">\n\t\t<div class=\"section-bg fill\" >\n\t\t\t<img loading=\"lazy\" decoding=\"async\" width=\"1900\" height=\"700\" src=\"https:\/\/mb-maquinaria.com\/wp-content\/uploads\/2020\/09\/mb-forklift-banner-transpaletas.jpg\" class=\"bg attachment- size-\" alt=\"\" \/>\t\t\t\t\t\t\n\t\t\t\n\n\t\t<\/div>\n\n\t\t\n\n\t\t<div class=\"section-content relative\">\n\t\t\t\n\n  <div class=\"banner has-hover bg-zoom-fade is-full-height\" id=\"banner-1816794554\">\n          <div class=\"banner-inner fill\">\n        <div class=\"banner-bg fill\" >\n            <img loading=\"lazy\" decoding=\"async\" width=\"1900\" height=\"700\" src=\"https:\/\/mb-maquinaria.com\/wp-content\/uploads\/2020\/10\/mb-forklift-banner-4.jpg\" class=\"bg attachment-original size-original\" alt=\"\" \/>                                    \n                    <\/div>\n\t\t\n        <div class=\"banner-layers container\">\n            <div class=\"fill banner-link\"><\/div>            \n   <div id=\"text-box-1820042435\" class=\"text-box banner-layer x50 md-x50 lg-x100 y50 md-y50 lg-y50 res-text\">\n                                <div class=\"text-box-content text dark\">\n              \n              <div class=\"text-inner text-right\">\n                  \n<h5 class=\"uppercase\" style=\"text-align: right;\"><span style=\"font-size: 250%;\"><strong>pr\u00e9parateur de commandes<\/strong><\/span><\/h5>\n<p style=\"text-align: right;\"><span style=\"font-size: 140%;\">Avec un <strong>syst\u00e8me de d\u00e9placement<\/strong> et de levage plus rapide pour <strong>r\u00e9duire<\/strong> <strong>le temps de<\/strong> pr\u00e9paration des <strong>commandes.<\/strong><\/span><\/p>\n<a href=\"https:\/\/mb-maquinaria.com\/preparateur-de-commandes\/?lang=fr\" class=\"button secondary is-large box-shadow-3 box-shadow-3-hover reveal-icon\" style=\"border-radius:8px;padding:2px 30px 2 30px;\">\n\t\t<span>PLUS D'INFOS<\/span>\n\t<i class=\"icon-angle-right\" aria-hidden=\"true\"><\/i><\/a>\n\n              <\/div>\n           <\/div>\n                            \n<style>\n#text-box-1820042435 {\n  width: 82%;\n}\n#text-box-1820042435 .text-box-content {\n  font-size: 109%;\n}\n@media (min-width:550px) {\n  #text-box-1820042435 .text-box-content {\n    font-size: 100%;\n  }\n}\n@media (min-width:850px) {\n  #text-box-1820042435 {\n    width: 62%;\n  }\n}\n<\/style>\n    <\/div>\n \n        <\/div>\n      <\/div>\n\n            \n<style>\n#banner-1816794554 {\n  padding-top: 100%;\n}\n#banner-1816794554 .overlay {\n  background-color: rgba(0,0,0,.5);\n}\n#banner-1816794554 .banner-bg img {\n  object-position: 5% 63%;\n}\n<\/style>\n  <\/div>\n\n\n\t\t<\/div>\n\n\t\t\n<style>\n#section_455647602 {\n  padding-top: 0px;\n  padding-bottom: 0px;\n  min-height: 0px;\n}\n<\/style>\n\t<\/section>\n\t\n\n\t<section class=\"section\" id=\"section_3281575\">\n\t\t<div class=\"section-bg fill\" >\n\t\t\t\t\t\t\t\t\t\n\t\t\t\n\n\t\t<\/div>\n\n\t\t\n\n\t\t<div class=\"section-content relative\">\n\t\t\t\n\n  <div class=\"banner has-hover bg-zoom-fade is-full-height\" id=\"banner-1137371432\">\n          <div class=\"banner-inner fill\">\n        <div class=\"banner-bg fill\" >\n            <img loading=\"lazy\" decoding=\"async\" width=\"1900\" height=\"700\" src=\"https:\/\/mb-maquinaria.com\/wp-content\/uploads\/2020\/10\/mb-forklift-banner-2.jpg\" class=\"bg attachment-original size-original\" alt=\"\" \/>                                    \n                    <\/div>\n\t\t\n        <div class=\"banner-layers container\">\n            <a class=\"fill\" href=\"https:\/\/mb-maquinaria.com\/chariots-elevateurs\/?lang=fr\"><div class=\"fill banner-link\"><\/div><\/a>            \n   <div id=\"text-box-229969539\" class=\"text-box banner-layer x10 md-x10 lg-x0 y65 md-y65 lg-y75 res-text\">\n                                <div class=\"text-box-content text dark\">\n              \n              <div class=\"text-inner text-left\">\n                  \n<h3 class=\"uppercase\" style=\"text-align: left;\"><span style=\"font-size: 150%;\"><strong>chariots \u00e9l\u00e9vateurs<\/strong><\/span><\/h3>\n<p style=\"text-align: left;\"><span style=\"font-size: 140%;\">La <strong>solution id\u00e9ale<\/strong> pour la manutention et le transport de charges importantes dans votre entrep\u00f4t.<\/span><\/p>\n<a href=\"https:\/\/mb-maquinaria.com\/chariots-elevateurs\/?lang=fr\" class=\"button secondary is-large box-shadow-3 box-shadow-3-hover reveal-icon\" style=\"border-radius:8px;padding:2px 30px 2 30px;\">\n\t\t<span>PLUS D'INFO<\/span>\n\t<i class=\"icon-angle-right\" aria-hidden=\"true\"><\/i><\/a>\n\n              <\/div>\n           <\/div>\n                            \n<style>\n#text-box-229969539 {\n  width: 68%;\n}\n#text-box-229969539 .text-box-content {\n  font-size: 99%;\n}\n@media (min-width:550px) {\n  #text-box-229969539 .text-box-content {\n    font-size: 100%;\n  }\n}\n<\/style>\n    <\/div>\n \n        <\/div>\n      <\/div>\n\n            \n<style>\n#banner-1137371432 {\n  padding-top: 100%;\n}\n#banner-1137371432 .overlay {\n  background-color: rgba(0,0,0,.5);\n}\n#banner-1137371432 .banner-bg img {\n  object-position: 86% 53%;\n}\n<\/style>\n  <\/div>\n\n\n\t\t<\/div>\n\n\t\t\n<style>\n#section_3281575 {\n  padding-top: 0px;\n  padding-bottom: 0px;\n  min-height: 0px;\n}\n<\/style>\n\t<\/section>\n\t\n\n\t<section class=\"section\" id=\"section_1459789082\">\n\t\t<div class=\"section-bg fill\" >\n\t\t\t<img loading=\"lazy\" decoding=\"async\" width=\"1900\" height=\"700\" src=\"https:\/\/mb-maquinaria.com\/wp-content\/uploads\/2020\/09\/mb-forklift-banner-transpaletas.jpg\" class=\"bg attachment- size-\" alt=\"\" \/>\t\t\t\t\t\t\n\t\t\t\n\n\t\t<\/div>\n\n\t\t\n\n\t\t<div class=\"section-content relative\">\n\t\t\t\n\n  <div class=\"banner has-hover bg-zoom-fade is-full-height\" id=\"banner-395912358\">\n          <div class=\"banner-inner fill\">\n        <div class=\"banner-bg fill\" >\n            <img loading=\"lazy\" decoding=\"async\" width=\"1900\" height=\"700\" src=\"https:\/\/mb-maquinaria.com\/wp-content\/uploads\/2020\/10\/mb-forklift-banner-1.jpg\" class=\"bg attachment-original size-original\" alt=\"\" \/>                                    \n                    <\/div>\n\t\t\n        <div class=\"banner-layers container\">\n            <div class=\"fill banner-link\"><\/div>            \n   <div id=\"text-box-370022120\" class=\"text-box banner-layer x90 md-x90 lg-x100 y30 md-y30 lg-y30 res-text\">\n                                <div class=\"text-box-content text dark\">\n              \n              <div class=\"text-inner text-right\">\n                  \n<h4 class=\"uppercase\" style=\"text-align: right;\"><span style=\"font-size: 250%;\"><strong>R\u00e9tractables<\/strong><\/span><\/h4>\n<p style=\"text-align: right;\"><span style=\"font-size: 140%;\">L&rsquo;une des <strong>machines les plus utilis\u00e9es<\/strong> pour travailler dans les entrep\u00f4ts.<\/span><\/p>\n<a href=\"https:\/\/mb-maquinaria.com\/retractriles\/\" class=\"button secondary is-large box-shadow-3 box-shadow-3-hover reveal-icon\" style=\"border-radius:8px;padding:2px 30px 2 30px;\">\n\t\t<span>PLUS D'INFOS<\/span>\n\t<i class=\"icon-angle-right\" aria-hidden=\"true\"><\/i><\/a>\n\n              <\/div>\n           <\/div>\n                            \n<style>\n#text-box-370022120 {\n  width: 72%;\n}\n#text-box-370022120 .text-box-content {\n  font-size: 95%;\n}\n@media (min-width:550px) {\n  #text-box-370022120 {\n    width: 49%;\n  }\n  #text-box-370022120 .text-box-content {\n    font-size: 100%;\n  }\n}\n<\/style>\n    <\/div>\n \n        <\/div>\n      <\/div>\n\n            \n<style>\n#banner-395912358 {\n  padding-top: 100%;\n}\n#banner-395912358 .overlay {\n  background-color: rgba(0,0,0,.5);\n}\n#banner-395912358 .banner-bg img {\n  object-position: 5% 74%;\n}\n<\/style>\n  <\/div>\n\n\n\t\t<\/div>\n\n\t\t\n<style>\n#section_1459789082 {\n  padding-top: 0px;\n  padding-bottom: 0px;\n  min-height: 0px;\n}\n<\/style>\n\t<\/section>\n\t\n\n  <div class=\"banner has-hover hide-for-medium has-parallax\" id=\"banner-381210192\">\n          <div class=\"banner-inner fill\">\n        <div class=\"banner-bg fill\" data-parallax=\"-7\" data-parallax-container=\".banner\" data-parallax-background>\n            <img loading=\"lazy\" decoding=\"async\" width=\"1900\" height=\"700\" src=\"https:\/\/mb-maquinaria.com\/wp-content\/uploads\/2020\/09\/mb-forklift-banner-transpaletas.jpg\" class=\"bg attachment-original size-original\" alt=\"\" \/>                        <div class=\"overlay\"><\/div>            \n                    <\/div>\n\t\t\n        <div class=\"banner-layers container\">\n            <div class=\"fill banner-link\"><\/div>            \n        <\/div>\n      <\/div>\n\n            \n<style>\n#banner-381210192 {\n  padding-top: 152px;\n}\n#banner-381210192 .overlay {\n  background-color: rgba(0,0,0,.5);\n}\n#banner-381210192 .banner-bg img {\n  object-position: 15% 63%;\n}\n<\/style>\n  <\/div>\n\n\n","protected":false},"excerpt":{"rendered":"","protected":false},"author":1,"featured_media":2024,"parent":0,"menu_order":0,"comment_status":"closed","ping_status":"closed","template":"page-blank.php","meta":{"footnotes":""},"class_list":["post-2021","page","type-page","status-publish","has-post-thumbnail","hentry"],"yoast_head":"<!-- This site is optimized with the Yoast SEO plugin v27.2 - https:\/\/yoast.com\/product\/yoast-seo-wordpress\/ -->\n<title>Gamme MB Forklift | Manipuler et transporter facilement des charges dans votre entrep\u00f4t.<\/title>\n<meta name=\"description\" content=\"Nous vous proposons une s\u00e9lection des meilleurs transpalettes, gerbeurs, pr\u00e9parateurs de commandes et chariots \u00e9l\u00e9vateurs.\" \/>\n<meta name=\"robots\" content=\"index, follow, max-snippet:-1, max-image-preview:large, max-video-preview:-1\" \/>\n<link rel=\"canonical\" href=\"https:\/\/mb-maquinaria.com\/fr\/produits\/\" \/>\n<meta property=\"og:locale\" content=\"fr_FR\" \/>\n<meta property=\"og:type\" content=\"article\" \/>\n<meta property=\"og:title\" content=\"Gamme MB Forklift | Manipuler et transporter facilement des charges dans votre entrep\u00f4t.\" \/>\n<meta property=\"og:description\" content=\"Nous vous proposons une s\u00e9lection des meilleurs transpalettes, gerbeurs, pr\u00e9parateurs de commandes et chariots \u00e9l\u00e9vateurs.\" \/>\n<meta property=\"og:url\" content=\"https:\/\/mb-maquinaria.com\/fr\/produits\/\" \/>\n<meta property=\"og:site_name\" content=\"MB Maquinaria\" \/>\n<meta property=\"article:modified_time\" content=\"2021-06-01T15:45:57+00:00\" \/>\n<meta property=\"og:image\" content=\"https:\/\/mb-maquinaria.com\/wp-content\/uploads\/2020\/09\/epl185_carac-01.png\" \/>\n\t<meta property=\"og:image:width\" content=\"2681\" \/>\n\t<meta property=\"og:image:height\" content=\"2782\" \/>\n\t<meta property=\"og:image:type\" content=\"image\/png\" \/>\n<meta name=\"twitter:card\" content=\"summary_large_image\" \/>\n<meta name=\"twitter:label1\" content=\"Dur\u00e9e de lecture estim\u00e9e\" \/>\n\t<meta name=\"twitter:data1\" content=\"3 minutes\" \/>\n<script type=\"application\/ld+json\" class=\"yoast-schema-graph\">{\"@context\":\"https:\/\/schema.org\",\"@graph\":[{\"@type\":\"WebPage\",\"@id\":\"https:\/\/mb-maquinaria.com\/fr\/produits\/\",\"url\":\"https:\/\/mb-maquinaria.com\/fr\/produits\/\",\"name\":\"Gamme MB Forklift | Manipuler et transporter facilement des charges dans votre entrep\u00f4t.\",\"isPartOf\":{\"@id\":\"https:\/\/mb-maquinaria.com\/fr\/#website\"},\"primaryImageOfPage\":{\"@id\":\"https:\/\/mb-maquinaria.com\/fr\/produits\/#primaryimage\"},\"image\":{\"@id\":\"https:\/\/mb-maquinaria.com\/fr\/produits\/#primaryimage\"},\"thumbnailUrl\":\"https:\/\/mb-maquinaria.com\/wp-content\/uploads\/2020\/09\/epl185_carac-01.png\",\"datePublished\":\"2021-05-31T08:33:10+00:00\",\"dateModified\":\"2021-06-01T15:45:57+00:00\",\"description\":\"Nous vous proposons une s\u00e9lection des meilleurs transpalettes, gerbeurs, pr\u00e9parateurs de commandes et chariots \u00e9l\u00e9vateurs.\",\"breadcrumb\":{\"@id\":\"https:\/\/mb-maquinaria.com\/fr\/produits\/#breadcrumb\"},\"inLanguage\":\"fr-FR\",\"potentialAction\":[{\"@type\":\"ReadAction\",\"target\":[\"https:\/\/mb-maquinaria.com\/fr\/produits\/\"]}]},{\"@type\":\"ImageObject\",\"inLanguage\":\"fr-FR\",\"@id\":\"https:\/\/mb-maquinaria.com\/fr\/produits\/#primaryimage\",\"url\":\"https:\/\/mb-maquinaria.com\/wp-content\/uploads\/2020\/09\/epl185_carac-01.png\",\"contentUrl\":\"https:\/\/mb-maquinaria.com\/wp-content\/uploads\/2020\/09\/epl185_carac-01.png\",\"width\":2681,\"height\":2782},{\"@type\":\"BreadcrumbList\",\"@id\":\"https:\/\/mb-maquinaria.com\/fr\/produits\/#breadcrumb\",\"itemListElement\":[{\"@type\":\"ListItem\",\"position\":1,\"name\":\"Portada\",\"item\":\"https:\/\/mb-maquinaria.com\/fr\/boceto-home\/\"},{\"@type\":\"ListItem\",\"position\":2,\"name\":\"PRODUITS\"}]},{\"@type\":\"WebSite\",\"@id\":\"https:\/\/mb-maquinaria.com\/fr\/#website\",\"url\":\"https:\/\/mb-maquinaria.com\/fr\/\",\"name\":\"MB\",\"description\":\"Central de Compras y Servicios Europea especializada en maquinaria para el manejo de materiales.\",\"alternateName\":\"MB-Maquinaria\",\"potentialAction\":[{\"@type\":\"SearchAction\",\"target\":{\"@type\":\"EntryPoint\",\"urlTemplate\":\"https:\/\/mb-maquinaria.com\/fr\/?s={search_term_string}\"},\"query-input\":{\"@type\":\"PropertyValueSpecification\",\"valueRequired\":true,\"valueName\":\"search_term_string\"}}],\"inLanguage\":\"fr-FR\"}]}<\/script>\n<!-- \/ Yoast SEO plugin. -->","yoast_head_json":{"title":"Gamme MB Forklift | Manipuler et transporter facilement des charges dans votre entrep\u00f4t.","description":"Nous vous proposons une s\u00e9lection des meilleurs transpalettes, gerbeurs, pr\u00e9parateurs de commandes et chariots \u00e9l\u00e9vateurs.","robots":{"index":"index","follow":"follow","max-snippet":"max-snippet:-1","max-image-preview":"max-image-preview:large","max-video-preview":"max-video-preview:-1"},"canonical":"https:\/\/mb-maquinaria.com\/fr\/produits\/","og_locale":"fr_FR","og_type":"article","og_title":"Gamme MB Forklift | Manipuler et transporter facilement des charges dans votre entrep\u00f4t.","og_description":"Nous vous proposons une s\u00e9lection des meilleurs transpalettes, gerbeurs, pr\u00e9parateurs de commandes et chariots \u00e9l\u00e9vateurs.","og_url":"https:\/\/mb-maquinaria.com\/fr\/produits\/","og_site_name":"MB Maquinaria","article_modified_time":"2021-06-01T15:45:57+00:00","og_image":[{"width":2681,"height":2782,"url":"https:\/\/mb-maquinaria.com\/wp-content\/uploads\/2020\/09\/epl185_carac-01.png","type":"image\/png"}],"twitter_card":"summary_large_image","twitter_misc":{"Dur\u00e9e de lecture estim\u00e9e":"3 minutes"},"schema":{"@context":"https:\/\/schema.org","@graph":[{"@type":"WebPage","@id":"https:\/\/mb-maquinaria.com\/fr\/produits\/","url":"https:\/\/mb-maquinaria.com\/fr\/produits\/","name":"Gamme MB Forklift | Manipuler et transporter facilement des charges dans votre entrep\u00f4t.","isPartOf":{"@id":"https:\/\/mb-maquinaria.com\/fr\/#website"},"primaryImageOfPage":{"@id":"https:\/\/mb-maquinaria.com\/fr\/produits\/#primaryimage"},"image":{"@id":"https:\/\/mb-maquinaria.com\/fr\/produits\/#primaryimage"},"thumbnailUrl":"https:\/\/mb-maquinaria.com\/wp-content\/uploads\/2020\/09\/epl185_carac-01.png","datePublished":"2021-05-31T08:33:10+00:00","dateModified":"2021-06-01T15:45:57+00:00","description":"Nous vous proposons une s\u00e9lection des meilleurs transpalettes, gerbeurs, pr\u00e9parateurs de commandes et chariots \u00e9l\u00e9vateurs.","breadcrumb":{"@id":"https:\/\/mb-maquinaria.com\/fr\/produits\/#breadcrumb"},"inLanguage":"fr-FR","potentialAction":[{"@type":"ReadAction","target":["https:\/\/mb-maquinaria.com\/fr\/produits\/"]}]},{"@type":"ImageObject","inLanguage":"fr-FR","@id":"https:\/\/mb-maquinaria.com\/fr\/produits\/#primaryimage","url":"https:\/\/mb-maquinaria.com\/wp-content\/uploads\/2020\/09\/epl185_carac-01.png","contentUrl":"https:\/\/mb-maquinaria.com\/wp-content\/uploads\/2020\/09\/epl185_carac-01.png","width":2681,"height":2782},{"@type":"BreadcrumbList","@id":"https:\/\/mb-maquinaria.com\/fr\/produits\/#breadcrumb","itemListElement":[{"@type":"ListItem","position":1,"name":"Portada","item":"https:\/\/mb-maquinaria.com\/fr\/boceto-home\/"},{"@type":"ListItem","position":2,"name":"PRODUITS"}]},{"@type":"WebSite","@id":"https:\/\/mb-maquinaria.com\/fr\/#website","url":"https:\/\/mb-maquinaria.com\/fr\/","name":"MB","description":"Central de Compras y Servicios Europea especializada en maquinaria para el manejo de materiales.","alternateName":"MB-Maquinaria","potentialAction":[{"@type":"SearchAction","target":{"@type":"EntryPoint","urlTemplate":"https:\/\/mb-maquinaria.com\/fr\/?s={search_term_string}"},"query-input":{"@type":"PropertyValueSpecification","valueRequired":true,"valueName":"search_term_string"}}],"inLanguage":"fr-FR"}]}},"_links":{"self":[{"href":"https:\/\/mb-maquinaria.com\/fr\/wp-json\/wp\/v2\/pages\/2021","targetHints":{"allow":["GET"]}}],"collection":[{"href":"https:\/\/mb-maquinaria.com\/fr\/wp-json\/wp\/v2\/pages"}],"about":[{"href":"https:\/\/mb-maquinaria.com\/fr\/wp-json\/wp\/v2\/types\/page"}],"author":[{"embeddable":true,"href":"https:\/\/mb-maquinaria.com\/fr\/wp-json\/wp\/v2\/users\/1"}],"replies":[{"embeddable":true,"href":"https:\/\/mb-maquinaria.com\/fr\/wp-json\/wp\/v2\/comments?post=2021"}],"version-history":[{"count":15,"href":"https:\/\/mb-maquinaria.com\/fr\/wp-json\/wp\/v2\/pages\/2021\/revisions"}],"predecessor-version":[{"id":2099,"href":"https:\/\/mb-maquinaria.com\/fr\/wp-json\/wp\/v2\/pages\/2021\/revisions\/2099"}],"wp:featuredmedia":[{"embeddable":true,"href":"https:\/\/mb-maquinaria.com\/fr\/wp-json\/wp\/v2\/media\/2024"}],"wp:attachment":[{"href":"https:\/\/mb-maquinaria.com\/fr\/wp-json\/wp\/v2\/media?parent=2021"}],"curies":[{"name":"wp","href":"https:\/\/api.w.org\/{rel}","templated":true}]}}