{"id":2053,"date":"2021-05-31T09:47:21","date_gmt":"2021-05-31T08:47:21","guid":{"rendered":"https:\/\/mb-maquinaria.com\/retractables\/"},"modified":"2021-05-31T09:47:26","modified_gmt":"2021-05-31T08:47:26","slug":"retractables","status":"publish","type":"page","link":"https:\/\/mb-maquinaria.com\/fr\/retractables\/","title":{"rendered":"R\u00e9tractables"},"content":{"rendered":"\n\t<section class=\"section\" id=\"section_210396381\">\n\t\t<div class=\"section-bg fill\" >\n\t\t\t<img loading=\"lazy\" decoding=\"async\" width=\"1900\" height=\"700\" src=\"https:\/\/mb-maquinaria.com\/wp-content\/uploads\/2020\/09\/mb-forklift-banner-retractiles.jpg\" class=\"bg attachment- size-\" alt=\"\" \/>\t\t\t\t\t\t<div class=\"section-bg-overlay absolute fill\"><\/div>\n\t\t\t\n\n\t\t<\/div>\n\n\t\t\n\n\t\t<div class=\"section-content relative\">\n\t\t\t\n<div class=\"row align-middle align-center\"  id=\"row-223368391\">\n\n\t<div id=\"col-453184793\" class=\"col medium-6 small-12 large-6\"  >\n\t\t\t\t<div class=\"col-inner text-center dark\"  >\n\t\t\t\n\t\t\t\n\t<div id=\"text-1839818818\" class=\"text\">\n\t\t\n<h3 style=\"text-align: center;\"><strong><span style=\"font-size: 170%;\">R\u00e9tractables<\/span><\/strong><\/h3>\n<h5 class=\"uppercase\" style=\"text-align: center;\">L&rsquo;une des <strong>machines les plus utilis\u00e9es<\/strong> pour travailler \u00e0 l&rsquo;int\u00e9rieur des entrep\u00f4ts<\/h5>\n\t\t\n<style>\n#text-1839818818 {\n  text-align: center;\n}\n<\/style>\n\t<\/div>\n\t\n\t\t<\/div>\n\t\t\t\t\t<\/div>\n\n\t\n<\/div>\n\t\t<\/div>\n\n\t\t\n<style>\n#section_210396381 {\n  padding-top: 95px;\n  padding-bottom: 95px;\n}\n#section_210396381 .section-bg-overlay {\n  background-color: rgba(0, 0, 0, 0.39);\n}\n#section_210396381 .section-bg img {\n  object-position: 0% 4%;\n}\n<\/style>\n\t<\/section>\n\t\n\n\t<section class=\"section\" id=\"section_839846562\">\n\t\t<div class=\"section-bg fill\" >\n\t\t\t\t\t\t\t\t\t\n\t\t\t\n\n\t\t<\/div>\n\n\t\t\n\n\t\t<div class=\"section-content relative\">\n\t\t\t\n<div class=\"row\"  id=\"row-765972721\">\n\n\t<div id=\"col-1643411055\" class=\"col medium-8 small-12 large-8\"  >\n\t\t\t\t<div class=\"col-inner\"  >\n\t\t\t\n\t\t\t\n<h3><strong>MB Forklift &#8211; R\u00e9tractables <img loading=\"lazy\" decoding=\"async\" class=\"alignnonewp-image-992\" src=\"https:\/\/mb-maquinaria.com\/wp-content\/uploads\/2020\/09\/retractil-MB-FORKLIFT--395x400.png\" alt=\"\" width=\"55\" height=\"56\" srcset=\"https:\/\/mb-maquinaria.com\/wp-content\/uploads\/2020\/09\/retractil-MB-FORKLIFT--395x400.png 395w, https:\/\/mb-maquinaria.com\/wp-content\/uploads\/2020\/09\/retractil-MB-FORKLIFT--790x800.png 790w, https:\/\/mb-maquinaria.com\/wp-content\/uploads\/2020\/09\/retractil-MB-FORKLIFT--280x280.png 280w, https:\/\/mb-maquinaria.com\/wp-content\/uploads\/2020\/09\/retractil-MB-FORKLIFT--768x778.png 768w, https:\/\/mb-maquinaria.com\/wp-content\/uploads\/2020\/09\/retractil-MB-FORKLIFT--300x300.png 300w, https:\/\/mb-maquinaria.com\/wp-content\/uploads\/2020\/09\/retractil-MB-FORKLIFT--600x608.png 600w, https:\/\/mb-maquinaria.com\/wp-content\/uploads\/2020\/09\/retractil-MB-FORKLIFT--100x100.png 100w, https:\/\/mb-maquinaria.com\/wp-content\/uploads\/2020\/09\/retractil-MB-FORKLIFT-.png 1137w\" sizes=\"auto, (max-width: 55px) 100vw, 55px\" \/><\/strong><\/h3>\n\t\t<\/div>\n\t\t\t\t\t<\/div>\n\n\t\n\n\t<div id=\"col-841812310\" class=\"col medium-4 small-12 large-4\"  >\n\t\t\t\t<div class=\"col-inner\"  >\n\t\t\t\n\t\t\t\n<div class=\"searchform-wrapper ux-search-box relative form-flat is-normal\"><form role=\"search\" method=\"get\" class=\"searchform\" action=\"https:\/\/mb-maquinaria.com\/fr\/\">\n\t<div class=\"flex-row relative\">\n\t\t\t\t\t\t<div class=\"flex-col flex-grow\">\n\t\t\t<label class=\"screen-reader-text\" for=\"woocommerce-product-search-field-0\">Recherche pour\u00a0:<\/label>\n\t\t\t<input type=\"search\" id=\"woocommerce-product-search-field-0\" class=\"search-field mb-0\" placeholder=\"Recherche&hellip;\" value=\"\" name=\"s\" \/>\n\t\t\t<input type=\"hidden\" name=\"post_type\" value=\"product\" \/>\n\t\t\t\t\t\t\t<input type=\"hidden\" name=\"lang\" value=\"fr\" \/>\n\t\t\t\t\t<\/div>\n\t\t<div class=\"flex-col\">\n\t\t\t<button type=\"submit\" value=\"Recherche\" class=\"ux-search-submit submit-button secondary button  icon mb-0\" aria-label=\"Envoyer\">\n\t\t\t\t<i class=\"icon-search\" aria-hidden=\"true\"><\/i>\t\t\t<\/button>\n\t\t<\/div>\n\t<\/div>\n\t<div class=\"live-search-results text-left z-top\"><\/div>\n<\/form>\n<\/div>\n\t\t<\/div>\n\t\t\t\t\t<\/div>\n\n\t\n\n\t<div id=\"col-1892973481\" class=\"col small-12 large-12\"  >\n\t\t\t\t<div class=\"col-inner\"  >\n\t\t\t\n\t\t\t\n\t\n  \n    <div class=\"row  equalize-box large-columns-3 medium-columns- small-columns-2 row-normal\" >\n  <\/div>\n\t\t<\/div>\n\t\t\t\t\t<\/div>\n\n\t\n<\/div>\n\t\t<\/div>\n\n\t\t\n<style>\n#section_839846562 {\n  padding-top: 84px;\n  padding-bottom: 84px;\n  background-color: rgba(247, 247, 247, 0.83);\n}\n<\/style>\n\t<\/section>\n\t\n","protected":false},"excerpt":{"rendered":"","protected":false},"author":1,"featured_media":1826,"parent":0,"menu_order":0,"comment_status":"closed","ping_status":"closed","template":"page-blank.php","meta":{"footnotes":""},"class_list":["post-2053","page","type-page","status-publish","has-post-thumbnail","hentry"],"yoast_head":"<!-- This site is optimized with the Yoast SEO plugin v27.2 - https:\/\/yoast.com\/product\/yoast-seo-wordpress\/ -->\n<title>Gamme MB Forklift | R\u00e9tractables | Contactez nous sans engagement!<\/title>\n<meta name=\"description\" content=\"Les chariots \u00e0 m\u00e2t r\u00e9tractable constituent la solution id\u00e9ale pour votre entrep\u00f4t, et sont \u00e9galement l&#039;une des machines les plus utilis\u00e9es pour cette t\u00e2che.\" \/>\n<meta name=\"robots\" content=\"index, follow, max-snippet:-1, max-image-preview:large, max-video-preview:-1\" \/>\n<link rel=\"canonical\" href=\"https:\/\/mb-maquinaria.com\/fr\/retractables\/\" \/>\n<meta property=\"og:locale\" content=\"fr_FR\" \/>\n<meta property=\"og:type\" content=\"article\" \/>\n<meta property=\"og:title\" content=\"Gamme MB Forklift | R\u00e9tractables | Contactez nous sans engagement!\" \/>\n<meta property=\"og:description\" content=\"Les chariots \u00e0 m\u00e2t r\u00e9tractable constituent la solution id\u00e9ale pour votre entrep\u00f4t, et sont \u00e9galement l&#039;une des machines les plus utilis\u00e9es pour cette t\u00e2che.\" \/>\n<meta property=\"og:url\" content=\"https:\/\/mb-maquinaria.com\/fr\/retractables\/\" \/>\n<meta property=\"og:site_name\" content=\"MB Maquinaria\" \/>\n<meta property=\"article:modified_time\" content=\"2021-05-31T08:47:26+00:00\" \/>\n<meta property=\"og:image\" content=\"https:\/\/mb-maquinaria.com\/wp-content\/uploads\/2020\/08\/mebwKQRXZsCK_1.jpg\" \/>\n\t<meta property=\"og:image:width\" content=\"1024\" \/>\n\t<meta property=\"og:image:height\" content=\"1024\" \/>\n\t<meta property=\"og:image:type\" content=\"image\/jpeg\" \/>\n<meta name=\"twitter:card\" content=\"summary_large_image\" \/>\n<meta name=\"twitter:label1\" content=\"Dur\u00e9e de lecture estim\u00e9e\" \/>\n\t<meta name=\"twitter:data1\" content=\"1 minute\" \/>\n<script type=\"application\/ld+json\" class=\"yoast-schema-graph\">{\"@context\":\"https:\/\/schema.org\",\"@graph\":[{\"@type\":\"WebPage\",\"@id\":\"https:\/\/mb-maquinaria.com\/fr\/retractables\/\",\"url\":\"https:\/\/mb-maquinaria.com\/fr\/retractables\/\",\"name\":\"Gamme MB Forklift | R\u00e9tractables | Contactez nous sans engagement!\",\"isPartOf\":{\"@id\":\"https:\/\/mb-maquinaria.com\/fr\/#website\"},\"primaryImageOfPage\":{\"@id\":\"https:\/\/mb-maquinaria.com\/fr\/retractables\/#primaryimage\"},\"image\":{\"@id\":\"https:\/\/mb-maquinaria.com\/fr\/retractables\/#primaryimage\"},\"thumbnailUrl\":\"https:\/\/mb-maquinaria.com\/wp-content\/uploads\/2020\/08\/mebwKQRXZsCK_1.jpg\",\"datePublished\":\"2021-05-31T08:47:21+00:00\",\"dateModified\":\"2021-05-31T08:47:26+00:00\",\"description\":\"Les chariots \u00e0 m\u00e2t r\u00e9tractable constituent la solution id\u00e9ale pour votre entrep\u00f4t, et sont \u00e9galement l'une des machines les plus utilis\u00e9es pour cette t\u00e2che.\",\"breadcrumb\":{\"@id\":\"https:\/\/mb-maquinaria.com\/fr\/retractables\/#breadcrumb\"},\"inLanguage\":\"fr-FR\",\"potentialAction\":[{\"@type\":\"ReadAction\",\"target\":[\"https:\/\/mb-maquinaria.com\/fr\/retractables\/\"]}]},{\"@type\":\"ImageObject\",\"inLanguage\":\"fr-FR\",\"@id\":\"https:\/\/mb-maquinaria.com\/fr\/retractables\/#primaryimage\",\"url\":\"https:\/\/mb-maquinaria.com\/wp-content\/uploads\/2020\/08\/mebwKQRXZsCK_1.jpg\",\"contentUrl\":\"https:\/\/mb-maquinaria.com\/wp-content\/uploads\/2020\/08\/mebwKQRXZsCK_1.jpg\",\"width\":1024,\"height\":1024,\"caption\":\"CQD12RF\"},{\"@type\":\"BreadcrumbList\",\"@id\":\"https:\/\/mb-maquinaria.com\/fr\/retractables\/#breadcrumb\",\"itemListElement\":[{\"@type\":\"ListItem\",\"position\":1,\"name\":\"Portada\",\"item\":\"https:\/\/mb-maquinaria.com\/fr\/boceto-home\/\"},{\"@type\":\"ListItem\",\"position\":2,\"name\":\"R\u00e9tractables\"}]},{\"@type\":\"WebSite\",\"@id\":\"https:\/\/mb-maquinaria.com\/fr\/#website\",\"url\":\"https:\/\/mb-maquinaria.com\/fr\/\",\"name\":\"MB\",\"description\":\"Central de Compras y Servicios Europea especializada en maquinaria para el manejo de materiales.\",\"alternateName\":\"MB-Maquinaria\",\"potentialAction\":[{\"@type\":\"SearchAction\",\"target\":{\"@type\":\"EntryPoint\",\"urlTemplate\":\"https:\/\/mb-maquinaria.com\/fr\/?s={search_term_string}\"},\"query-input\":{\"@type\":\"PropertyValueSpecification\",\"valueRequired\":true,\"valueName\":\"search_term_string\"}}],\"inLanguage\":\"fr-FR\"}]}<\/script>\n<!-- \/ Yoast SEO plugin. -->","yoast_head_json":{"title":"Gamme MB Forklift | R\u00e9tractables | Contactez nous sans engagement!","description":"Les chariots \u00e0 m\u00e2t r\u00e9tractable constituent la solution id\u00e9ale pour votre entrep\u00f4t, et sont \u00e9galement l'une des machines les plus utilis\u00e9es pour cette t\u00e2che.","robots":{"index":"index","follow":"follow","max-snippet":"max-snippet:-1","max-image-preview":"max-image-preview:large","max-video-preview":"max-video-preview:-1"},"canonical":"https:\/\/mb-maquinaria.com\/fr\/retractables\/","og_locale":"fr_FR","og_type":"article","og_title":"Gamme MB Forklift | R\u00e9tractables | Contactez nous sans engagement!","og_description":"Les chariots \u00e0 m\u00e2t r\u00e9tractable constituent la solution id\u00e9ale pour votre entrep\u00f4t, et sont \u00e9galement l'une des machines les plus utilis\u00e9es pour cette t\u00e2che.","og_url":"https:\/\/mb-maquinaria.com\/fr\/retractables\/","og_site_name":"MB Maquinaria","article_modified_time":"2021-05-31T08:47:26+00:00","og_image":[{"width":1024,"height":1024,"url":"https:\/\/mb-maquinaria.com\/wp-content\/uploads\/2020\/08\/mebwKQRXZsCK_1.jpg","type":"image\/jpeg"}],"twitter_card":"summary_large_image","twitter_misc":{"Dur\u00e9e de lecture estim\u00e9e":"1 minute"},"schema":{"@context":"https:\/\/schema.org","@graph":[{"@type":"WebPage","@id":"https:\/\/mb-maquinaria.com\/fr\/retractables\/","url":"https:\/\/mb-maquinaria.com\/fr\/retractables\/","name":"Gamme MB Forklift | R\u00e9tractables | Contactez nous sans engagement!","isPartOf":{"@id":"https:\/\/mb-maquinaria.com\/fr\/#website"},"primaryImageOfPage":{"@id":"https:\/\/mb-maquinaria.com\/fr\/retractables\/#primaryimage"},"image":{"@id":"https:\/\/mb-maquinaria.com\/fr\/retractables\/#primaryimage"},"thumbnailUrl":"https:\/\/mb-maquinaria.com\/wp-content\/uploads\/2020\/08\/mebwKQRXZsCK_1.jpg","datePublished":"2021-05-31T08:47:21+00:00","dateModified":"2021-05-31T08:47:26+00:00","description":"Les chariots \u00e0 m\u00e2t r\u00e9tractable constituent la solution id\u00e9ale pour votre entrep\u00f4t, et sont \u00e9galement l'une des machines les plus utilis\u00e9es pour cette t\u00e2che.","breadcrumb":{"@id":"https:\/\/mb-maquinaria.com\/fr\/retractables\/#breadcrumb"},"inLanguage":"fr-FR","potentialAction":[{"@type":"ReadAction","target":["https:\/\/mb-maquinaria.com\/fr\/retractables\/"]}]},{"@type":"ImageObject","inLanguage":"fr-FR","@id":"https:\/\/mb-maquinaria.com\/fr\/retractables\/#primaryimage","url":"https:\/\/mb-maquinaria.com\/wp-content\/uploads\/2020\/08\/mebwKQRXZsCK_1.jpg","contentUrl":"https:\/\/mb-maquinaria.com\/wp-content\/uploads\/2020\/08\/mebwKQRXZsCK_1.jpg","width":1024,"height":1024,"caption":"CQD12RF"},{"@type":"BreadcrumbList","@id":"https:\/\/mb-maquinaria.com\/fr\/retractables\/#breadcrumb","itemListElement":[{"@type":"ListItem","position":1,"name":"Portada","item":"https:\/\/mb-maquinaria.com\/fr\/boceto-home\/"},{"@type":"ListItem","position":2,"name":"R\u00e9tractables"}]},{"@type":"WebSite","@id":"https:\/\/mb-maquinaria.com\/fr\/#website","url":"https:\/\/mb-maquinaria.com\/fr\/","name":"MB","description":"Central de Compras y Servicios Europea especializada en maquinaria para el manejo de materiales.","alternateName":"MB-Maquinaria","potentialAction":[{"@type":"SearchAction","target":{"@type":"EntryPoint","urlTemplate":"https:\/\/mb-maquinaria.com\/fr\/?s={search_term_string}"},"query-input":{"@type":"PropertyValueSpecification","valueRequired":true,"valueName":"search_term_string"}}],"inLanguage":"fr-FR"}]}},"_links":{"self":[{"href":"https:\/\/mb-maquinaria.com\/fr\/wp-json\/wp\/v2\/pages\/2053","targetHints":{"allow":["GET"]}}],"collection":[{"href":"https:\/\/mb-maquinaria.com\/fr\/wp-json\/wp\/v2\/pages"}],"about":[{"href":"https:\/\/mb-maquinaria.com\/fr\/wp-json\/wp\/v2\/types\/page"}],"author":[{"embeddable":true,"href":"https:\/\/mb-maquinaria.com\/fr\/wp-json\/wp\/v2\/users\/1"}],"replies":[{"embeddable":true,"href":"https:\/\/mb-maquinaria.com\/fr\/wp-json\/wp\/v2\/comments?post=2053"}],"version-history":[{"count":7,"href":"https:\/\/mb-maquinaria.com\/fr\/wp-json\/wp\/v2\/pages\/2053\/revisions"}],"predecessor-version":[{"id":2062,"href":"https:\/\/mb-maquinaria.com\/fr\/wp-json\/wp\/v2\/pages\/2053\/revisions\/2062"}],"wp:featuredmedia":[{"embeddable":true,"href":"https:\/\/mb-maquinaria.com\/fr\/wp-json\/wp\/v2\/media\/1826"}],"wp:attachment":[{"href":"https:\/\/mb-maquinaria.com\/fr\/wp-json\/wp\/v2\/media?parent=2053"}],"curies":[{"name":"wp","href":"https:\/\/api.w.org\/{rel}","templated":true}]}}