{"id":1748,"date":"2020-08-20T12:55:31","date_gmt":"2021-03-26T08:56:18","guid":{"rendered":"https:\/\/mb-maquinaria.com\/product\/es12-12es\/"},"modified":"2024-02-15T19:07:13","modified_gmt":"2024-02-15T18:07:13","slug":"es12-12es","status":"publish","type":"product","link":"https:\/\/mb-maquinaria.com\/fr\/producto\/produits-phares\/es12-12es\/","title":{"rendered":"ES12-12ES"},"content":{"rendered":"<div class=\"row align-middle\"  id=\"row-1116684941\">\n\n\t<div id=\"col-781971581\" class=\"col medium-4 small-12 large-4\"  >\n\t\t\t\t<div class=\"col-inner\"  >\n\t\t\t\n\t\t\t\n\t<div class=\"img has-hover x md-x lg-x y md-y lg-y\" id=\"image_1523656185\">\n\t\t\t\t\t\t\t\t<div class=\"img-inner dark\" >\n\t\t\t<img loading=\"lazy\" decoding=\"async\" width=\"566\" height=\"800\" src=\"https:\/\/mb-maquinaria.com\/wp-content\/uploads\/2020\/12\/es12-12es_MXesa-de-trabajo-1-566x800.png\" class=\"attachment-large size-large\" alt=\"\" srcset=\"https:\/\/mb-maquinaria.com\/wp-content\/uploads\/2020\/12\/es12-12es_MXesa-de-trabajo-1-566x800.png 566w, https:\/\/mb-maquinaria.com\/wp-content\/uploads\/2020\/12\/es12-12es_MXesa-de-trabajo-1-283x400.png 283w, https:\/\/mb-maquinaria.com\/wp-content\/uploads\/2020\/12\/es12-12es_MXesa-de-trabajo-1-768x1086.png 768w, https:\/\/mb-maquinaria.com\/wp-content\/uploads\/2020\/12\/es12-12es_MXesa-de-trabajo-1-1086x1536.png 1086w, https:\/\/mb-maquinaria.com\/wp-content\/uploads\/2020\/12\/es12-12es_MXesa-de-trabajo-1-1448x2048.png 1448w, https:\/\/mb-maquinaria.com\/wp-content\/uploads\/2020\/12\/es12-12es_MXesa-de-trabajo-1-600x848.png 600w\" sizes=\"auto, (max-width: 566px) 100vw, 566px\" \/>\t\t\t\t\t\t\n\t\t\t\t\t<\/div>\n\t\t\t\t\t\t\t\t\n<style>\n#image_1523656185 {\n  width: 100%;\n}\n<\/style>\n\t<\/div>\n\t\n\t\t<\/div>\n\t\t\t\t\t<\/div>\n\n\t\n\n\t<div id=\"col-741633534\" class=\"col medium-6 small-12 large-6\"  >\n\t\t\t\t<div class=\"col-inner\"  >\n\t\t\t\n\t\t\t\n<h1 class=\"thin-font\"><strong>ES12-12ES<br \/>\n<\/strong><span style=\"font-size: 75%;\">Gerbeur \u00e9lectrique<\/span> <strong><br \/>\n<\/strong><\/h1>\n\t<div id=\"text-3972675710\" class=\"text vamosajustificar\">\n\t\t\n<h4><span style=\"color: #424242;\"><strong><span style=\"color: #ff6600;\">+L\u00e9ger :<\/span><\/strong> Le gerbeur \u00e9lectrique ES12-12ES de MB Forklift est parfait pour les t\u00e2ches l\u00e9g\u00e8res dans votre entrep\u00f4t.<\/span><\/h4>\n<h4><span style=\"color: #ff6600;\"><strong>+Disponible avec : <\/strong><span style=\"color: #424242;\">Une hauteur de levage allant jusqu&rsquo;\u00e0 4000mm avec une capacit\u00e9 de 1200Kg<\/span><\/span><\/h4>\n<h4><span style=\"color: #ff6600;\"><strong>+Batterie :<\/strong><\/span> Batterie au gel, avec chargeur int\u00e9gr\u00e9 pour une recharge facile<\/h4>\n<h4><span style=\"color: #ff6600;\"><strong>+Agile et compact :<\/strong><\/span> ce gerbeur offre la flexibilit\u00e9 et l&rsquo;adaptabilit\u00e9 id\u00e9ales pour votre entrep\u00f4t<\/h4>\n\t\t\t<\/div>\n\t\n\t\t<\/div>\n\t\t\t\t\t<\/div>\n\n\t\n<\/div>\n<div class=\"is-divider divider clearfix\" style=\"max-width:0px;height:22px;\"><\/div>\n<h1><span style=\"color: #ff6600;\"><strong>+Video ES12-12ES<\/strong><\/span><\/h1>\n<div class=\"row\"  id=\"row-863865861\">\n\n\t<div id=\"col-253317601\" class=\"col small-12 large-12\"  >\n\t\t\t\t<div class=\"col-inner\"  >\n\t\t\t\n\t\t\t\n<div class=\"video video-fit mb box-shadow-2 box-shadow-5-hover\" style=\"padding-top:57%;\"><p><iframe loading=\"lazy\" title=\"MB FORKLIFT - APILADOR EL\u00c9CTRICO ES12 12ES\" width=\"1020\" height=\"574\" src=\"https:\/\/www.youtube.com\/embed\/MLXKjrr-t4A?feature=oembed\" frameborder=\"0\" allow=\"accelerometer; autoplay; clipboard-write; encrypted-media; gyroscope; picture-in-picture\" allowfullscreen><\/iframe><\/p>\n<\/div>\n\t\t<\/div>\n\t\t\t\t\t<\/div>\n\n\t\n<\/div>\n<div class=\"is-divider divider clearfix\" style=\"max-width:0px;height:22px;\"><\/div>\n<h1><span style=\"color: #ff6600;\"><strong>+ Galerie<\/strong><\/span><\/h1>\n  <style>\n    #gallery-1639877759 .grid-col-1{height: 600px}\n    #gallery-1639877759 .grid-col-1-2{height: 300px}\n    #gallery-1639877759 .grid-col-1-3{height:200px}\n    #gallery-1639877759 .grid-col-2-3{height: 400px}\n    #gallery-1639877759 .grid-col-1-4{height: 150px}\n    #gallery-1639877759 .grid-col-3-4{height: 450px}\n\n\n        \/* Tablet *\/\n    @media (max-width: 850px){\n      #gallery-1639877759 .grid-col-1{height: 400px}\n      #gallery-1639877759 .grid-col-1-2{height: 200px}\n      #gallery-1639877759 .grid-col-1-3{height:133.33333333333px}\n      #gallery-1639877759 .grid-col-2-3{height: 266.66666666667px}\n      #gallery-1639877759 .grid-col-1-4{height: 100px}\n      #gallery-1639877759 .grid-col-3-4{height: 300px}\n    }\n    \n        \/* Mobile *\/\n    @media (max-width: 550px){\n      #gallery-1639877759 .grid-col-1{height: 400px}\n      #gallery-1639877759 .grid-col-1-2{height: 200px}\n      #gallery-1639877759 .grid-col-1-3{height:133.33333333333px}\n      #gallery-1639877759 .grid-col-2-3{height: 266.66666666667px}\n      #gallery-1639877759 .grid-col-1-4{height: 100px}\n      #gallery-1639877759 .grid-col-3-4{height: 300px}\n    }\n    \n\n  <\/style>\n  \n  \n    <div id=\"gallery-1639877759\" class=\"row row-small row-grid\" data-packery-options='{\"itemSelector\": \".col\", \"gutter\": 0, \"presentageWidth\" : true}'>\n\n  <div class=\"gallery-col col grid-col grid-col-1 large-3 medium-12\" data-animate=\"fadeInUp\">\n          <div class=\"col-inner\">\n            <a class=\"image-lightbox lightbox-gallery\" href=\"https:\/\/mb-maquinaria.com\/wp-content\/uploads\/2020\/12\/es12-12es_MXesa-de-trabajo-1-566x800.png\" title=\"\">            <div class=\"box has-hover gallery-box box-overlay dark box-text-center\">\n              <div class=\"box-image box-shadow-2 box-shadow-5-hover\" >\n                <img loading=\"lazy\" decoding=\"async\" width=\"283\" height=\"400\" src=\"https:\/\/mb-maquinaria.com\/wp-content\/uploads\/2020\/12\/es12-12es_MXesa-de-trabajo-1-283x400.png\" class=\"attachment-medium size-medium\" alt=\"\" ids=\"3896,1779,3922,3924\" style=\"bounce\" type=\"grid\" grid=\"7\" col_spacing=\"small\" depth=\"2\" depth_hover=\"5\" animate=\"fadeInUp\" image_overlay=\"rgba(255, 255, 255, 0)\" text_hover=\"slide\" srcset=\"https:\/\/mb-maquinaria.com\/wp-content\/uploads\/2020\/12\/es12-12es_MXesa-de-trabajo-1-283x400.png 283w, https:\/\/mb-maquinaria.com\/wp-content\/uploads\/2020\/12\/es12-12es_MXesa-de-trabajo-1-566x800.png 566w, https:\/\/mb-maquinaria.com\/wp-content\/uploads\/2020\/12\/es12-12es_MXesa-de-trabajo-1-768x1086.png 768w, https:\/\/mb-maquinaria.com\/wp-content\/uploads\/2020\/12\/es12-12es_MXesa-de-trabajo-1-1086x1536.png 1086w, https:\/\/mb-maquinaria.com\/wp-content\/uploads\/2020\/12\/es12-12es_MXesa-de-trabajo-1-1448x2048.png 1448w, https:\/\/mb-maquinaria.com\/wp-content\/uploads\/2020\/12\/es12-12es_MXesa-de-trabajo-1-600x848.png 600w\" sizes=\"auto, (max-width: 283px) 100vw, 283px\" \/>                                  <div class=\"overlay fill\"\n                      style=\"background-color: rgba(255, 255, 255, 0)\">\n                  <\/div>\n                                                              <\/div>\n              <div class=\"box-text show-on-hover hover-slide text-left dark\" >\n                 <p><\/p>\n              <\/div>\n            <\/div>\n            <\/a>          <\/div>\n         <\/div><div class=\"gallery-col col grid-col grid-col-1 large-6 medium-6\" data-animate=\"fadeInUp\">\n          <div class=\"col-inner\">\n            <a class=\"image-lightbox lightbox-gallery\" href=\"https:\/\/mb-maquinaria.com\/wp-content\/uploads\/2020\/08\/vyHkcaQaPpXo_1-800x800.jpg\" title=\"\">            <div class=\"box has-hover gallery-box box-overlay dark box-text-center\">\n              <div class=\"box-image box-shadow-2 box-shadow-5-hover\" >\n                <img loading=\"lazy\" decoding=\"async\" width=\"800\" height=\"800\" src=\"https:\/\/mb-maquinaria.com\/wp-content\/uploads\/2020\/08\/vyHkcaQaPpXo_1-800x800.jpg\" class=\"attachment-large size-large\" alt=\"ES10-10ES\" ids=\"3896,1779,3922,3924\" style=\"bounce\" type=\"grid\" grid=\"7\" col_spacing=\"small\" depth=\"2\" depth_hover=\"5\" animate=\"fadeInUp\" image_overlay=\"rgba(255, 255, 255, 0)\" text_hover=\"slide\" srcset=\"https:\/\/mb-maquinaria.com\/wp-content\/uploads\/2020\/08\/vyHkcaQaPpXo_1-800x800.jpg 800w, https:\/\/mb-maquinaria.com\/wp-content\/uploads\/2020\/08\/vyHkcaQaPpXo_1-400x400.jpg 400w, https:\/\/mb-maquinaria.com\/wp-content\/uploads\/2020\/08\/vyHkcaQaPpXo_1-280x280.jpg 280w, https:\/\/mb-maquinaria.com\/wp-content\/uploads\/2020\/08\/vyHkcaQaPpXo_1-768x768.jpg 768w, https:\/\/mb-maquinaria.com\/wp-content\/uploads\/2020\/08\/vyHkcaQaPpXo_1-300x300.jpg 300w, https:\/\/mb-maquinaria.com\/wp-content\/uploads\/2020\/08\/vyHkcaQaPpXo_1-600x600.jpg 600w, https:\/\/mb-maquinaria.com\/wp-content\/uploads\/2020\/08\/vyHkcaQaPpXo_1-100x100.jpg 100w, https:\/\/mb-maquinaria.com\/wp-content\/uploads\/2020\/08\/vyHkcaQaPpXo_1.jpg 1024w\" sizes=\"auto, (max-width: 800px) 100vw, 800px\" \/>                                  <div class=\"overlay fill\"\n                      style=\"background-color: rgba(255, 255, 255, 0)\">\n                  <\/div>\n                                                              <\/div>\n              <div class=\"box-text show-on-hover hover-slide text-left dark\" >\n                 <p><\/p>\n              <\/div>\n            <\/div>\n            <\/a>          <\/div>\n         <\/div><div class=\"gallery-col col grid-col grid-col-1-2 large-3 medium-6\" data-animate=\"fadeInUp\">\n          <div class=\"col-inner\">\n            <a class=\"image-lightbox lightbox-gallery\" href=\"https:\/\/mb-maquinaria.com\/wp-content\/uploads\/2020\/12\/es10-10es_feature-1.jpg\" title=\"\">            <div class=\"box has-hover gallery-box box-overlay dark box-text-center\">\n              <div class=\"box-image box-shadow-2 box-shadow-5-hover\" >\n                <img loading=\"lazy\" decoding=\"async\" width=\"501\" height=\"501\" src=\"https:\/\/mb-maquinaria.com\/wp-content\/uploads\/2020\/12\/es10-10es_feature-1.jpg\" class=\"attachment-large size-large\" alt=\"\" ids=\"3896,1779,3922,3924\" style=\"bounce\" type=\"grid\" grid=\"7\" col_spacing=\"small\" depth=\"2\" depth_hover=\"5\" animate=\"fadeInUp\" image_overlay=\"rgba(255, 255, 255, 0)\" text_hover=\"slide\" srcset=\"https:\/\/mb-maquinaria.com\/wp-content\/uploads\/2020\/12\/es10-10es_feature-1.jpg 501w, https:\/\/mb-maquinaria.com\/wp-content\/uploads\/2020\/12\/es10-10es_feature-1-400x400.jpg 400w, https:\/\/mb-maquinaria.com\/wp-content\/uploads\/2020\/12\/es10-10es_feature-1-280x280.jpg 280w, https:\/\/mb-maquinaria.com\/wp-content\/uploads\/2020\/12\/es10-10es_feature-1-300x300.jpg 300w, https:\/\/mb-maquinaria.com\/wp-content\/uploads\/2020\/12\/es10-10es_feature-1-100x100.jpg 100w\" sizes=\"auto, (max-width: 501px) 100vw, 501px\" \/>                                  <div class=\"overlay fill\"\n                      style=\"background-color: rgba(255, 255, 255, 0)\">\n                  <\/div>\n                                                              <\/div>\n              <div class=\"box-text show-on-hover hover-slide text-left dark\" >\n                 <p><\/p>\n              <\/div>\n            <\/div>\n            <\/a>          <\/div>\n         <\/div><div class=\"gallery-col col grid-col grid-col-1-2 large-3 medium-6\" data-animate=\"fadeInUp\">\n          <div class=\"col-inner\">\n            <a class=\"image-lightbox lightbox-gallery\" href=\"https:\/\/mb-maquinaria.com\/wp-content\/uploads\/2020\/12\/es10-10es_feature-2.jpg\" title=\"\">            <div class=\"box has-hover gallery-box box-overlay dark box-text-center\">\n              <div class=\"box-image box-shadow-2 box-shadow-5-hover\" >\n                <img loading=\"lazy\" decoding=\"async\" width=\"501\" height=\"501\" src=\"https:\/\/mb-maquinaria.com\/wp-content\/uploads\/2020\/12\/es10-10es_feature-2.jpg\" class=\"attachment-large size-large\" alt=\"\" ids=\"3896,1779,3922,3924\" style=\"bounce\" type=\"grid\" grid=\"7\" col_spacing=\"small\" depth=\"2\" depth_hover=\"5\" animate=\"fadeInUp\" image_overlay=\"rgba(255, 255, 255, 0)\" text_hover=\"slide\" srcset=\"https:\/\/mb-maquinaria.com\/wp-content\/uploads\/2020\/12\/es10-10es_feature-2.jpg 501w, https:\/\/mb-maquinaria.com\/wp-content\/uploads\/2020\/12\/es10-10es_feature-2-400x400.jpg 400w, https:\/\/mb-maquinaria.com\/wp-content\/uploads\/2020\/12\/es10-10es_feature-2-280x280.jpg 280w, https:\/\/mb-maquinaria.com\/wp-content\/uploads\/2020\/12\/es10-10es_feature-2-300x300.jpg 300w, https:\/\/mb-maquinaria.com\/wp-content\/uploads\/2020\/12\/es10-10es_feature-2-100x100.jpg 100w\" sizes=\"auto, (max-width: 501px) 100vw, 501px\" \/>                                  <div class=\"overlay fill\"\n                      style=\"background-color: rgba(255, 255, 255, 0)\">\n                  <\/div>\n                                                              <\/div>\n              <div class=\"box-text show-on-hover hover-slide text-left dark\" >\n                 <p><\/p>\n              <\/div>\n            <\/div>\n            <\/a>          <\/div>\n         <\/div><\/div>\n","protected":false},"excerpt":{"rendered":"<ul>\n<li><b>Batterie: <\/b>2x12V\/105Ah<\/li>\n<li><b>Capacit\u00e9 : <\/b> 1200 Kg<\/li>\n<li><b>Longueur de fourches : <\/b> Min: 1150 mm &#8211; Max: 1220 mm<\/li>\n<li><b>Largeur de fourche:<\/b>560\/685mm<\/li>\n<li><b>Lev\u00e9e : <\/b> Min: 2515 mm &#8211; Max: 3615 mm<\/li>\n<li><strong>Vitesse:<\/strong> 4.0\/4.5km\/h<\/li>\n<li><strong>Contr\u00f4leur:<\/strong> CURTIS<\/li>\n<\/ul>\n","protected":false},"featured_media":1734,"comment_status":"open","ping_status":"closed","template":"","meta":[],"product_brand":[],"product_cat":[359],"product_tag":[375,347,348],"class_list":{"0":"post-1748","1":"product","2":"type-product","3":"status-publish","4":"has-post-thumbnail","6":"product_cat-produits-phares","7":"product_tag-es12-12es-fr","8":"product_tag-gerbeurs","9":"product_tag-gerbeurs-electriques","11":"first","12":"instock","13":"shipping-taxable","14":"product-type-simple"},"yoast_head":"<!-- This site is optimized with the Yoast SEO plugin v27.2 - https:\/\/yoast.com\/product\/yoast-seo-wordpress\/ -->\n<title>Gerbeur \u00e9lectrique ES12-12ES | MB Maquinaria<\/title>\n<meta name=\"robots\" content=\"index, follow, max-snippet:-1, max-image-preview:large, max-video-preview:-1\" \/>\n<link rel=\"canonical\" href=\"https:\/\/mb-maquinaria.com\/fr\/producto\/produits-phares\/es12-12es\/\" \/>\n<meta property=\"og:locale\" content=\"fr_FR\" \/>\n<meta property=\"og:type\" content=\"article\" \/>\n<meta property=\"og:title\" content=\"Gerbeur \u00e9lectrique ES12-12ES | MB Maquinaria\" \/>\n<meta property=\"og:description\" content=\"Batterie: 2x12V\/105Ah  Capacit\u00e9 : 1200 Kg  Longueur de fourches : Min: 1150 mm - Max: 1220 mm  Largeur de fourche:560\/685mm  Lev\u00e9e : Min: 2515 mm - Max: 3615 mm  Vitesse: 4.0\/4.5km\/h  Contr\u00f4leur: CURTIS\" \/>\n<meta property=\"og:url\" content=\"https:\/\/mb-maquinaria.com\/fr\/producto\/produits-phares\/es12-12es\/\" \/>\n<meta property=\"og:site_name\" content=\"MB Maquinaria\" \/>\n<meta property=\"article:modified_time\" content=\"2024-02-15T18:07:13+00:00\" \/>\n<meta property=\"og:image\" content=\"https:\/\/mb-maquinaria.com\/wp-content\/uploads\/2020\/08\/mb-forklift-es12-12es.jpg\" \/>\n\t<meta property=\"og:image:width\" content=\"900\" \/>\n\t<meta property=\"og:image:height\" content=\"900\" \/>\n\t<meta property=\"og:image:type\" content=\"image\/jpeg\" \/>\n<meta name=\"twitter:card\" content=\"summary_large_image\" \/>\n<meta name=\"twitter:label1\" content=\"Dur\u00e9e de lecture estim\u00e9e\" \/>\n\t<meta name=\"twitter:data1\" content=\"1 minute\" \/>\n<script type=\"application\/ld+json\" class=\"yoast-schema-graph\">{\"@context\":\"https:\/\/schema.org\",\"@graph\":[{\"@type\":\"WebPage\",\"@id\":\"https:\/\/mb-maquinaria.com\/fr\/producto\/produits-phares\/es12-12es\/\",\"url\":\"https:\/\/mb-maquinaria.com\/fr\/producto\/produits-phares\/es12-12es\/\",\"name\":\"Gerbeur \u00e9lectrique ES12-12ES | MB Maquinaria\",\"isPartOf\":{\"@id\":\"https:\/\/mb-maquinaria.com\/fr\/#website\"},\"primaryImageOfPage\":{\"@id\":\"https:\/\/mb-maquinaria.com\/fr\/producto\/produits-phares\/es12-12es\/#primaryimage\"},\"image\":{\"@id\":\"https:\/\/mb-maquinaria.com\/fr\/producto\/produits-phares\/es12-12es\/#primaryimage\"},\"thumbnailUrl\":\"https:\/\/mb-maquinaria.com\/wp-content\/uploads\/2020\/08\/mb-forklift-es12-12es.jpg\",\"datePublished\":\"2021-03-26T08:56:18+00:00\",\"dateModified\":\"2024-02-15T18:07:13+00:00\",\"breadcrumb\":{\"@id\":\"https:\/\/mb-maquinaria.com\/fr\/producto\/produits-phares\/es12-12es\/#breadcrumb\"},\"inLanguage\":\"fr-FR\",\"potentialAction\":[{\"@type\":\"ReadAction\",\"target\":[\"https:\/\/mb-maquinaria.com\/fr\/producto\/produits-phares\/es12-12es\/\"]}]},{\"@type\":\"ImageObject\",\"inLanguage\":\"fr-FR\",\"@id\":\"https:\/\/mb-maquinaria.com\/fr\/producto\/produits-phares\/es12-12es\/#primaryimage\",\"url\":\"https:\/\/mb-maquinaria.com\/wp-content\/uploads\/2020\/08\/mb-forklift-es12-12es.jpg\",\"contentUrl\":\"https:\/\/mb-maquinaria.com\/wp-content\/uploads\/2020\/08\/mb-forklift-es12-12es.jpg\",\"width\":900,\"height\":900},{\"@type\":\"BreadcrumbList\",\"@id\":\"https:\/\/mb-maquinaria.com\/fr\/producto\/produits-phares\/es12-12es\/#breadcrumb\",\"itemListElement\":[{\"@type\":\"ListItem\",\"position\":1,\"name\":\"Portada\",\"item\":\"https:\/\/mb-maquinaria.com\/fr\/boceto-home\/\"},{\"@type\":\"ListItem\",\"position\":2,\"name\":\"Boutique\",\"item\":\"https:\/\/mb-maquinaria.com\/shop\/\"},{\"@type\":\"ListItem\",\"position\":3,\"name\":\"ES12-12ES\"}]},{\"@type\":\"WebSite\",\"@id\":\"https:\/\/mb-maquinaria.com\/fr\/#website\",\"url\":\"https:\/\/mb-maquinaria.com\/fr\/\",\"name\":\"MB\",\"description\":\"Central de Compras y Servicios Europea especializada en maquinaria para el manejo de materiales.\",\"alternateName\":\"MB-Maquinaria\",\"potentialAction\":[{\"@type\":\"SearchAction\",\"target\":{\"@type\":\"EntryPoint\",\"urlTemplate\":\"https:\/\/mb-maquinaria.com\/fr\/?s={search_term_string}\"},\"query-input\":{\"@type\":\"PropertyValueSpecification\",\"valueRequired\":true,\"valueName\":\"search_term_string\"}}],\"inLanguage\":\"fr-FR\"}]}<\/script>\n<!-- \/ Yoast SEO plugin. -->","yoast_head_json":{"title":"Gerbeur \u00e9lectrique ES12-12ES | MB Maquinaria","robots":{"index":"index","follow":"follow","max-snippet":"max-snippet:-1","max-image-preview":"max-image-preview:large","max-video-preview":"max-video-preview:-1"},"canonical":"https:\/\/mb-maquinaria.com\/fr\/producto\/produits-phares\/es12-12es\/","og_locale":"fr_FR","og_type":"article","og_title":"Gerbeur \u00e9lectrique ES12-12ES | MB Maquinaria","og_description":"Batterie: 2x12V\/105Ah  Capacit\u00e9 : 1200 Kg  Longueur de fourches : Min: 1150 mm - Max: 1220 mm  Largeur de fourche:560\/685mm  Lev\u00e9e : Min: 2515 mm - Max: 3615 mm  Vitesse: 4.0\/4.5km\/h  Contr\u00f4leur: CURTIS","og_url":"https:\/\/mb-maquinaria.com\/fr\/producto\/produits-phares\/es12-12es\/","og_site_name":"MB Maquinaria","article_modified_time":"2024-02-15T18:07:13+00:00","og_image":[{"width":900,"height":900,"url":"https:\/\/mb-maquinaria.com\/wp-content\/uploads\/2020\/08\/mb-forklift-es12-12es.jpg","type":"image\/jpeg"}],"twitter_card":"summary_large_image","twitter_misc":{"Dur\u00e9e de lecture estim\u00e9e":"1 minute"},"schema":{"@context":"https:\/\/schema.org","@graph":[{"@type":"WebPage","@id":"https:\/\/mb-maquinaria.com\/fr\/producto\/produits-phares\/es12-12es\/","url":"https:\/\/mb-maquinaria.com\/fr\/producto\/produits-phares\/es12-12es\/","name":"Gerbeur \u00e9lectrique ES12-12ES | MB Maquinaria","isPartOf":{"@id":"https:\/\/mb-maquinaria.com\/fr\/#website"},"primaryImageOfPage":{"@id":"https:\/\/mb-maquinaria.com\/fr\/producto\/produits-phares\/es12-12es\/#primaryimage"},"image":{"@id":"https:\/\/mb-maquinaria.com\/fr\/producto\/produits-phares\/es12-12es\/#primaryimage"},"thumbnailUrl":"https:\/\/mb-maquinaria.com\/wp-content\/uploads\/2020\/08\/mb-forklift-es12-12es.jpg","datePublished":"2021-03-26T08:56:18+00:00","dateModified":"2024-02-15T18:07:13+00:00","breadcrumb":{"@id":"https:\/\/mb-maquinaria.com\/fr\/producto\/produits-phares\/es12-12es\/#breadcrumb"},"inLanguage":"fr-FR","potentialAction":[{"@type":"ReadAction","target":["https:\/\/mb-maquinaria.com\/fr\/producto\/produits-phares\/es12-12es\/"]}]},{"@type":"ImageObject","inLanguage":"fr-FR","@id":"https:\/\/mb-maquinaria.com\/fr\/producto\/produits-phares\/es12-12es\/#primaryimage","url":"https:\/\/mb-maquinaria.com\/wp-content\/uploads\/2020\/08\/mb-forklift-es12-12es.jpg","contentUrl":"https:\/\/mb-maquinaria.com\/wp-content\/uploads\/2020\/08\/mb-forklift-es12-12es.jpg","width":900,"height":900},{"@type":"BreadcrumbList","@id":"https:\/\/mb-maquinaria.com\/fr\/producto\/produits-phares\/es12-12es\/#breadcrumb","itemListElement":[{"@type":"ListItem","position":1,"name":"Portada","item":"https:\/\/mb-maquinaria.com\/fr\/boceto-home\/"},{"@type":"ListItem","position":2,"name":"Boutique","item":"https:\/\/mb-maquinaria.com\/shop\/"},{"@type":"ListItem","position":3,"name":"ES12-12ES"}]},{"@type":"WebSite","@id":"https:\/\/mb-maquinaria.com\/fr\/#website","url":"https:\/\/mb-maquinaria.com\/fr\/","name":"MB","description":"Central de Compras y Servicios Europea especializada en maquinaria para el manejo de materiales.","alternateName":"MB-Maquinaria","potentialAction":[{"@type":"SearchAction","target":{"@type":"EntryPoint","urlTemplate":"https:\/\/mb-maquinaria.com\/fr\/?s={search_term_string}"},"query-input":{"@type":"PropertyValueSpecification","valueRequired":true,"valueName":"search_term_string"}}],"inLanguage":"fr-FR"}]}},"_links":{"self":[{"href":"https:\/\/mb-maquinaria.com\/fr\/wp-json\/wp\/v2\/product\/1748","targetHints":{"allow":["GET"]}}],"collection":[{"href":"https:\/\/mb-maquinaria.com\/fr\/wp-json\/wp\/v2\/product"}],"about":[{"href":"https:\/\/mb-maquinaria.com\/fr\/wp-json\/wp\/v2\/types\/product"}],"replies":[{"embeddable":true,"href":"https:\/\/mb-maquinaria.com\/fr\/wp-json\/wp\/v2\/comments?post=1748"}],"wp:featuredmedia":[{"embeddable":true,"href":"https:\/\/mb-maquinaria.com\/fr\/wp-json\/wp\/v2\/media\/1734"}],"wp:attachment":[{"href":"https:\/\/mb-maquinaria.com\/fr\/wp-json\/wp\/v2\/media?parent=1748"}],"wp:term":[{"taxonomy":"product_brand","embeddable":true,"href":"https:\/\/mb-maquinaria.com\/fr\/wp-json\/wp\/v2\/product_brand?post=1748"},{"taxonomy":"product_cat","embeddable":true,"href":"https:\/\/mb-maquinaria.com\/fr\/wp-json\/wp\/v2\/product_cat?post=1748"},{"taxonomy":"product_tag","embeddable":true,"href":"https:\/\/mb-maquinaria.com\/fr\/wp-json\/wp\/v2\/product_tag?post=1748"}],"curies":[{"name":"wp","href":"https:\/\/api.w.org\/{rel}","templated":true}]}}