{"id":1810,"date":"2020-08-20T12:52:32","date_gmt":"2021-03-26T10:48:10","guid":{"rendered":"https:\/\/mb-maquinaria.com\/product\/jx0\/"},"modified":"2021-05-31T15:22:00","modified_gmt":"2021-05-31T14:22:00","slug":"jx0","status":"publish","type":"product","link":"https:\/\/mb-maquinaria.com\/fr\/producto\/mb-forklift-fr\/preparateur-de-commandes\/jx0\/","title":{"rendered":"JX0"},"content":{"rendered":"<div class=\"row align-middle\"  id=\"row-250626413\">\n\n\t<div id=\"col-324248194\" class=\"col medium-4 small-12 large-4\"  >\n\t\t\t\t<div class=\"col-inner\"  >\n\t\t\t\n\t\t\t\n\t<div class=\"img has-hover x md-x lg-x y md-y lg-y\" id=\"image_1102942357\">\n\t\t\t\t\t\t\t\t<div class=\"img-inner dark\" >\n\t\t\t<img loading=\"lazy\" decoding=\"async\" width=\"785\" height=\"800\" src=\"https:\/\/mb-maquinaria.com\/wp-content\/uploads\/2020\/12\/JX0_carac-02-785x800.png\" class=\"attachment-large size-large\" alt=\"\" srcset=\"https:\/\/mb-maquinaria.com\/wp-content\/uploads\/2020\/12\/JX0_carac-02-785x800.png 785w, https:\/\/mb-maquinaria.com\/wp-content\/uploads\/2020\/12\/JX0_carac-02-393x400.png 393w, https:\/\/mb-maquinaria.com\/wp-content\/uploads\/2020\/12\/JX0_carac-02-768x782.png 768w, https:\/\/mb-maquinaria.com\/wp-content\/uploads\/2020\/12\/JX0_carac-02-1508x1536.png 1508w, https:\/\/mb-maquinaria.com\/wp-content\/uploads\/2020\/12\/JX0_carac-02-2010x2048.png 2010w, https:\/\/mb-maquinaria.com\/wp-content\/uploads\/2020\/12\/JX0_carac-02-600x611.png 600w\" sizes=\"auto, (max-width: 785px) 100vw, 785px\" \/>\t\t\t\t\t\t\n\t\t\t\t\t<\/div>\n\t\t\t\t\t\t\t\t\n<style>\n#image_1102942357 {\n  width: 100%;\n}\n<\/style>\n\t<\/div>\n\t\n\t\t<\/div>\n\t\t\t\t\t<\/div>\n\n\t\n\n\t<div id=\"col-905293248\" class=\"col medium-6 small-12 large-6\"  >\n\t\t\t\t<div class=\"col-inner\"  >\n\t\t\t\n\t\t\t\n<h1 class=\"thin-font\"><strong>JX0<br \/>\n<\/strong><span style=\"font-size: 75%\">Pr\u00e9parateurs de commande<\/span> <strong><br \/>\n<\/strong><\/h1>\n\t<div id=\"text-342992351\" class=\"text vamosajustificar\">\n\t\t\n<h4><span style=\"color: #424242\"><strong><span style=\"color: #ff6600\">+Nouvelle g\u00e9n\u00e9ration :<\/span><\/strong> le pr\u00e9parateur de commandes JX0 est le support des t\u00e2ches de nouvelle g\u00e9n\u00e9ration<\/span><\/h4>\n<h4><span style=\"color: #ff6600\"><strong>+Stable et intuitif : <\/strong><\/span>Le principal avantage du JX0 est son m\u00e2t tr\u00e8s stable et son interface utilisateur intuitive.<\/h4>\n<h4><span style=\"color: #ff6600\"><strong>+Preparation de commandes:<\/strong><\/span>Encore plus performant dans la pr\u00e9paration des commandes de petits volumes.<\/h4>\n<h4><span style=\"color: #ff6600\"><strong>+S\u00e9curit\u00e9 :<\/strong><\/span> JX0 r\u00e9duit les accidents du travail et augmente la productivit\u00e9 des entrep\u00f4ts.<\/h4>\n\t\t\t<\/div>\n\t\n\t\t<\/div>\n\t\t\t\t\t<\/div>\n\n\t\n<\/div>\n<div class=\"is-divider divider clearfix\" style=\"max-width:0px;height:22px;\"><\/div>\n<h1><span style=\"color: #ff6600\"><strong>+Photos<\/strong><\/span><\/h1>\n  <style>\n    #gallery-768879882 .grid-col-1{height: 600px}\n    #gallery-768879882 .grid-col-1-2{height: 300px}\n    #gallery-768879882 .grid-col-1-3{height:200px}\n    #gallery-768879882 .grid-col-2-3{height: 400px}\n    #gallery-768879882 .grid-col-1-4{height: 150px}\n    #gallery-768879882 .grid-col-3-4{height: 450px}\n\n\n        \/* Tablet *\/\n    @media (max-width: 850px){\n      #gallery-768879882 .grid-col-1{height: 400px}\n      #gallery-768879882 .grid-col-1-2{height: 200px}\n      #gallery-768879882 .grid-col-1-3{height:133.33333333333px}\n      #gallery-768879882 .grid-col-2-3{height: 266.66666666667px}\n      #gallery-768879882 .grid-col-1-4{height: 100px}\n      #gallery-768879882 .grid-col-3-4{height: 300px}\n    }\n    \n        \/* Mobile *\/\n    @media (max-width: 550px){\n      #gallery-768879882 .grid-col-1{height: 400px}\n      #gallery-768879882 .grid-col-1-2{height: 200px}\n      #gallery-768879882 .grid-col-1-3{height:133.33333333333px}\n      #gallery-768879882 .grid-col-2-3{height: 266.66666666667px}\n      #gallery-768879882 .grid-col-1-4{height: 100px}\n      #gallery-768879882 .grid-col-3-4{height: 300px}\n    }\n    \n\n  <\/style>\n  \n  \n    <div id=\"gallery-768879882\" class=\"row row-small row-grid\" data-packery-options='{\"itemSelector\": \".col\", \"gutter\": 0, \"presentageWidth\" : true}'>\n\n  <div class=\"gallery-col col grid-col grid-col-1 large-4 medium-6\" data-animate=\"fadeInUp\">\n          <div class=\"col-inner\">\n            <a class=\"image-lightbox lightbox-gallery\" href=\"https:\/\/mb-maquinaria.com\/wp-content\/uploads\/2020\/12\/ep-img-2.png\" title=\"\">            <div class=\"box has-hover gallery-box box-overlay dark box-text-center\">\n              <div class=\"box-image box-shadow-2 box-shadow-5-hover\" >\n                <img loading=\"lazy\" decoding=\"async\" width=\"502\" height=\"570\" src=\"https:\/\/mb-maquinaria.com\/wp-content\/uploads\/2020\/12\/ep-img-2.png\" class=\"attachment-large size-large\" alt=\"\" ids=\"1506,1503,1505,1502,1501,1504\" style=\"bounce\" type=\"grid\" grid=\"5\" col_spacing=\"small\" depth=\"2\" depth_hover=\"5\" animate=\"fadeInUp\" image_overlay=\"rgba(255, 255, 255, 0)\" text_hover=\"slide\" srcset=\"https:\/\/mb-maquinaria.com\/wp-content\/uploads\/2020\/12\/ep-img-2.png 502w, https:\/\/mb-maquinaria.com\/wp-content\/uploads\/2020\/12\/ep-img-2-352x400.png 352w\" sizes=\"auto, (max-width: 502px) 100vw, 502px\" \/>                                  <div class=\"overlay fill\"\n                      style=\"background-color: rgba(255, 255, 255, 0)\">\n                  <\/div>\n                                                              <\/div>\n              <div class=\"box-text show-on-hover hover-slide text-left dark\" >\n                 <p><\/p>\n              <\/div>\n            <\/div>\n            <\/a>          <\/div>\n         <\/div><div class=\"gallery-col col grid-col grid-col-1 large-4 medium-6\" data-animate=\"fadeInUp\">\n          <div class=\"col-inner\">\n            <a class=\"image-lightbox lightbox-gallery\" href=\"https:\/\/mb-maquinaria.com\/wp-content\/uploads\/2020\/12\/ep-img-4.png\" title=\"\">            <div class=\"box has-hover gallery-box box-overlay dark box-text-center\">\n              <div class=\"box-image box-shadow-2 box-shadow-5-hover\" >\n                <img loading=\"lazy\" decoding=\"async\" width=\"631\" height=\"504\" src=\"https:\/\/mb-maquinaria.com\/wp-content\/uploads\/2020\/12\/ep-img-4.png\" class=\"attachment-large size-large\" alt=\"\" ids=\"1506,1503,1505,1502,1501,1504\" style=\"bounce\" type=\"grid\" grid=\"5\" col_spacing=\"small\" depth=\"2\" depth_hover=\"5\" animate=\"fadeInUp\" image_overlay=\"rgba(255, 255, 255, 0)\" text_hover=\"slide\" srcset=\"https:\/\/mb-maquinaria.com\/wp-content\/uploads\/2020\/12\/ep-img-4.png 631w, https:\/\/mb-maquinaria.com\/wp-content\/uploads\/2020\/12\/ep-img-4-501x400.png 501w, https:\/\/mb-maquinaria.com\/wp-content\/uploads\/2020\/12\/ep-img-4-600x479.png 600w\" sizes=\"auto, (max-width: 631px) 100vw, 631px\" \/>                                  <div class=\"overlay fill\"\n                      style=\"background-color: rgba(255, 255, 255, 0)\">\n                  <\/div>\n                                                              <\/div>\n              <div class=\"box-text show-on-hover hover-slide text-left dark\" >\n                 <p><\/p>\n              <\/div>\n            <\/div>\n            <\/a>          <\/div>\n         <\/div><div class=\"gallery-col col grid-col grid-col-1 large-4 medium-6\" data-animate=\"fadeInUp\">\n          <div class=\"col-inner\">\n            <a class=\"image-lightbox lightbox-gallery\" href=\"https:\/\/mb-maquinaria.com\/wp-content\/uploads\/2020\/12\/image2-copia.jpg\" title=\"\">            <div class=\"box has-hover gallery-box box-overlay dark box-text-center\">\n              <div class=\"box-image box-shadow-2 box-shadow-5-hover\" >\n                <img loading=\"lazy\" decoding=\"async\" width=\"1020\" height=\"507\" src=\"https:\/\/mb-maquinaria.com\/wp-content\/uploads\/2020\/12\/image2-copia.jpg\" class=\"attachment-large size-large\" alt=\"\" ids=\"1506,1503,1505,1502,1501,1504\" style=\"bounce\" type=\"grid\" grid=\"5\" col_spacing=\"small\" depth=\"2\" depth_hover=\"5\" animate=\"fadeInUp\" image_overlay=\"rgba(255, 255, 255, 0)\" text_hover=\"slide\" srcset=\"https:\/\/mb-maquinaria.com\/wp-content\/uploads\/2020\/12\/image2-copia.jpg 1319w, https:\/\/mb-maquinaria.com\/wp-content\/uploads\/2020\/12\/image2-copia-800x397.jpg 800w, https:\/\/mb-maquinaria.com\/wp-content\/uploads\/2020\/12\/image2-copia-768x381.jpg 768w, https:\/\/mb-maquinaria.com\/wp-content\/uploads\/2020\/12\/image2-copia-600x298.jpg 600w\" sizes=\"auto, (max-width: 1020px) 100vw, 1020px\" \/>                                  <div class=\"overlay fill\"\n                      style=\"background-color: rgba(255, 255, 255, 0)\">\n                  <\/div>\n                                                              <\/div>\n              <div class=\"box-text show-on-hover hover-slide text-left dark\" >\n                 <p><\/p>\n              <\/div>\n            <\/div>\n            <\/a>          <\/div>\n         <\/div><div class=\"gallery-col col grid-col grid-col-1 large-4 medium-6\" data-animate=\"fadeInUp\">\n          <div class=\"col-inner\">\n            <a class=\"image-lightbox lightbox-gallery\" href=\"https:\/\/mb-maquinaria.com\/wp-content\/uploads\/2020\/12\/image4-495x343-1.jpg\" title=\"\">            <div class=\"box has-hover gallery-box box-overlay dark box-text-center\">\n              <div class=\"box-image box-shadow-2 box-shadow-5-hover\" >\n                <img loading=\"lazy\" decoding=\"async\" width=\"495\" height=\"343\" src=\"https:\/\/mb-maquinaria.com\/wp-content\/uploads\/2020\/12\/image4-495x343-1.jpg\" class=\"attachment-large size-large\" alt=\"\" ids=\"1506,1503,1505,1502,1501,1504\" style=\"bounce\" type=\"grid\" grid=\"5\" col_spacing=\"small\" depth=\"2\" depth_hover=\"5\" animate=\"fadeInUp\" image_overlay=\"rgba(255, 255, 255, 0)\" text_hover=\"slide\" \/>                                  <div class=\"overlay fill\"\n                      style=\"background-color: rgba(255, 255, 255, 0)\">\n                  <\/div>\n                                                              <\/div>\n              <div class=\"box-text show-on-hover hover-slide text-left dark\" >\n                 <p><\/p>\n              <\/div>\n            <\/div>\n            <\/a>          <\/div>\n         <\/div><div class=\"gallery-col col grid-col grid-col-1 large-4 medium-6\" data-animate=\"fadeInUp\">\n          <div class=\"col-inner\">\n            <a class=\"image-lightbox lightbox-gallery\" href=\"https:\/\/mb-maquinaria.com\/wp-content\/uploads\/2020\/12\/JX0_carac-02-785x800.png\" title=\"\">            <div class=\"box has-hover gallery-box box-overlay dark box-text-center\">\n              <div class=\"box-image box-shadow-2 box-shadow-5-hover\" >\n                <img loading=\"lazy\" decoding=\"async\" width=\"785\" height=\"800\" src=\"https:\/\/mb-maquinaria.com\/wp-content\/uploads\/2020\/12\/JX0_carac-02-785x800.png\" class=\"attachment-large size-large\" alt=\"\" ids=\"1506,1503,1505,1502,1501,1504\" style=\"bounce\" type=\"grid\" grid=\"5\" col_spacing=\"small\" depth=\"2\" depth_hover=\"5\" animate=\"fadeInUp\" image_overlay=\"rgba(255, 255, 255, 0)\" text_hover=\"slide\" srcset=\"https:\/\/mb-maquinaria.com\/wp-content\/uploads\/2020\/12\/JX0_carac-02-785x800.png 785w, https:\/\/mb-maquinaria.com\/wp-content\/uploads\/2020\/12\/JX0_carac-02-393x400.png 393w, https:\/\/mb-maquinaria.com\/wp-content\/uploads\/2020\/12\/JX0_carac-02-768x782.png 768w, https:\/\/mb-maquinaria.com\/wp-content\/uploads\/2020\/12\/JX0_carac-02-1508x1536.png 1508w, https:\/\/mb-maquinaria.com\/wp-content\/uploads\/2020\/12\/JX0_carac-02-2010x2048.png 2010w, https:\/\/mb-maquinaria.com\/wp-content\/uploads\/2020\/12\/JX0_carac-02-600x611.png 600w\" sizes=\"auto, (max-width: 785px) 100vw, 785px\" \/>                                  <div class=\"overlay fill\"\n                      style=\"background-color: rgba(255, 255, 255, 0)\">\n                  <\/div>\n                                                              <\/div>\n              <div class=\"box-text show-on-hover hover-slide text-left dark\" >\n                 <p><\/p>\n              <\/div>\n            <\/div>\n            <\/a>          <\/div>\n         <\/div><div class=\"gallery-col col grid-col grid-col-1 large-4 medium-6\" data-animate=\"fadeInUp\">\n          <div class=\"col-inner\">\n            <a class=\"image-lightbox lightbox-gallery\" href=\"https:\/\/mb-maquinaria.com\/wp-content\/uploads\/2020\/12\/image5-495x338-1.jpg\" title=\"\">            <div class=\"box has-hover gallery-box box-overlay dark box-text-center\">\n              <div class=\"box-image box-shadow-2 box-shadow-5-hover\" >\n                <img loading=\"lazy\" decoding=\"async\" width=\"495\" height=\"338\" src=\"https:\/\/mb-maquinaria.com\/wp-content\/uploads\/2020\/12\/image5-495x338-1.jpg\" class=\"attachment-large size-large\" alt=\"\" ids=\"1506,1503,1505,1502,1501,1504\" style=\"bounce\" type=\"grid\" grid=\"5\" col_spacing=\"small\" depth=\"2\" depth_hover=\"5\" animate=\"fadeInUp\" image_overlay=\"rgba(255, 255, 255, 0)\" text_hover=\"slide\" \/>                                  <div class=\"overlay fill\"\n                      style=\"background-color: rgba(255, 255, 255, 0)\">\n                  <\/div>\n                                                              <\/div>\n              <div class=\"box-text show-on-hover hover-slide text-left dark\" >\n                 <p><\/p>\n              <\/div>\n            <\/div>\n            <\/a>          <\/div>\n         <\/div><\/div>\n","protected":false},"excerpt":{"rendered":"<ul>\n<li><strong>Capacit\u00e9 :<\/strong> 90\/110\/136Kg<\/li>\n<li><strong>Hauteur de lev\u00e9e :<\/strong> 3000mm<\/li>\n<li><strong>Batterie au lithium :<\/strong> 24V\/120Ah<\/li>\n<\/ul>\n<p><img loading=\"lazy\" decoding=\"async\" class=\"alignnone wp-image-1463\" src=\"https:\/\/mb-maquinaria.com\/wp-content\/uploads\/2020\/08\/litio.png\" alt=\"\" width=\"87\" height=\"34\"><\/p>\n","protected":false},"featured_media":1811,"comment_status":"open","ping_status":"closed","template":"","meta":[],"product_brand":[],"product_cat":[343,337],"product_tag":[345,404,338],"class_list":{"0":"post-1810","1":"product","2":"type-product","3":"status-publish","4":"has-post-thumbnail","6":"product_cat-hauteur-moyenne","7":"product_cat-preparateur-de-commandes","8":"product_tag-hauteur-moyenne","9":"product_tag-jx0-h123000-mm-fr","10":"product_tag-preparateur-de-commandes","12":"first","13":"instock","14":"shipping-taxable","15":"product-type-simple"},"yoast_head":"<!-- This site is optimized with the Yoast SEO plugin v27.2 - https:\/\/yoast.com\/product\/yoast-seo-wordpress\/ -->\n<title>JX0 | MB Maquinaria<\/title>\n<meta name=\"robots\" content=\"index, follow, max-snippet:-1, max-image-preview:large, max-video-preview:-1\" \/>\n<link rel=\"canonical\" href=\"https:\/\/mb-maquinaria.com\/fr\/producto\/mb-forklift-fr\/preparateur-de-commandes\/jx0\/\" \/>\n<meta property=\"og:locale\" content=\"fr_FR\" \/>\n<meta property=\"og:type\" content=\"article\" \/>\n<meta property=\"og:title\" content=\"JX0 | MB Maquinaria\" \/>\n<meta property=\"og:description\" content=\"Capacit\u00e9 : 90\/110\/136Kg  Hauteur de lev\u00e9e : 3000mm  Batterie au lithium : 24V\/120Ah\" \/>\n<meta property=\"og:url\" content=\"https:\/\/mb-maquinaria.com\/fr\/producto\/mb-forklift-fr\/preparateur-de-commandes\/jx0\/\" \/>\n<meta property=\"og:site_name\" content=\"MB Maquinaria\" \/>\n<meta property=\"article:modified_time\" content=\"2021-05-31T14:22:00+00:00\" \/>\n<meta property=\"og:image\" content=\"https:\/\/mb-maquinaria.com\/wp-content\/uploads\/2020\/08\/jx0.jpg\" \/>\n\t<meta property=\"og:image:width\" content=\"900\" \/>\n\t<meta property=\"og:image:height\" content=\"900\" \/>\n\t<meta property=\"og:image:type\" content=\"image\/jpeg\" \/>\n<meta name=\"twitter:card\" content=\"summary_large_image\" \/>\n<meta name=\"twitter:label1\" content=\"Dur\u00e9e de lecture estim\u00e9e\" \/>\n\t<meta name=\"twitter:data1\" content=\"1 minute\" \/>\n<script type=\"application\/ld+json\" class=\"yoast-schema-graph\">{\"@context\":\"https:\/\/schema.org\",\"@graph\":[{\"@type\":\"WebPage\",\"@id\":\"https:\/\/mb-maquinaria.com\/fr\/producto\/mb-forklift-fr\/preparateur-de-commandes\/jx0\/\",\"url\":\"https:\/\/mb-maquinaria.com\/fr\/producto\/mb-forklift-fr\/preparateur-de-commandes\/jx0\/\",\"name\":\"JX0 | MB Maquinaria\",\"isPartOf\":{\"@id\":\"https:\/\/mb-maquinaria.com\/fr\/#website\"},\"primaryImageOfPage\":{\"@id\":\"https:\/\/mb-maquinaria.com\/fr\/producto\/mb-forklift-fr\/preparateur-de-commandes\/jx0\/#primaryimage\"},\"image\":{\"@id\":\"https:\/\/mb-maquinaria.com\/fr\/producto\/mb-forklift-fr\/preparateur-de-commandes\/jx0\/#primaryimage\"},\"thumbnailUrl\":\"https:\/\/mb-maquinaria.com\/wp-content\/uploads\/2020\/08\/jx0.jpg\",\"datePublished\":\"2021-03-26T10:48:10+00:00\",\"dateModified\":\"2021-05-31T14:22:00+00:00\",\"breadcrumb\":{\"@id\":\"https:\/\/mb-maquinaria.com\/fr\/producto\/mb-forklift-fr\/preparateur-de-commandes\/jx0\/#breadcrumb\"},\"inLanguage\":\"fr-FR\",\"potentialAction\":[{\"@type\":\"ReadAction\",\"target\":[\"https:\/\/mb-maquinaria.com\/fr\/producto\/mb-forklift-fr\/preparateur-de-commandes\/jx0\/\"]}]},{\"@type\":\"ImageObject\",\"inLanguage\":\"fr-FR\",\"@id\":\"https:\/\/mb-maquinaria.com\/fr\/producto\/mb-forklift-fr\/preparateur-de-commandes\/jx0\/#primaryimage\",\"url\":\"https:\/\/mb-maquinaria.com\/wp-content\/uploads\/2020\/08\/jx0.jpg\",\"contentUrl\":\"https:\/\/mb-maquinaria.com\/wp-content\/uploads\/2020\/08\/jx0.jpg\",\"width\":900,\"height\":900},{\"@type\":\"BreadcrumbList\",\"@id\":\"https:\/\/mb-maquinaria.com\/fr\/producto\/mb-forklift-fr\/preparateur-de-commandes\/jx0\/#breadcrumb\",\"itemListElement\":[{\"@type\":\"ListItem\",\"position\":1,\"name\":\"Portada\",\"item\":\"https:\/\/mb-maquinaria.com\/fr\/boceto-home\/\"},{\"@type\":\"ListItem\",\"position\":2,\"name\":\"Boutique\",\"item\":\"https:\/\/mb-maquinaria.com\/shop\/\"},{\"@type\":\"ListItem\",\"position\":3,\"name\":\"JX0\"}]},{\"@type\":\"WebSite\",\"@id\":\"https:\/\/mb-maquinaria.com\/fr\/#website\",\"url\":\"https:\/\/mb-maquinaria.com\/fr\/\",\"name\":\"MB\",\"description\":\"Central de Compras y Servicios Europea especializada en maquinaria para el manejo de materiales.\",\"alternateName\":\"MB-Maquinaria\",\"potentialAction\":[{\"@type\":\"SearchAction\",\"target\":{\"@type\":\"EntryPoint\",\"urlTemplate\":\"https:\/\/mb-maquinaria.com\/fr\/?s={search_term_string}\"},\"query-input\":{\"@type\":\"PropertyValueSpecification\",\"valueRequired\":true,\"valueName\":\"search_term_string\"}}],\"inLanguage\":\"fr-FR\"}]}<\/script>\n<!-- \/ Yoast SEO plugin. -->","yoast_head_json":{"title":"JX0 | MB Maquinaria","robots":{"index":"index","follow":"follow","max-snippet":"max-snippet:-1","max-image-preview":"max-image-preview:large","max-video-preview":"max-video-preview:-1"},"canonical":"https:\/\/mb-maquinaria.com\/fr\/producto\/mb-forklift-fr\/preparateur-de-commandes\/jx0\/","og_locale":"fr_FR","og_type":"article","og_title":"JX0 | MB Maquinaria","og_description":"Capacit\u00e9 : 90\/110\/136Kg  Hauteur de lev\u00e9e : 3000mm  Batterie au lithium : 24V\/120Ah","og_url":"https:\/\/mb-maquinaria.com\/fr\/producto\/mb-forklift-fr\/preparateur-de-commandes\/jx0\/","og_site_name":"MB Maquinaria","article_modified_time":"2021-05-31T14:22:00+00:00","og_image":[{"width":900,"height":900,"url":"https:\/\/mb-maquinaria.com\/wp-content\/uploads\/2020\/08\/jx0.jpg","type":"image\/jpeg"}],"twitter_card":"summary_large_image","twitter_misc":{"Dur\u00e9e de lecture estim\u00e9e":"1 minute"},"schema":{"@context":"https:\/\/schema.org","@graph":[{"@type":"WebPage","@id":"https:\/\/mb-maquinaria.com\/fr\/producto\/mb-forklift-fr\/preparateur-de-commandes\/jx0\/","url":"https:\/\/mb-maquinaria.com\/fr\/producto\/mb-forklift-fr\/preparateur-de-commandes\/jx0\/","name":"JX0 | MB Maquinaria","isPartOf":{"@id":"https:\/\/mb-maquinaria.com\/fr\/#website"},"primaryImageOfPage":{"@id":"https:\/\/mb-maquinaria.com\/fr\/producto\/mb-forklift-fr\/preparateur-de-commandes\/jx0\/#primaryimage"},"image":{"@id":"https:\/\/mb-maquinaria.com\/fr\/producto\/mb-forklift-fr\/preparateur-de-commandes\/jx0\/#primaryimage"},"thumbnailUrl":"https:\/\/mb-maquinaria.com\/wp-content\/uploads\/2020\/08\/jx0.jpg","datePublished":"2021-03-26T10:48:10+00:00","dateModified":"2021-05-31T14:22:00+00:00","breadcrumb":{"@id":"https:\/\/mb-maquinaria.com\/fr\/producto\/mb-forklift-fr\/preparateur-de-commandes\/jx0\/#breadcrumb"},"inLanguage":"fr-FR","potentialAction":[{"@type":"ReadAction","target":["https:\/\/mb-maquinaria.com\/fr\/producto\/mb-forklift-fr\/preparateur-de-commandes\/jx0\/"]}]},{"@type":"ImageObject","inLanguage":"fr-FR","@id":"https:\/\/mb-maquinaria.com\/fr\/producto\/mb-forklift-fr\/preparateur-de-commandes\/jx0\/#primaryimage","url":"https:\/\/mb-maquinaria.com\/wp-content\/uploads\/2020\/08\/jx0.jpg","contentUrl":"https:\/\/mb-maquinaria.com\/wp-content\/uploads\/2020\/08\/jx0.jpg","width":900,"height":900},{"@type":"BreadcrumbList","@id":"https:\/\/mb-maquinaria.com\/fr\/producto\/mb-forklift-fr\/preparateur-de-commandes\/jx0\/#breadcrumb","itemListElement":[{"@type":"ListItem","position":1,"name":"Portada","item":"https:\/\/mb-maquinaria.com\/fr\/boceto-home\/"},{"@type":"ListItem","position":2,"name":"Boutique","item":"https:\/\/mb-maquinaria.com\/shop\/"},{"@type":"ListItem","position":3,"name":"JX0"}]},{"@type":"WebSite","@id":"https:\/\/mb-maquinaria.com\/fr\/#website","url":"https:\/\/mb-maquinaria.com\/fr\/","name":"MB","description":"Central de Compras y Servicios Europea especializada en maquinaria para el manejo de materiales.","alternateName":"MB-Maquinaria","potentialAction":[{"@type":"SearchAction","target":{"@type":"EntryPoint","urlTemplate":"https:\/\/mb-maquinaria.com\/fr\/?s={search_term_string}"},"query-input":{"@type":"PropertyValueSpecification","valueRequired":true,"valueName":"search_term_string"}}],"inLanguage":"fr-FR"}]}},"_links":{"self":[{"href":"https:\/\/mb-maquinaria.com\/fr\/wp-json\/wp\/v2\/product\/1810","targetHints":{"allow":["GET"]}}],"collection":[{"href":"https:\/\/mb-maquinaria.com\/fr\/wp-json\/wp\/v2\/product"}],"about":[{"href":"https:\/\/mb-maquinaria.com\/fr\/wp-json\/wp\/v2\/types\/product"}],"replies":[{"embeddable":true,"href":"https:\/\/mb-maquinaria.com\/fr\/wp-json\/wp\/v2\/comments?post=1810"}],"wp:featuredmedia":[{"embeddable":true,"href":"https:\/\/mb-maquinaria.com\/fr\/wp-json\/wp\/v2\/media\/1811"}],"wp:attachment":[{"href":"https:\/\/mb-maquinaria.com\/fr\/wp-json\/wp\/v2\/media?parent=1810"}],"wp:term":[{"taxonomy":"product_brand","embeddable":true,"href":"https:\/\/mb-maquinaria.com\/fr\/wp-json\/wp\/v2\/product_brand?post=1810"},{"taxonomy":"product_cat","embeddable":true,"href":"https:\/\/mb-maquinaria.com\/fr\/wp-json\/wp\/v2\/product_cat?post=1810"},{"taxonomy":"product_tag","embeddable":true,"href":"https:\/\/mb-maquinaria.com\/fr\/wp-json\/wp\/v2\/product_tag?post=1810"}],"curies":[{"name":"wp","href":"https:\/\/api.w.org\/{rel}","templated":true}]}}