{"id":5303,"date":"2024-01-25T07:45:31","date_gmt":"2024-01-26T01:36:39","guid":{"rendered":"https:\/\/mb-maquinaria.com\/producto\/non%20class\u00e9\/tout-terrain\/"},"modified":"2024-02-14T19:28:59","modified_gmt":"2024-02-14T18:28:59","slug":"tout-terrain","status":"publish","type":"product","link":"https:\/\/mb-maquinaria.com\/fr\/producto\/mb-forklift-fr\/tout-terrain\/tout-terrain\/","title":{"rendered":"TOUT TERRAIN"},"content":{"rendered":"","protected":false},"excerpt":{"rendered":"<ul>\n<li><strong>Mod\u00e8les:<\/strong> CPCD20-KU5Y2G3, CPCD25-KU5Y2G3, CPCD25-KU5Y4G3, CPCD30-KU5Y2G3, CPCD35-KU5Y2G3, CPCD30-KU5Y4G3, CPCD35-KU5Y4G3, CPCD20-KU5Y4G3<\/li>\n<li><strong>Capacit\u00e9 de charge:<\/strong> 2000-3500 Kg<strong><br \/>\n<\/strong><\/li>\n<li><strong>Longueur de fourche:<\/strong>1070mm<strong><br \/>\n<\/strong><\/li>\n<li><strong>M\u00e2ts:<\/strong> duplex, duplex \u00e0 grande lev\u00e9e libre et triplex jusqu&rsquo;\u00e0 6000 mm<\/li>\n<li><strong>Vitesse maximale:<\/strong> 20\/20 Km\/h<strong><br \/>\n<\/strong><\/li>\n<li><strong>Moteur diesel: <\/strong>KUBOTA V2403-CRTE5B<\/li>\n<li><strong>Pneumatiques:<\/strong> Tout terrain<\/li>\n<\/ul>\n","protected":false},"featured_media":5275,"comment_status":"closed","ping_status":"closed","template":"","meta":[],"product_brand":[],"product_cat":[558],"product_tag":[534],"class_list":{"0":"post-5303","1":"product","2":"type-product","3":"status-publish","4":"has-post-thumbnail","6":"product_cat-tout-terrain","7":"product_tag-tout-terrain","9":"first","10":"instock","11":"shipping-taxable","12":"product-type-simple"},"yoast_head":"<!-- This site is optimized with the Yoast SEO plugin v27.2 - https:\/\/yoast.com\/product\/yoast-seo-wordpress\/ -->\n<title>TOUT TERRAIN | MB Maquinaria<\/title>\n<meta name=\"robots\" content=\"index, follow, max-snippet:-1, max-image-preview:large, max-video-preview:-1\" \/>\n<link rel=\"canonical\" href=\"https:\/\/mb-maquinaria.com\/fr\/producto\/mb-forklift-fr\/tout-terrain\/tout-terrain\/\" \/>\n<meta property=\"og:locale\" content=\"fr_FR\" \/>\n<meta property=\"og:type\" content=\"article\" \/>\n<meta property=\"og:title\" content=\"TOUT TERRAIN | MB Maquinaria\" \/>\n<meta property=\"og:description\" content=\"Mod\u00e8les: CPCD20-KU5Y2G3, CPCD25-KU5Y2G3, CPCD25-KU5Y4G3, CPCD30-KU5Y2G3, CPCD35-KU5Y2G3, CPCD30-KU5Y4G3, CPCD35-KU5Y4G3, CPCD20-KU5Y4G3  Capacit\u00e9 de charge: 2000-3500 Kg  Longueur de fourche:1070mm  M\u00e2ts: duplex, duplex \u00e0 grande lev\u00e9e libre et triplex jusqu&#039;\u00e0 6000 mm  Vitesse maximale: 20\/20 Km\/h  Moteur diesel: KUBOTA V2403-CRTE5B  Pneumatiques: Tout terrain\" \/>\n<meta property=\"og:url\" content=\"https:\/\/mb-maquinaria.com\/fr\/producto\/mb-forklift-fr\/tout-terrain\/tout-terrain\/\" \/>\n<meta property=\"og:site_name\" content=\"MB Maquinaria\" \/>\n<meta property=\"article:modified_time\" content=\"2024-02-14T18:28:59+00:00\" \/>\n<meta property=\"og:image\" content=\"https:\/\/mb-maquinaria.com\/wp-content\/uploads\/2024\/01\/CPCD_TODOTERRENO.jpg\" \/>\n\t<meta property=\"og:image:width\" content=\"2408\" \/>\n\t<meta property=\"og:image:height\" content=\"2154\" \/>\n\t<meta property=\"og:image:type\" content=\"image\/jpeg\" \/>\n<meta name=\"twitter:card\" content=\"summary_large_image\" \/>\n<script type=\"application\/ld+json\" class=\"yoast-schema-graph\">{\"@context\":\"https:\/\/schema.org\",\"@graph\":[{\"@type\":\"WebPage\",\"@id\":\"https:\/\/mb-maquinaria.com\/fr\/producto\/mb-forklift-fr\/tout-terrain\/tout-terrain\/\",\"url\":\"https:\/\/mb-maquinaria.com\/fr\/producto\/mb-forklift-fr\/tout-terrain\/tout-terrain\/\",\"name\":\"TOUT TERRAIN | MB Maquinaria\",\"isPartOf\":{\"@id\":\"https:\/\/mb-maquinaria.com\/fr\/#website\"},\"primaryImageOfPage\":{\"@id\":\"https:\/\/mb-maquinaria.com\/fr\/producto\/mb-forklift-fr\/tout-terrain\/tout-terrain\/#primaryimage\"},\"image\":{\"@id\":\"https:\/\/mb-maquinaria.com\/fr\/producto\/mb-forklift-fr\/tout-terrain\/tout-terrain\/#primaryimage\"},\"thumbnailUrl\":\"https:\/\/mb-maquinaria.com\/wp-content\/uploads\/2024\/01\/CPCD_TODOTERRENO.jpg\",\"datePublished\":\"2024-01-26T01:36:39+00:00\",\"dateModified\":\"2024-02-14T18:28:59+00:00\",\"breadcrumb\":{\"@id\":\"https:\/\/mb-maquinaria.com\/fr\/producto\/mb-forklift-fr\/tout-terrain\/tout-terrain\/#breadcrumb\"},\"inLanguage\":\"fr-FR\",\"potentialAction\":[{\"@type\":\"ReadAction\",\"target\":[\"https:\/\/mb-maquinaria.com\/fr\/producto\/mb-forklift-fr\/tout-terrain\/tout-terrain\/\"]}]},{\"@type\":\"ImageObject\",\"inLanguage\":\"fr-FR\",\"@id\":\"https:\/\/mb-maquinaria.com\/fr\/producto\/mb-forklift-fr\/tout-terrain\/tout-terrain\/#primaryimage\",\"url\":\"https:\/\/mb-maquinaria.com\/wp-content\/uploads\/2024\/01\/CPCD_TODOTERRENO.jpg\",\"contentUrl\":\"https:\/\/mb-maquinaria.com\/wp-content\/uploads\/2024\/01\/CPCD_TODOTERRENO.jpg\",\"width\":2408,\"height\":2154},{\"@type\":\"BreadcrumbList\",\"@id\":\"https:\/\/mb-maquinaria.com\/fr\/producto\/mb-forklift-fr\/tout-terrain\/tout-terrain\/#breadcrumb\",\"itemListElement\":[{\"@type\":\"ListItem\",\"position\":1,\"name\":\"Portada\",\"item\":\"https:\/\/mb-maquinaria.com\/fr\/boceto-home\/\"},{\"@type\":\"ListItem\",\"position\":2,\"name\":\"Boutique\",\"item\":\"https:\/\/mb-maquinaria.com\/shop\/\"},{\"@type\":\"ListItem\",\"position\":3,\"name\":\"TOUT TERRAIN\"}]},{\"@type\":\"WebSite\",\"@id\":\"https:\/\/mb-maquinaria.com\/fr\/#website\",\"url\":\"https:\/\/mb-maquinaria.com\/fr\/\",\"name\":\"MB\",\"description\":\"Central de Compras y Servicios Europea especializada en maquinaria para el manejo de materiales.\",\"alternateName\":\"MB-Maquinaria\",\"potentialAction\":[{\"@type\":\"SearchAction\",\"target\":{\"@type\":\"EntryPoint\",\"urlTemplate\":\"https:\/\/mb-maquinaria.com\/fr\/?s={search_term_string}\"},\"query-input\":{\"@type\":\"PropertyValueSpecification\",\"valueRequired\":true,\"valueName\":\"search_term_string\"}}],\"inLanguage\":\"fr-FR\"}]}<\/script>\n<!-- \/ Yoast SEO plugin. -->","yoast_head_json":{"title":"TOUT TERRAIN | MB Maquinaria","robots":{"index":"index","follow":"follow","max-snippet":"max-snippet:-1","max-image-preview":"max-image-preview:large","max-video-preview":"max-video-preview:-1"},"canonical":"https:\/\/mb-maquinaria.com\/fr\/producto\/mb-forklift-fr\/tout-terrain\/tout-terrain\/","og_locale":"fr_FR","og_type":"article","og_title":"TOUT TERRAIN | MB Maquinaria","og_description":"Mod\u00e8les: CPCD20-KU5Y2G3, CPCD25-KU5Y2G3, CPCD25-KU5Y4G3, CPCD30-KU5Y2G3, CPCD35-KU5Y2G3, CPCD30-KU5Y4G3, CPCD35-KU5Y4G3, CPCD20-KU5Y4G3  Capacit\u00e9 de charge: 2000-3500 Kg  Longueur de fourche:1070mm  M\u00e2ts: duplex, duplex \u00e0 grande lev\u00e9e libre et triplex jusqu'\u00e0 6000 mm  Vitesse maximale: 20\/20 Km\/h  Moteur diesel: KUBOTA V2403-CRTE5B  Pneumatiques: Tout terrain","og_url":"https:\/\/mb-maquinaria.com\/fr\/producto\/mb-forklift-fr\/tout-terrain\/tout-terrain\/","og_site_name":"MB Maquinaria","article_modified_time":"2024-02-14T18:28:59+00:00","og_image":[{"width":2408,"height":2154,"url":"https:\/\/mb-maquinaria.com\/wp-content\/uploads\/2024\/01\/CPCD_TODOTERRENO.jpg","type":"image\/jpeg"}],"twitter_card":"summary_large_image","schema":{"@context":"https:\/\/schema.org","@graph":[{"@type":"WebPage","@id":"https:\/\/mb-maquinaria.com\/fr\/producto\/mb-forklift-fr\/tout-terrain\/tout-terrain\/","url":"https:\/\/mb-maquinaria.com\/fr\/producto\/mb-forklift-fr\/tout-terrain\/tout-terrain\/","name":"TOUT TERRAIN | MB Maquinaria","isPartOf":{"@id":"https:\/\/mb-maquinaria.com\/fr\/#website"},"primaryImageOfPage":{"@id":"https:\/\/mb-maquinaria.com\/fr\/producto\/mb-forklift-fr\/tout-terrain\/tout-terrain\/#primaryimage"},"image":{"@id":"https:\/\/mb-maquinaria.com\/fr\/producto\/mb-forklift-fr\/tout-terrain\/tout-terrain\/#primaryimage"},"thumbnailUrl":"https:\/\/mb-maquinaria.com\/wp-content\/uploads\/2024\/01\/CPCD_TODOTERRENO.jpg","datePublished":"2024-01-26T01:36:39+00:00","dateModified":"2024-02-14T18:28:59+00:00","breadcrumb":{"@id":"https:\/\/mb-maquinaria.com\/fr\/producto\/mb-forklift-fr\/tout-terrain\/tout-terrain\/#breadcrumb"},"inLanguage":"fr-FR","potentialAction":[{"@type":"ReadAction","target":["https:\/\/mb-maquinaria.com\/fr\/producto\/mb-forklift-fr\/tout-terrain\/tout-terrain\/"]}]},{"@type":"ImageObject","inLanguage":"fr-FR","@id":"https:\/\/mb-maquinaria.com\/fr\/producto\/mb-forklift-fr\/tout-terrain\/tout-terrain\/#primaryimage","url":"https:\/\/mb-maquinaria.com\/wp-content\/uploads\/2024\/01\/CPCD_TODOTERRENO.jpg","contentUrl":"https:\/\/mb-maquinaria.com\/wp-content\/uploads\/2024\/01\/CPCD_TODOTERRENO.jpg","width":2408,"height":2154},{"@type":"BreadcrumbList","@id":"https:\/\/mb-maquinaria.com\/fr\/producto\/mb-forklift-fr\/tout-terrain\/tout-terrain\/#breadcrumb","itemListElement":[{"@type":"ListItem","position":1,"name":"Portada","item":"https:\/\/mb-maquinaria.com\/fr\/boceto-home\/"},{"@type":"ListItem","position":2,"name":"Boutique","item":"https:\/\/mb-maquinaria.com\/shop\/"},{"@type":"ListItem","position":3,"name":"TOUT TERRAIN"}]},{"@type":"WebSite","@id":"https:\/\/mb-maquinaria.com\/fr\/#website","url":"https:\/\/mb-maquinaria.com\/fr\/","name":"MB","description":"Central de Compras y Servicios Europea especializada en maquinaria para el manejo de materiales.","alternateName":"MB-Maquinaria","potentialAction":[{"@type":"SearchAction","target":{"@type":"EntryPoint","urlTemplate":"https:\/\/mb-maquinaria.com\/fr\/?s={search_term_string}"},"query-input":{"@type":"PropertyValueSpecification","valueRequired":true,"valueName":"search_term_string"}}],"inLanguage":"fr-FR"}]}},"_links":{"self":[{"href":"https:\/\/mb-maquinaria.com\/fr\/wp-json\/wp\/v2\/product\/5303","targetHints":{"allow":["GET"]}}],"collection":[{"href":"https:\/\/mb-maquinaria.com\/fr\/wp-json\/wp\/v2\/product"}],"about":[{"href":"https:\/\/mb-maquinaria.com\/fr\/wp-json\/wp\/v2\/types\/product"}],"replies":[{"embeddable":true,"href":"https:\/\/mb-maquinaria.com\/fr\/wp-json\/wp\/v2\/comments?post=5303"}],"wp:featuredmedia":[{"embeddable":true,"href":"https:\/\/mb-maquinaria.com\/fr\/wp-json\/wp\/v2\/media\/5275"}],"wp:attachment":[{"href":"https:\/\/mb-maquinaria.com\/fr\/wp-json\/wp\/v2\/media?parent=5303"}],"wp:term":[{"taxonomy":"product_brand","embeddable":true,"href":"https:\/\/mb-maquinaria.com\/fr\/wp-json\/wp\/v2\/product_brand?post=5303"},{"taxonomy":"product_cat","embeddable":true,"href":"https:\/\/mb-maquinaria.com\/fr\/wp-json\/wp\/v2\/product_cat?post=5303"},{"taxonomy":"product_tag","embeddable":true,"href":"https:\/\/mb-maquinaria.com\/fr\/wp-json\/wp\/v2\/product_tag?post=5303"}],"curies":[{"name":"wp","href":"https:\/\/api.w.org\/{rel}","templated":true}]}}