{"id":5310,"date":"2024-01-25T06:20:40","date_gmt":"2024-01-26T03:56:53","guid":{"rendered":"https:\/\/mb-maquinaria.com\/producto\/non class\u00e9\/cdm312\/"},"modified":"2024-01-26T04:56:53","modified_gmt":"2024-01-26T03:56:53","slug":"cdm312","status":"publish","type":"product","link":"https:\/\/mb-maquinaria.com\/fr\/producto\/mb-loaders-fr\/mini-chargeur\/cdm312\/","title":{"rendered":"CDM312"},"content":{"rendered":"","protected":false},"excerpt":{"rendered":"<ul>\n<li><b>Poids en ordre de marche: <\/b> 3500Kg<\/li>\n<li><b>Capacit\u00e9 du godet:<\/b> 0.54m3<\/li>\n<li><b>Puissance nominale:<\/b> 55.8kW<\/li>\n<li><b>Charge utile nominale: <\/b>1230kg<\/li>\n<li><strong>Dimensions globales (LxLxH):<\/strong> 3460\u00d71820\u00d72020mm<\/li>\n<\/ul>\n","protected":false},"featured_media":6920,"comment_status":"open","ping_status":"closed","template":"","meta":[],"product_brand":[],"product_cat":[540],"product_tag":[535,541],"class_list":{"0":"post-5310","1":"product","2":"type-product","3":"status-publish","4":"has-post-thumbnail","6":"product_cat-mini-chargeur","7":"product_tag-cdm-fr","8":"product_tag-mini-chargeur","10":"first","11":"instock","12":"shipping-taxable","13":"product-type-simple"},"yoast_head":"<!-- This site is optimized with the Yoast SEO plugin v27.2 - https:\/\/yoast.com\/product\/yoast-seo-wordpress\/ -->\n<title>CDM312 | MB Maquinaria<\/title>\n<meta name=\"robots\" content=\"index, follow, max-snippet:-1, max-image-preview:large, max-video-preview:-1\" \/>\n<link rel=\"canonical\" href=\"https:\/\/mb-maquinaria.com\/fr\/producto\/mb-loaders-fr\/mini-chargeur\/cdm312\/\" \/>\n<meta property=\"og:locale\" content=\"fr_FR\" \/>\n<meta property=\"og:type\" content=\"article\" \/>\n<meta property=\"og:title\" content=\"CDM312 | MB Maquinaria\" \/>\n<meta property=\"og:description\" content=\"Poids en ordre de marche: 3500Kg  Capacit\u00e9 du godet: 0.54m3  Puissance nominale: 55.8kW  Charge utile nominale: 1230kg  Dimensions globales (LxLxH): 3460\u00d71820\u00d72020mm\" \/>\n<meta property=\"og:url\" content=\"https:\/\/mb-maquinaria.com\/fr\/producto\/mb-loaders-fr\/mini-chargeur\/cdm312\/\" \/>\n<meta property=\"og:site_name\" content=\"MB Maquinaria\" \/>\n<meta property=\"og:image\" content=\"https:\/\/mb-maquinaria.com\/wp-content\/uploads\/2024\/01\/CDM312.jpg\" \/>\n\t<meta property=\"og:image:width\" content=\"1798\" \/>\n\t<meta property=\"og:image:height\" content=\"1293\" \/>\n\t<meta property=\"og:image:type\" content=\"image\/jpeg\" \/>\n<meta name=\"twitter:card\" content=\"summary_large_image\" \/>\n<script type=\"application\/ld+json\" class=\"yoast-schema-graph\">{\"@context\":\"https:\/\/schema.org\",\"@graph\":[{\"@type\":\"WebPage\",\"@id\":\"https:\/\/mb-maquinaria.com\/fr\/producto\/mb-loaders-fr\/mini-chargeur\/cdm312\/\",\"url\":\"https:\/\/mb-maquinaria.com\/fr\/producto\/mb-loaders-fr\/mini-chargeur\/cdm312\/\",\"name\":\"CDM312 | MB Maquinaria\",\"isPartOf\":{\"@id\":\"https:\/\/mb-maquinaria.com\/fr\/#website\"},\"primaryImageOfPage\":{\"@id\":\"https:\/\/mb-maquinaria.com\/fr\/producto\/mb-loaders-fr\/mini-chargeur\/cdm312\/#primaryimage\"},\"image\":{\"@id\":\"https:\/\/mb-maquinaria.com\/fr\/producto\/mb-loaders-fr\/mini-chargeur\/cdm312\/#primaryimage\"},\"thumbnailUrl\":\"https:\/\/mb-maquinaria.com\/wp-content\/uploads\/2024\/01\/WMAzZsBMpZN_1-e1748344897400.jpg\",\"datePublished\":\"2024-01-26T03:56:53+00:00\",\"breadcrumb\":{\"@id\":\"https:\/\/mb-maquinaria.com\/fr\/producto\/mb-loaders-fr\/mini-chargeur\/cdm312\/#breadcrumb\"},\"inLanguage\":\"fr-FR\",\"potentialAction\":[{\"@type\":\"ReadAction\",\"target\":[\"https:\/\/mb-maquinaria.com\/fr\/producto\/mb-loaders-fr\/mini-chargeur\/cdm312\/\"]}]},{\"@type\":\"ImageObject\",\"inLanguage\":\"fr-FR\",\"@id\":\"https:\/\/mb-maquinaria.com\/fr\/producto\/mb-loaders-fr\/mini-chargeur\/cdm312\/#primaryimage\",\"url\":\"https:\/\/mb-maquinaria.com\/wp-content\/uploads\/2024\/01\/WMAzZsBMpZN_1-e1748344897400.jpg\",\"contentUrl\":\"https:\/\/mb-maquinaria.com\/wp-content\/uploads\/2024\/01\/WMAzZsBMpZN_1-e1748344897400.jpg\",\"width\":1024,\"height\":1024},{\"@type\":\"BreadcrumbList\",\"@id\":\"https:\/\/mb-maquinaria.com\/fr\/producto\/mb-loaders-fr\/mini-chargeur\/cdm312\/#breadcrumb\",\"itemListElement\":[{\"@type\":\"ListItem\",\"position\":1,\"name\":\"Portada\",\"item\":\"https:\/\/mb-maquinaria.com\/fr\/boceto-home\/\"},{\"@type\":\"ListItem\",\"position\":2,\"name\":\"Boutique\",\"item\":\"https:\/\/mb-maquinaria.com\/shop\/\"},{\"@type\":\"ListItem\",\"position\":3,\"name\":\"CDM312\"}]},{\"@type\":\"WebSite\",\"@id\":\"https:\/\/mb-maquinaria.com\/fr\/#website\",\"url\":\"https:\/\/mb-maquinaria.com\/fr\/\",\"name\":\"MB\",\"description\":\"Central de Compras y Servicios Europea especializada en maquinaria para el manejo de materiales.\",\"alternateName\":\"MB-Maquinaria\",\"potentialAction\":[{\"@type\":\"SearchAction\",\"target\":{\"@type\":\"EntryPoint\",\"urlTemplate\":\"https:\/\/mb-maquinaria.com\/fr\/?s={search_term_string}\"},\"query-input\":{\"@type\":\"PropertyValueSpecification\",\"valueRequired\":true,\"valueName\":\"search_term_string\"}}],\"inLanguage\":\"fr-FR\"}]}<\/script>\n<!-- \/ Yoast SEO plugin. -->","yoast_head_json":{"title":"CDM312 | MB Maquinaria","robots":{"index":"index","follow":"follow","max-snippet":"max-snippet:-1","max-image-preview":"max-image-preview:large","max-video-preview":"max-video-preview:-1"},"canonical":"https:\/\/mb-maquinaria.com\/fr\/producto\/mb-loaders-fr\/mini-chargeur\/cdm312\/","og_locale":"fr_FR","og_type":"article","og_title":"CDM312 | MB Maquinaria","og_description":"Poids en ordre de marche: 3500Kg  Capacit\u00e9 du godet: 0.54m3  Puissance nominale: 55.8kW  Charge utile nominale: 1230kg  Dimensions globales (LxLxH): 3460\u00d71820\u00d72020mm","og_url":"https:\/\/mb-maquinaria.com\/fr\/producto\/mb-loaders-fr\/mini-chargeur\/cdm312\/","og_site_name":"MB Maquinaria","og_image":[{"width":1798,"height":1293,"url":"https:\/\/mb-maquinaria.com\/wp-content\/uploads\/2024\/01\/CDM312.jpg","type":"image\/jpeg"}],"twitter_card":"summary_large_image","schema":{"@context":"https:\/\/schema.org","@graph":[{"@type":"WebPage","@id":"https:\/\/mb-maquinaria.com\/fr\/producto\/mb-loaders-fr\/mini-chargeur\/cdm312\/","url":"https:\/\/mb-maquinaria.com\/fr\/producto\/mb-loaders-fr\/mini-chargeur\/cdm312\/","name":"CDM312 | MB Maquinaria","isPartOf":{"@id":"https:\/\/mb-maquinaria.com\/fr\/#website"},"primaryImageOfPage":{"@id":"https:\/\/mb-maquinaria.com\/fr\/producto\/mb-loaders-fr\/mini-chargeur\/cdm312\/#primaryimage"},"image":{"@id":"https:\/\/mb-maquinaria.com\/fr\/producto\/mb-loaders-fr\/mini-chargeur\/cdm312\/#primaryimage"},"thumbnailUrl":"https:\/\/mb-maquinaria.com\/wp-content\/uploads\/2024\/01\/WMAzZsBMpZN_1-e1748344897400.jpg","datePublished":"2024-01-26T03:56:53+00:00","breadcrumb":{"@id":"https:\/\/mb-maquinaria.com\/fr\/producto\/mb-loaders-fr\/mini-chargeur\/cdm312\/#breadcrumb"},"inLanguage":"fr-FR","potentialAction":[{"@type":"ReadAction","target":["https:\/\/mb-maquinaria.com\/fr\/producto\/mb-loaders-fr\/mini-chargeur\/cdm312\/"]}]},{"@type":"ImageObject","inLanguage":"fr-FR","@id":"https:\/\/mb-maquinaria.com\/fr\/producto\/mb-loaders-fr\/mini-chargeur\/cdm312\/#primaryimage","url":"https:\/\/mb-maquinaria.com\/wp-content\/uploads\/2024\/01\/WMAzZsBMpZN_1-e1748344897400.jpg","contentUrl":"https:\/\/mb-maquinaria.com\/wp-content\/uploads\/2024\/01\/WMAzZsBMpZN_1-e1748344897400.jpg","width":1024,"height":1024},{"@type":"BreadcrumbList","@id":"https:\/\/mb-maquinaria.com\/fr\/producto\/mb-loaders-fr\/mini-chargeur\/cdm312\/#breadcrumb","itemListElement":[{"@type":"ListItem","position":1,"name":"Portada","item":"https:\/\/mb-maquinaria.com\/fr\/boceto-home\/"},{"@type":"ListItem","position":2,"name":"Boutique","item":"https:\/\/mb-maquinaria.com\/shop\/"},{"@type":"ListItem","position":3,"name":"CDM312"}]},{"@type":"WebSite","@id":"https:\/\/mb-maquinaria.com\/fr\/#website","url":"https:\/\/mb-maquinaria.com\/fr\/","name":"MB","description":"Central de Compras y Servicios Europea especializada en maquinaria para el manejo de materiales.","alternateName":"MB-Maquinaria","potentialAction":[{"@type":"SearchAction","target":{"@type":"EntryPoint","urlTemplate":"https:\/\/mb-maquinaria.com\/fr\/?s={search_term_string}"},"query-input":{"@type":"PropertyValueSpecification","valueRequired":true,"valueName":"search_term_string"}}],"inLanguage":"fr-FR"}]}},"_links":{"self":[{"href":"https:\/\/mb-maquinaria.com\/fr\/wp-json\/wp\/v2\/product\/5310","targetHints":{"allow":["GET"]}}],"collection":[{"href":"https:\/\/mb-maquinaria.com\/fr\/wp-json\/wp\/v2\/product"}],"about":[{"href":"https:\/\/mb-maquinaria.com\/fr\/wp-json\/wp\/v2\/types\/product"}],"replies":[{"embeddable":true,"href":"https:\/\/mb-maquinaria.com\/fr\/wp-json\/wp\/v2\/comments?post=5310"}],"wp:featuredmedia":[{"embeddable":true,"href":"https:\/\/mb-maquinaria.com\/fr\/wp-json\/wp\/v2\/media\/6920"}],"wp:attachment":[{"href":"https:\/\/mb-maquinaria.com\/fr\/wp-json\/wp\/v2\/media?parent=5310"}],"wp:term":[{"taxonomy":"product_brand","embeddable":true,"href":"https:\/\/mb-maquinaria.com\/fr\/wp-json\/wp\/v2\/product_brand?post=5310"},{"taxonomy":"product_cat","embeddable":true,"href":"https:\/\/mb-maquinaria.com\/fr\/wp-json\/wp\/v2\/product_cat?post=5310"},{"taxonomy":"product_tag","embeddable":true,"href":"https:\/\/mb-maquinaria.com\/fr\/wp-json\/wp\/v2\/product_tag?post=5310"}],"curies":[{"name":"wp","href":"https:\/\/api.w.org\/{rel}","templated":true}]}}