{"id":5545,"date":"2023-07-19T12:12:18","date_gmt":"2024-02-15T11:39:52","guid":{"rendered":"https:\/\/mb-maquinaria.com\/producto\/non class\u00e9\/serie-h3\/"},"modified":"2024-02-15T12:39:52","modified_gmt":"2024-02-15T11:39:52","slug":"serie-h3","status":"publish","type":"product","link":"https:\/\/mb-maquinaria.com\/fr\/producto\/produits-phares\/serie-h3\/","title":{"rendered":"S\u00c9RIE H3"},"content":{"rendered":"","protected":false},"excerpt":{"rendered":"<ul>\n<li><strong>Mod\u00e8les:<\/strong> CPCD25-KU21H, CPCD30-KU21H, CPCD35-KU21H, CPCD25-XC26H<\/li>\n<li><strong>Capacit\u00e9:<\/strong> 1000-3500 Kg<strong><br \/>\n<\/strong><\/li>\n<li><strong>Longueur de la fourche:<\/strong> 770\/920\/920mm<strong><br \/>\n<\/strong><\/li>\n<li><strong>Vitesse maximale:<\/strong> 17-18 km\/h<strong><br \/>\n<\/strong><\/li>\n<li><strong>Moteur : <\/strong>\n<ul>\n<li>KUBOTA V2403 (Diesel)<strong><br \/>\n<\/strong><\/li>\n<li>KUBOTA WG2503 (GAS\/LPG)<strong><br \/>\n<\/strong><\/li>\n<li>XINCHAI<\/li>\n<\/ul>\n<\/li>\n<li><strong>Thermique:<\/strong> OUI<\/li>\n<\/ul>\n","protected":false},"featured_media":5075,"comment_status":"closed","ping_status":"closed","template":"","meta":[],"product_brand":[],"product_cat":[359],"product_tag":[],"class_list":{"0":"post-5545","1":"product","2":"type-product","3":"status-publish","4":"has-post-thumbnail","6":"product_cat-produits-phares","8":"first","9":"instock","10":"shipping-taxable","11":"product-type-simple"},"yoast_head":"<!-- This site is optimized with the Yoast SEO plugin v27.2 - https:\/\/yoast.com\/product\/yoast-seo-wordpress\/ -->\n<title>S\u00c9RIE H3 | MB Maquinaria<\/title>\n<meta name=\"robots\" content=\"index, follow, max-snippet:-1, max-image-preview:large, max-video-preview:-1\" \/>\n<link rel=\"canonical\" href=\"https:\/\/mb-maquinaria.com\/fr\/producto\/produits-phares\/serie-h3\/\" \/>\n<meta property=\"og:locale\" content=\"fr_FR\" \/>\n<meta property=\"og:type\" content=\"article\" \/>\n<meta property=\"og:title\" content=\"S\u00c9RIE H3 | MB Maquinaria\" \/>\n<meta property=\"og:description\" content=\"Mod\u00e8les: CPCD25-KU21H, CPCD30-KU21H, CPCD35-KU21H, CPCD25-XC26H  Capacit\u00e9: 1000-3500 Kg  Longueur de la fourche: 770\/920\/920mm  Vitesse maximale: 17-18 km\/h  Moteur :   KUBOTA V2403 (Diesel)  KUBOTA WG2503 (GAS\/LPG)  XINCHAI   Thermique: OUI\" \/>\n<meta property=\"og:url\" content=\"https:\/\/mb-maquinaria.com\/fr\/producto\/produits-phares\/serie-h3\/\" \/>\n<meta property=\"og:site_name\" content=\"MB Maquinaria\" \/>\n<meta property=\"og:image\" content=\"https:\/\/mb-maquinaria.com\/wp-content\/uploads\/2023\/07\/CPCD15-35T8.jpg\" \/>\n\t<meta property=\"og:image:width\" content=\"1307\" \/>\n\t<meta property=\"og:image:height\" content=\"1141\" \/>\n\t<meta property=\"og:image:type\" content=\"image\/jpeg\" \/>\n<meta name=\"twitter:card\" content=\"summary_large_image\" \/>\n<script type=\"application\/ld+json\" class=\"yoast-schema-graph\">{\"@context\":\"https:\/\/schema.org\",\"@graph\":[{\"@type\":\"WebPage\",\"@id\":\"https:\/\/mb-maquinaria.com\/fr\/producto\/produits-phares\/serie-h3\/\",\"url\":\"https:\/\/mb-maquinaria.com\/fr\/producto\/produits-phares\/serie-h3\/\",\"name\":\"S\u00c9RIE H3 | MB Maquinaria\",\"isPartOf\":{\"@id\":\"https:\/\/mb-maquinaria.com\/fr\/#website\"},\"primaryImageOfPage\":{\"@id\":\"https:\/\/mb-maquinaria.com\/fr\/producto\/produits-phares\/serie-h3\/#primaryimage\"},\"image\":{\"@id\":\"https:\/\/mb-maquinaria.com\/fr\/producto\/produits-phares\/serie-h3\/#primaryimage\"},\"thumbnailUrl\":\"https:\/\/mb-maquinaria.com\/wp-content\/uploads\/2023\/07\/CPCD15-35T8.jpg\",\"datePublished\":\"2024-02-15T11:39:52+00:00\",\"breadcrumb\":{\"@id\":\"https:\/\/mb-maquinaria.com\/fr\/producto\/produits-phares\/serie-h3\/#breadcrumb\"},\"inLanguage\":\"fr-FR\",\"potentialAction\":[{\"@type\":\"ReadAction\",\"target\":[\"https:\/\/mb-maquinaria.com\/fr\/producto\/produits-phares\/serie-h3\/\"]}]},{\"@type\":\"ImageObject\",\"inLanguage\":\"fr-FR\",\"@id\":\"https:\/\/mb-maquinaria.com\/fr\/producto\/produits-phares\/serie-h3\/#primaryimage\",\"url\":\"https:\/\/mb-maquinaria.com\/wp-content\/uploads\/2023\/07\/CPCD15-35T8.jpg\",\"contentUrl\":\"https:\/\/mb-maquinaria.com\/wp-content\/uploads\/2023\/07\/CPCD15-35T8.jpg\",\"width\":1307,\"height\":1141},{\"@type\":\"BreadcrumbList\",\"@id\":\"https:\/\/mb-maquinaria.com\/fr\/producto\/produits-phares\/serie-h3\/#breadcrumb\",\"itemListElement\":[{\"@type\":\"ListItem\",\"position\":1,\"name\":\"Portada\",\"item\":\"https:\/\/mb-maquinaria.com\/fr\/boceto-home\/\"},{\"@type\":\"ListItem\",\"position\":2,\"name\":\"Boutique\",\"item\":\"https:\/\/mb-maquinaria.com\/shop\/\"},{\"@type\":\"ListItem\",\"position\":3,\"name\":\"S\u00c9RIE H3\"}]},{\"@type\":\"WebSite\",\"@id\":\"https:\/\/mb-maquinaria.com\/fr\/#website\",\"url\":\"https:\/\/mb-maquinaria.com\/fr\/\",\"name\":\"MB\",\"description\":\"Central de Compras y Servicios Europea especializada en maquinaria para el manejo de materiales.\",\"alternateName\":\"MB-Maquinaria\",\"potentialAction\":[{\"@type\":\"SearchAction\",\"target\":{\"@type\":\"EntryPoint\",\"urlTemplate\":\"https:\/\/mb-maquinaria.com\/fr\/?s={search_term_string}\"},\"query-input\":{\"@type\":\"PropertyValueSpecification\",\"valueRequired\":true,\"valueName\":\"search_term_string\"}}],\"inLanguage\":\"fr-FR\"}]}<\/script>\n<!-- \/ Yoast SEO plugin. -->","yoast_head_json":{"title":"S\u00c9RIE H3 | MB Maquinaria","robots":{"index":"index","follow":"follow","max-snippet":"max-snippet:-1","max-image-preview":"max-image-preview:large","max-video-preview":"max-video-preview:-1"},"canonical":"https:\/\/mb-maquinaria.com\/fr\/producto\/produits-phares\/serie-h3\/","og_locale":"fr_FR","og_type":"article","og_title":"S\u00c9RIE H3 | MB Maquinaria","og_description":"Mod\u00e8les: CPCD25-KU21H, CPCD30-KU21H, CPCD35-KU21H, CPCD25-XC26H  Capacit\u00e9: 1000-3500 Kg  Longueur de la fourche: 770\/920\/920mm  Vitesse maximale: 17-18 km\/h  Moteur :   KUBOTA V2403 (Diesel)  KUBOTA WG2503 (GAS\/LPG)  XINCHAI   Thermique: OUI","og_url":"https:\/\/mb-maquinaria.com\/fr\/producto\/produits-phares\/serie-h3\/","og_site_name":"MB Maquinaria","og_image":[{"width":1307,"height":1141,"url":"https:\/\/mb-maquinaria.com\/wp-content\/uploads\/2023\/07\/CPCD15-35T8.jpg","type":"image\/jpeg"}],"twitter_card":"summary_large_image","schema":{"@context":"https:\/\/schema.org","@graph":[{"@type":"WebPage","@id":"https:\/\/mb-maquinaria.com\/fr\/producto\/produits-phares\/serie-h3\/","url":"https:\/\/mb-maquinaria.com\/fr\/producto\/produits-phares\/serie-h3\/","name":"S\u00c9RIE H3 | MB Maquinaria","isPartOf":{"@id":"https:\/\/mb-maquinaria.com\/fr\/#website"},"primaryImageOfPage":{"@id":"https:\/\/mb-maquinaria.com\/fr\/producto\/produits-phares\/serie-h3\/#primaryimage"},"image":{"@id":"https:\/\/mb-maquinaria.com\/fr\/producto\/produits-phares\/serie-h3\/#primaryimage"},"thumbnailUrl":"https:\/\/mb-maquinaria.com\/wp-content\/uploads\/2023\/07\/CPCD15-35T8.jpg","datePublished":"2024-02-15T11:39:52+00:00","breadcrumb":{"@id":"https:\/\/mb-maquinaria.com\/fr\/producto\/produits-phares\/serie-h3\/#breadcrumb"},"inLanguage":"fr-FR","potentialAction":[{"@type":"ReadAction","target":["https:\/\/mb-maquinaria.com\/fr\/producto\/produits-phares\/serie-h3\/"]}]},{"@type":"ImageObject","inLanguage":"fr-FR","@id":"https:\/\/mb-maquinaria.com\/fr\/producto\/produits-phares\/serie-h3\/#primaryimage","url":"https:\/\/mb-maquinaria.com\/wp-content\/uploads\/2023\/07\/CPCD15-35T8.jpg","contentUrl":"https:\/\/mb-maquinaria.com\/wp-content\/uploads\/2023\/07\/CPCD15-35T8.jpg","width":1307,"height":1141},{"@type":"BreadcrumbList","@id":"https:\/\/mb-maquinaria.com\/fr\/producto\/produits-phares\/serie-h3\/#breadcrumb","itemListElement":[{"@type":"ListItem","position":1,"name":"Portada","item":"https:\/\/mb-maquinaria.com\/fr\/boceto-home\/"},{"@type":"ListItem","position":2,"name":"Boutique","item":"https:\/\/mb-maquinaria.com\/shop\/"},{"@type":"ListItem","position":3,"name":"S\u00c9RIE H3"}]},{"@type":"WebSite","@id":"https:\/\/mb-maquinaria.com\/fr\/#website","url":"https:\/\/mb-maquinaria.com\/fr\/","name":"MB","description":"Central de Compras y Servicios Europea especializada en maquinaria para el manejo de materiales.","alternateName":"MB-Maquinaria","potentialAction":[{"@type":"SearchAction","target":{"@type":"EntryPoint","urlTemplate":"https:\/\/mb-maquinaria.com\/fr\/?s={search_term_string}"},"query-input":{"@type":"PropertyValueSpecification","valueRequired":true,"valueName":"search_term_string"}}],"inLanguage":"fr-FR"}]}},"_links":{"self":[{"href":"https:\/\/mb-maquinaria.com\/fr\/wp-json\/wp\/v2\/product\/5545","targetHints":{"allow":["GET"]}}],"collection":[{"href":"https:\/\/mb-maquinaria.com\/fr\/wp-json\/wp\/v2\/product"}],"about":[{"href":"https:\/\/mb-maquinaria.com\/fr\/wp-json\/wp\/v2\/types\/product"}],"replies":[{"embeddable":true,"href":"https:\/\/mb-maquinaria.com\/fr\/wp-json\/wp\/v2\/comments?post=5545"}],"wp:featuredmedia":[{"embeddable":true,"href":"https:\/\/mb-maquinaria.com\/fr\/wp-json\/wp\/v2\/media\/5075"}],"wp:attachment":[{"href":"https:\/\/mb-maquinaria.com\/fr\/wp-json\/wp\/v2\/media?parent=5545"}],"wp:term":[{"taxonomy":"product_brand","embeddable":true,"href":"https:\/\/mb-maquinaria.com\/fr\/wp-json\/wp\/v2\/product_brand?post=5545"},{"taxonomy":"product_cat","embeddable":true,"href":"https:\/\/mb-maquinaria.com\/fr\/wp-json\/wp\/v2\/product_cat?post=5545"},{"taxonomy":"product_tag","embeddable":true,"href":"https:\/\/mb-maquinaria.com\/fr\/wp-json\/wp\/v2\/product_tag?post=5545"}],"curies":[{"name":"wp","href":"https:\/\/api.w.org\/{rel}","templated":true}]}}