{"id":7820,"date":"2025-04-14T12:45:42","date_gmt":"2025-04-14T11:45:42","guid":{"rendered":"https:\/\/mb-maquinaria.com\/producto\/non%20class\u00e9\/er2500t-2\/"},"modified":"2026-01-13T08:35:55","modified_gmt":"2026-01-13T07:35:55","slug":"er2500t-2","status":"publish","type":"product","link":"https:\/\/mb-maquinaria.com\/fr\/producto\/mb-loaders-fr\/manipulateur-telescopique\/er2500t-2\/","title":{"rendered":"ER2500T"},"content":{"rendered":"<div class=\"row\"  id=\"row-994674009\">\n\n\t<div id=\"col-28112705\" class=\"col medium-4 small-12 large-4\"  >\n\t\t\t\t<div class=\"col-inner\"  >\n\t\t\t\n\t\t\t\n\t<div class=\"img has-hover x md-x lg-x y md-y lg-y\" id=\"image_1809041289\">\n\t\t\t\t\t\t\t\t<div class=\"img-inner dark\" >\n\t\t\t<img loading=\"lazy\" decoding=\"async\" width=\"800\" height=\"800\" src=\"https:\/\/mb-maquinaria.com\/wp-content\/uploads\/2025\/04\/ERT2500T-800x800.jpg\" class=\"attachment-large size-large\" alt=\"\" srcset=\"https:\/\/mb-maquinaria.com\/wp-content\/uploads\/2025\/04\/ERT2500T-800x800.jpg 800w, https:\/\/mb-maquinaria.com\/wp-content\/uploads\/2025\/04\/ERT2500T-400x400.jpg 400w, https:\/\/mb-maquinaria.com\/wp-content\/uploads\/2025\/04\/ERT2500T-280x280.jpg 280w, https:\/\/mb-maquinaria.com\/wp-content\/uploads\/2025\/04\/ERT2500T-768x768.jpg 768w, https:\/\/mb-maquinaria.com\/wp-content\/uploads\/2025\/04\/ERT2500T-1536x1536.jpg 1536w, https:\/\/mb-maquinaria.com\/wp-content\/uploads\/2025\/04\/ERT2500T-2048x2048.jpg 2048w, https:\/\/mb-maquinaria.com\/wp-content\/uploads\/2025\/04\/ERT2500T-300x300.jpg 300w, https:\/\/mb-maquinaria.com\/wp-content\/uploads\/2025\/04\/ERT2500T-600x600.jpg 600w, https:\/\/mb-maquinaria.com\/wp-content\/uploads\/2025\/04\/ERT2500T-100x100.jpg 100w\" sizes=\"auto, (max-width: 800px) 100vw, 800px\" \/>\t\t\t\t\t\t\n\t\t\t\t\t<\/div>\n\t\t\t\t\t\t\t\t\n<style>\n#image_1809041289 {\n  width: 100%;\n}\n<\/style>\n\t<\/div>\n\t\n\t\t<\/div>\n\t\t\t\t\t<\/div>\n\n\t\n\n\t<div id=\"col-1694958378\" class=\"col medium-8 small-12 large-8\"  >\n\t\t\t\t<div class=\"col-inner\"  >\n\t\t\t\n\t\t\t\n<h1 class=\"thin-font\"><strong>ER2500T<br \/>T\u00e9lescopique  <\/strong><\/h1>\n<div id=\"text-642114516\" class=\"text vamosajustificar\">\n<h4><span style=\"color: #ff6600;\"><strong>+Deux v\u00e9rins de levage plus grands et plus robustes :<\/strong> <\/span>MB installe toujours <strong>deux v\u00e9rins de levage<\/strong> sur tous les mod\u00e8les de chargeuses sur pneus.<\/h4>\n<h4><span style=\"color: #ff6600;\"><strong>+Bras t\u00e9lescopique robuste: <\/strong><\/span>Construit pour \u00eatre <strong>robuste et stable.<\/strong> Le mouvement parall\u00e8le est assur\u00e9 par un syst\u00e8me hydraulique. Toutes les conduites hydrauliques importantes sont situ\u00e9es \u00e0 l&rsquo;int\u00e9rieur et prot\u00e9g\u00e9es.<\/h4>\n<h4><strong><span style=\"color: #ff6600;\">+Changement d&rsquo;outil rapide et facile :<\/span> <\/strong>Gr\u00e2ce au <strong>syst\u00e8me hydraulique de changement rapide, les<\/strong> outils peuvent \u00eatre chang\u00e9s facilement.<\/h4>\n<\/div>\n\t\t<\/div>\n\t\t\t\t\t<\/div>\n\n\t\n<\/div>\n<p><span style=\"font-size: 190%; color: #ff6600;\"><strong>+ galerie ER2500T<\/strong><\/span><\/p>\n  <div class=\"banner-grid-wrapper\">\n  <div id=\"banner-grid-762108802\" class=\"banner-grid row row-grid row-small\" data-packery-options=\"\">\n                      \n<div class=\"col grid-col large-6 grid-col-1\" ><div class=\"col-inner\">\n\t<div class=\"img has-hover x md-x lg-x y md-y lg-y\" id=\"image_313226606\">\n\t\t\t\t\t\t<div data-animate=\"fadeInUp\">\t\t<div class=\"img-inner dark\" >\n\t\t\t<img loading=\"lazy\" decoding=\"async\" width=\"599\" height=\"437\" src=\"https:\/\/mb-maquinaria.com\/wp-content\/uploads\/2025\/04\/Captura-de-pantalla-2025-05-13-090640.png\" class=\"attachment-large size-large\" alt=\"\" srcset=\"https:\/\/mb-maquinaria.com\/wp-content\/uploads\/2025\/04\/Captura-de-pantalla-2025-05-13-090640.png 599w, https:\/\/mb-maquinaria.com\/wp-content\/uploads\/2025\/04\/Captura-de-pantalla-2025-05-13-090640-548x400.png 548w\" sizes=\"auto, (max-width: 599px) 100vw, 599px\" \/>\t\t\t\t\t\t\n\t\t\t\t\t<\/div>\n\t\t<\/div>\t\t\t\t\t\t\n<style>\n#image_313226606 {\n  width: 100%;\n}\n<\/style>\n\t<\/div>\n\t\n<\/div><\/div>\n<div class=\"col grid-col large-5 grid-col-1-2\" ><div class=\"col-inner\">\n\t<div class=\"img has-hover x md-x lg-x y md-y lg-y\" id=\"image_1890564459\">\n\t\t\t\t\t\t<div data-animate=\"fadeInUp\">\t\t<div class=\"img-inner dark\" >\n\t\t\t<img loading=\"lazy\" decoding=\"async\" width=\"167\" height=\"118\" src=\"https:\/\/mb-maquinaria.com\/wp-content\/uploads\/2025\/04\/Captura-de-pantalla-2025-05-13-090901.png\" class=\"attachment-large size-large\" alt=\"\" \/>\t\t\t\t\t\t\n\t\t\t\t\t<\/div>\n\t\t<\/div>\t\t\t\t\t\t\n<style>\n#image_1890564459 {\n  width: 100%;\n}\n<\/style>\n\t<\/div>\n\t\n<\/div><\/div>\n<div class=\"col grid-col large-5 grid-col-1-2\" ><div class=\"col-inner\">\n\t<div class=\"img has-hover x md-x lg-x y md-y lg-y\" id=\"image_1978250839\">\n\t\t\t\t\t\t<div data-animate=\"fadeInUp\">\t\t<div class=\"img-inner dark\" >\n\t\t\t<img loading=\"lazy\" decoding=\"async\" width=\"166\" height=\"117\" src=\"https:\/\/mb-maquinaria.com\/wp-content\/uploads\/2025\/04\/Captura-de-pantalla-2025-05-13-090849.png\" class=\"attachment-large size-large\" alt=\"\" \/>\t\t\t\t\t\t\n\t\t\t\t\t<\/div>\n\t\t<\/div>\t\t\t\t\t\t\n<style>\n#image_1978250839 {\n  width: 100%;\n}\n<\/style>\n\t<\/div>\n\t\n<\/div><\/div>\n            <\/div>\n    <style>\n    #banner-grid-762108802 .grid-col-1{height: 600px}\n    #banner-grid-762108802 .grid-col-1-2{height: 300px}\n    #banner-grid-762108802 .grid-col-1-3{height:200px}\n    #banner-grid-762108802 .grid-col-2-3{height: 400px}\n    #banner-grid-762108802 .grid-col-1-4{height: 150px}\n    #banner-grid-762108802 .grid-col-3-4{height: 450px}\n\n\n    \n    \n\n  <\/style>\n    <\/div>\n  \n","protected":false},"excerpt":{"rendered":"<ul>\n<li><strong>Poids :<\/strong> 2,500 kg<\/li>\n<li><strong>Capacit\u00e9 du godet :<\/strong> 0,67m3<\/li>\n<li><strong>Puissance du moteur :<\/strong> 55 kW<\/li>\n<li><strong>Dimensions :<\/strong> 5755x1870x2740mm<\/li>\n<\/ul>\n","protected":false},"featured_media":6628,"comment_status":"closed","ping_status":"closed","template":"","meta":[],"product_brand":[],"product_cat":[542],"product_tag":[],"class_list":{"0":"post-7820","1":"product","2":"type-product","3":"status-publish","4":"has-post-thumbnail","6":"product_cat-manipulateur-telescopique","8":"first","9":"instock","10":"shipping-taxable","11":"product-type-simple"},"yoast_head":"<!-- This site is optimized with the Yoast SEO plugin v27.2 - https:\/\/yoast.com\/product\/yoast-seo-wordpress\/ -->\n<title>ER2500T | MB Maquinaria<\/title>\n<meta name=\"robots\" content=\"index, follow, max-snippet:-1, max-image-preview:large, max-video-preview:-1\" \/>\n<link rel=\"canonical\" href=\"https:\/\/mb-maquinaria.com\/fr\/producto\/mb-loaders-fr\/manipulateur-telescopique\/er2500t-2\/\" \/>\n<meta property=\"og:locale\" content=\"fr_FR\" \/>\n<meta property=\"og:type\" content=\"article\" \/>\n<meta property=\"og:title\" content=\"ER2500T | MB Maquinaria\" \/>\n<meta property=\"og:description\" content=\"Poids : 2,500 kg  Capacit\u00e9 du godet : 0,67m3  Puissance du moteur : 55 kW  Dimensions : 5755x1870x2740mm\" \/>\n<meta property=\"og:url\" content=\"https:\/\/mb-maquinaria.com\/fr\/producto\/mb-loaders-fr\/manipulateur-telescopique\/er2500t-2\/\" \/>\n<meta property=\"og:site_name\" content=\"MB Maquinaria\" \/>\n<meta property=\"article:modified_time\" content=\"2026-01-13T07:35:55+00:00\" \/>\n<meta property=\"og:image\" content=\"https:\/\/mb-maquinaria.com\/wp-content\/uploads\/2025\/04\/ERT2500T-e1745922787355.jpg\" \/>\n\t<meta property=\"og:image:width\" content=\"2084\" \/>\n\t<meta property=\"og:image:height\" content=\"2084\" \/>\n\t<meta property=\"og:image:type\" content=\"image\/jpeg\" \/>\n<meta name=\"twitter:card\" content=\"summary_large_image\" \/>\n<meta name=\"twitter:label1\" content=\"Dur\u00e9e de lecture estim\u00e9e\" \/>\n\t<meta name=\"twitter:data1\" content=\"1 minute\" \/>\n<script type=\"application\/ld+json\" class=\"yoast-schema-graph\">{\"@context\":\"https:\/\/schema.org\",\"@graph\":[{\"@type\":\"WebPage\",\"@id\":\"https:\/\/mb-maquinaria.com\/fr\/producto\/mb-loaders-fr\/manipulateur-telescopique\/er2500t-2\/\",\"url\":\"https:\/\/mb-maquinaria.com\/fr\/producto\/mb-loaders-fr\/manipulateur-telescopique\/er2500t-2\/\",\"name\":\"ER2500T | MB Maquinaria\",\"isPartOf\":{\"@id\":\"https:\/\/mb-maquinaria.com\/fr\/#website\"},\"primaryImageOfPage\":{\"@id\":\"https:\/\/mb-maquinaria.com\/fr\/producto\/mb-loaders-fr\/manipulateur-telescopique\/er2500t-2\/#primaryimage\"},\"image\":{\"@id\":\"https:\/\/mb-maquinaria.com\/fr\/producto\/mb-loaders-fr\/manipulateur-telescopique\/er2500t-2\/#primaryimage\"},\"thumbnailUrl\":\"https:\/\/mb-maquinaria.com\/wp-content\/uploads\/2025\/04\/ERT2500T-e1745922787355.jpg\",\"datePublished\":\"2025-04-14T11:45:42+00:00\",\"dateModified\":\"2026-01-13T07:35:55+00:00\",\"breadcrumb\":{\"@id\":\"https:\/\/mb-maquinaria.com\/fr\/producto\/mb-loaders-fr\/manipulateur-telescopique\/er2500t-2\/#breadcrumb\"},\"inLanguage\":\"fr-FR\",\"potentialAction\":[{\"@type\":\"ReadAction\",\"target\":[\"https:\/\/mb-maquinaria.com\/fr\/producto\/mb-loaders-fr\/manipulateur-telescopique\/er2500t-2\/\"]}]},{\"@type\":\"ImageObject\",\"inLanguage\":\"fr-FR\",\"@id\":\"https:\/\/mb-maquinaria.com\/fr\/producto\/mb-loaders-fr\/manipulateur-telescopique\/er2500t-2\/#primaryimage\",\"url\":\"https:\/\/mb-maquinaria.com\/wp-content\/uploads\/2025\/04\/ERT2500T-e1745922787355.jpg\",\"contentUrl\":\"https:\/\/mb-maquinaria.com\/wp-content\/uploads\/2025\/04\/ERT2500T-e1745922787355.jpg\",\"width\":2084,\"height\":2084},{\"@type\":\"BreadcrumbList\",\"@id\":\"https:\/\/mb-maquinaria.com\/fr\/producto\/mb-loaders-fr\/manipulateur-telescopique\/er2500t-2\/#breadcrumb\",\"itemListElement\":[{\"@type\":\"ListItem\",\"position\":1,\"name\":\"Portada\",\"item\":\"https:\/\/mb-maquinaria.com\/fr\/boceto-home\/\"},{\"@type\":\"ListItem\",\"position\":2,\"name\":\"Boutique\",\"item\":\"https:\/\/mb-maquinaria.com\/shop\/\"},{\"@type\":\"ListItem\",\"position\":3,\"name\":\"ER2500T\"}]},{\"@type\":\"WebSite\",\"@id\":\"https:\/\/mb-maquinaria.com\/fr\/#website\",\"url\":\"https:\/\/mb-maquinaria.com\/fr\/\",\"name\":\"MB\",\"description\":\"Central de Compras y Servicios Europea especializada en maquinaria para el manejo de materiales.\",\"alternateName\":\"MB-Maquinaria\",\"potentialAction\":[{\"@type\":\"SearchAction\",\"target\":{\"@type\":\"EntryPoint\",\"urlTemplate\":\"https:\/\/mb-maquinaria.com\/fr\/?s={search_term_string}\"},\"query-input\":{\"@type\":\"PropertyValueSpecification\",\"valueRequired\":true,\"valueName\":\"search_term_string\"}}],\"inLanguage\":\"fr-FR\"}]}<\/script>\n<!-- \/ Yoast SEO plugin. -->","yoast_head_json":{"title":"ER2500T | MB Maquinaria","robots":{"index":"index","follow":"follow","max-snippet":"max-snippet:-1","max-image-preview":"max-image-preview:large","max-video-preview":"max-video-preview:-1"},"canonical":"https:\/\/mb-maquinaria.com\/fr\/producto\/mb-loaders-fr\/manipulateur-telescopique\/er2500t-2\/","og_locale":"fr_FR","og_type":"article","og_title":"ER2500T | MB Maquinaria","og_description":"Poids : 2,500 kg  Capacit\u00e9 du godet : 0,67m3  Puissance du moteur : 55 kW  Dimensions : 5755x1870x2740mm","og_url":"https:\/\/mb-maquinaria.com\/fr\/producto\/mb-loaders-fr\/manipulateur-telescopique\/er2500t-2\/","og_site_name":"MB Maquinaria","article_modified_time":"2026-01-13T07:35:55+00:00","og_image":[{"width":2084,"height":2084,"url":"https:\/\/mb-maquinaria.com\/wp-content\/uploads\/2025\/04\/ERT2500T-e1745922787355.jpg","type":"image\/jpeg"}],"twitter_card":"summary_large_image","twitter_misc":{"Dur\u00e9e de lecture estim\u00e9e":"1 minute"},"schema":{"@context":"https:\/\/schema.org","@graph":[{"@type":"WebPage","@id":"https:\/\/mb-maquinaria.com\/fr\/producto\/mb-loaders-fr\/manipulateur-telescopique\/er2500t-2\/","url":"https:\/\/mb-maquinaria.com\/fr\/producto\/mb-loaders-fr\/manipulateur-telescopique\/er2500t-2\/","name":"ER2500T | MB Maquinaria","isPartOf":{"@id":"https:\/\/mb-maquinaria.com\/fr\/#website"},"primaryImageOfPage":{"@id":"https:\/\/mb-maquinaria.com\/fr\/producto\/mb-loaders-fr\/manipulateur-telescopique\/er2500t-2\/#primaryimage"},"image":{"@id":"https:\/\/mb-maquinaria.com\/fr\/producto\/mb-loaders-fr\/manipulateur-telescopique\/er2500t-2\/#primaryimage"},"thumbnailUrl":"https:\/\/mb-maquinaria.com\/wp-content\/uploads\/2025\/04\/ERT2500T-e1745922787355.jpg","datePublished":"2025-04-14T11:45:42+00:00","dateModified":"2026-01-13T07:35:55+00:00","breadcrumb":{"@id":"https:\/\/mb-maquinaria.com\/fr\/producto\/mb-loaders-fr\/manipulateur-telescopique\/er2500t-2\/#breadcrumb"},"inLanguage":"fr-FR","potentialAction":[{"@type":"ReadAction","target":["https:\/\/mb-maquinaria.com\/fr\/producto\/mb-loaders-fr\/manipulateur-telescopique\/er2500t-2\/"]}]},{"@type":"ImageObject","inLanguage":"fr-FR","@id":"https:\/\/mb-maquinaria.com\/fr\/producto\/mb-loaders-fr\/manipulateur-telescopique\/er2500t-2\/#primaryimage","url":"https:\/\/mb-maquinaria.com\/wp-content\/uploads\/2025\/04\/ERT2500T-e1745922787355.jpg","contentUrl":"https:\/\/mb-maquinaria.com\/wp-content\/uploads\/2025\/04\/ERT2500T-e1745922787355.jpg","width":2084,"height":2084},{"@type":"BreadcrumbList","@id":"https:\/\/mb-maquinaria.com\/fr\/producto\/mb-loaders-fr\/manipulateur-telescopique\/er2500t-2\/#breadcrumb","itemListElement":[{"@type":"ListItem","position":1,"name":"Portada","item":"https:\/\/mb-maquinaria.com\/fr\/boceto-home\/"},{"@type":"ListItem","position":2,"name":"Boutique","item":"https:\/\/mb-maquinaria.com\/shop\/"},{"@type":"ListItem","position":3,"name":"ER2500T"}]},{"@type":"WebSite","@id":"https:\/\/mb-maquinaria.com\/fr\/#website","url":"https:\/\/mb-maquinaria.com\/fr\/","name":"MB","description":"Central de Compras y Servicios Europea especializada en maquinaria para el manejo de materiales.","alternateName":"MB-Maquinaria","potentialAction":[{"@type":"SearchAction","target":{"@type":"EntryPoint","urlTemplate":"https:\/\/mb-maquinaria.com\/fr\/?s={search_term_string}"},"query-input":{"@type":"PropertyValueSpecification","valueRequired":true,"valueName":"search_term_string"}}],"inLanguage":"fr-FR"}]}},"_links":{"self":[{"href":"https:\/\/mb-maquinaria.com\/fr\/wp-json\/wp\/v2\/product\/7820","targetHints":{"allow":["GET"]}}],"collection":[{"href":"https:\/\/mb-maquinaria.com\/fr\/wp-json\/wp\/v2\/product"}],"about":[{"href":"https:\/\/mb-maquinaria.com\/fr\/wp-json\/wp\/v2\/types\/product"}],"replies":[{"embeddable":true,"href":"https:\/\/mb-maquinaria.com\/fr\/wp-json\/wp\/v2\/comments?post=7820"}],"wp:featuredmedia":[{"embeddable":true,"href":"https:\/\/mb-maquinaria.com\/fr\/wp-json\/wp\/v2\/media\/6628"}],"wp:attachment":[{"href":"https:\/\/mb-maquinaria.com\/fr\/wp-json\/wp\/v2\/media?parent=7820"}],"wp:term":[{"taxonomy":"product_brand","embeddable":true,"href":"https:\/\/mb-maquinaria.com\/fr\/wp-json\/wp\/v2\/product_brand?post=7820"},{"taxonomy":"product_cat","embeddable":true,"href":"https:\/\/mb-maquinaria.com\/fr\/wp-json\/wp\/v2\/product_cat?post=7820"},{"taxonomy":"product_tag","embeddable":true,"href":"https:\/\/mb-maquinaria.com\/fr\/wp-json\/wp\/v2\/product_tag?post=7820"}],"curies":[{"name":"wp","href":"https:\/\/api.w.org\/{rel}","templated":true}]}}