{"id":4219,"date":"2022-12-27T11:23:05","date_gmt":"2022-12-27T10:23:05","guid":{"rendered":"https:\/\/mb-maquinaria.com\/contatto\/"},"modified":"2022-12-28T17:03:28","modified_gmt":"2022-12-28T16:03:28","slug":"contatto","status":"publish","type":"page","link":"https:\/\/mb-maquinaria.com\/it\/contatto\/","title":{"rendered":"CONTATTO"},"content":{"rendered":"\n\t<section class=\"section dark\" id=\"section_745496661\">\n\t\t<div class=\"section-bg fill\" >\n\t\t\t<img loading=\"lazy\" decoding=\"async\" width=\"1920\" height=\"1080\" src=\"https:\/\/mb-maquinaria.com\/wp-content\/uploads\/2020\/08\/mb-forklift-home.jpg\" class=\"bg attachment- size-\" alt=\"\" \/>\t\t\t\t\t\t<div class=\"section-bg-overlay absolute fill\"><\/div>\n\t\t\t\n\n\t\t<\/div>\n\n\t\t\n\n\t\t<div class=\"section-content relative\">\n\t\t\t\n<div class=\"row\"  id=\"row-881470521\">\n\n\t<div id=\"col-930372667\" class=\"col medium-5 small-12 large-12\"  >\n\t\t\t\t<div class=\"col-inner text-center\"  >\n\t\t\t\n\t\t\t\n<h2 style=\"font-size: 200%;\">CONTATTACI!<\/h2>\n\t\t<\/div>\n\t\t\t\t\n<style>\n#col-930372667 > .col-inner {\n  padding: 20px 0px 0px 0px;\n}\n<\/style>\n\t<\/div>\n\n\t\n<\/div>\n\t\t<\/div>\n\n\t\t\n<style>\n#section_745496661 {\n  padding-top: 140px;\n  padding-bottom: 140px;\n  background-color: rgb(40, 40, 40);\n}\n#section_745496661 .section-bg-overlay {\n  background-color: rgba(0, 0, 0, 0.3);\n}\n#section_745496661 .section-bg img {\n  object-position: 71% 52%;\n}\n<\/style>\n\t<\/section>\n\t\n\n\t<section class=\"section\" id=\"section_2094887975\">\n\t\t<div class=\"section-bg fill\" >\n\t\t\t\t\t\t\t\t\t\n\t\t\t\n\n\t\t<\/div>\n\n\t\t\n\n\t\t<div class=\"section-content relative\">\n\t\t\t\n<div class=\"row\"  id=\"row-1357423175\">\n\n\t<div id=\"col-1869834559\" class=\"col small-12 large-12\"  >\n\t\t\t\t<div class=\"col-inner\"  >\n\t\t\t\n\t\t\t\n<div class=\"row align-equal\"  id=\"row-1464465764\">\n\n\t<div id=\"col-1464398314\" class=\"col medium-6 small-12 large-6\"  >\n\t\t\t\t<div class=\"col-inner text-center\" style=\"background-color:#222220;\" >\n\t\t\t\n\t\t\t\n<div class=\"row\"  id=\"row-1902440413\">\n\n\t<div id=\"col-537423191\" class=\"col small-12 large-12\"  >\n\t\t\t\t<div class=\"col-inner text-left\"  >\n\t\t\t\n\t\t\t\n<h2 style=\"text-align: left;\"><span style=\"color: #ffffff;\"><strong>MB Forklift<\/strong><\/span><\/h2>\n<p style=\"text-align: left;\"><span style=\"color: #ffffff;\">Ti offre un trattamento unico e ravvicinato con un team di professionisti che ti aiuteranno in tutti i dubbi e le domande di cui hai bisogno.<\/span><\/p>\n<p style=\"text-align: left;\"><span style=\"color: #ffffff;\"><strong>Programma d<\/strong><\/span><span style=\"color: #ffffff;\">al luned\u00ec al gioved\u00ec dalle 9:00 alle 14:00 e dalle 15:00 alle 18:00<\/span> <span style=\"color: #ffffff;\">venerd\u00ec dalle 8:00 alle 14:30<\/span><\/p>\n<a href=\"tel:+34673034780\" target=\"_blank\" class=\"button white is-outline expand\" rel=\"noopener\" style=\"border-radius:8px;\">\n\t\t<span>673 034 780<\/span>\n\t<\/a>\n\n<a href=\"mailto:info@mb-maquinaria.com\" class=\"button secondary expand\" style=\"border-radius:8px;\">\n\t\t<span>info@mb-maquinaria.com<\/span>\n\t<\/a>\n\n\t\t<\/div>\n\t\t\t\t\t<\/div>\n\n\t\n<\/div>\n\t\t<\/div>\n\t\t\t\t\n<style>\n#col-1464398314 > .col-inner {\n  border-radius: 8px;\n}\n<\/style>\n\t<\/div>\n\n\t\n\n\t<div id=\"col-1361893909\" class=\"col medium-6 small-12 large-6\"  >\n\t\t\t\t<div class=\"col-inner text-center\" style=\"background-color:#222220;\" >\n\t\t\t\n\t\t\t\n\n  <div class=\"banner has-hover has-parallax\" id=\"banner-807059574\">\n          <div class=\"banner-inner fill\">\n        <div class=\"banner-bg fill\" data-parallax=\"-7\" data-parallax-container=\".banner\" data-parallax-background>\n            <img loading=\"lazy\" decoding=\"async\" width=\"1020\" height=\"681\" src=\"https:\/\/mb-maquinaria.com\/wp-content\/uploads\/2020\/08\/contacto-MB-web-1199x800.jpg\" class=\"bg attachment-large size-large\" alt=\"\" \/>                                    \n                    <\/div>\n\t\t\n        <div class=\"banner-layers container\">\n            <div class=\"fill banner-link\"><\/div>            \n        <\/div>\n      <\/div>\n\n            \n<style>\n#banner-807059574 {\n  padding-top: 95%;\n}\n<\/style>\n  <\/div>\n\n\n\t\t<\/div>\n\t\t\t\t\n<style>\n#col-1361893909 > .col-inner {\n  border-radius: 8px;\n}\n<\/style>\n\t<\/div>\n\n\t\n\n\n\n\t<div id=\"col-776192793\" class=\"col small-12 large-12\"  >\n\t\t\t\t<div class=\"col-inner text-center\" style=\"background-color:rgb(255,255,255);\" >\n\t\t\t\n\t<div class=\"is-border\"\n\t\tstyle=\"border-radius:8px;border-width:1px 0px 0px 0px;\">\n\t<\/div>\n\t\t\t\n<p style=\"text-align: center;\"><span style=\"font-size: 120%; color: #333333;\"><strong>Scrivici e ti aiuteremo al pi\u00f9 presto!<\/strong><\/span><\/p>\n<div class=\"is-divider divider clearfix\" ><\/div>\n<div class=\"row align-center\"  id=\"row-1111334596\">\n\n\t<div id=\"col-545062751\" class=\"col medium-11 small-12 large-10\"  >\n\t\t\t\t<div class=\"col-inner text-left\"  >\n\t\t\t\n\t\t\t\n\n<div class=\"wpcf7 no-js\" id=\"wpcf7-f4314-o1\" lang=\"es-ES\" dir=\"ltr\" data-wpcf7-id=\"4314\">\n<div class=\"screen-reader-response\"><p role=\"status\" aria-live=\"polite\" aria-atomic=\"true\"><\/p> <ul><\/ul><\/div>\n<form action=\"\/it\/wp-json\/wp\/v2\/pages\/4219#wpcf7-f4314-o1\" method=\"post\" class=\"wpcf7-form init\" aria-label=\"Formulario de contacto\" novalidate=\"novalidate\" data-status=\"init\">\n<fieldset class=\"hidden-fields-container\"><input type=\"hidden\" name=\"_wpcf7\" value=\"4314\" \/><input type=\"hidden\" name=\"_wpcf7_version\" value=\"6.1.5\" \/><input type=\"hidden\" name=\"_wpcf7_locale\" value=\"es_ES\" \/><input type=\"hidden\" name=\"_wpcf7_unit_tag\" value=\"wpcf7-f4314-o1\" \/><input type=\"hidden\" name=\"_wpcf7_container_post\" value=\"0\" \/><input type=\"hidden\" name=\"_wpcf7_posted_data_hash\" value=\"\" \/>\n<\/fieldset>\n<p><label>Nome*<\/label><br \/>\n<span class=\"wpcf7-form-control-wrap\" data-name=\"your-name\"><input size=\"40\" maxlength=\"400\" class=\"wpcf7-form-control wpcf7-text wpcf7-validates-as-required\" aria-required=\"true\" aria-invalid=\"false\" value=\"\" type=\"text\" name=\"your-name\" \/><\/span>\n<\/p>\n<p><label>E-Mail*<\/label><br \/>\n<span class=\"wpcf7-form-control-wrap\" data-name=\"your-email\"><input size=\"40\" maxlength=\"400\" class=\"wpcf7-form-control wpcf7-email wpcf7-validates-as-required wpcf7-text wpcf7-validates-as-email\" aria-required=\"true\" aria-invalid=\"false\" value=\"\" type=\"email\" name=\"your-email\" \/><\/span>\n<\/p>\n<p><label>Messaggio*<\/label><br \/>\n<span class=\"wpcf7-form-control-wrap\" data-name=\"your-message\"><textarea cols=\"40\" rows=\"10\" maxlength=\"2000\" class=\"wpcf7-form-control wpcf7-textarea\" aria-invalid=\"false\" name=\"your-message\"><\/textarea><\/span>\n<\/p>\n<div class=\"column-full texto-captcha\">\n\t<p>Inserisci codice: <input type=\"hidden\" name=\"_wpcf7_captcha_challenge_captcha-118\" value=\"967205637\" \/><img loading=\"lazy\" decoding=\"async\" class=\"wpcf7-form-control wpcf7-captchac wpcf7-captcha-captcha-118\" width=\"84\" height=\"28\" alt=\"captcha\" src=\"https:\/\/mb-maquinaria.com\/wp-content\/uploads\/wpcf7_captcha\/967205637.png\" \/><br \/>\n<span class=\"wpcf7-form-control-wrap\" data-name=\"captcha-118\"><input size=\"4\" maxlength=\"4\" class=\"wpcf7-form-control wpcf7-captchar\" autocomplete=\"off\" aria-invalid=\"false\" placeholder=\"Codice\" value=\"\" type=\"text\" name=\"captcha-118\" \/><\/span>\n\t<\/p>\n<\/div>\n<p><input class=\"wpcf7-form-control wpcf7-submit has-spinner button\" type=\"submit\" value=\"Invia\" \/>\n<\/p><input type='hidden' class='wpcf7-pum' value='{\"closepopup\":false,\"closedelay\":0,\"openpopup\":false,\"openpopup_id\":0}' \/><div class=\"wpcf7-response-output\" aria-hidden=\"true\"><\/div>\n<\/form>\n<\/div>\n\n\t\t<\/div>\n\t\t\t\t\t<\/div>\n\n\t\n<\/div>\n\t\t<\/div>\n\t\t\t\t\n<style>\n#col-776192793 > .col-inner {\n  border-radius: 8px;\n}\n<\/style>\n\t<\/div>\n\n\t\n\n\t<div id=\"col-1605642012\" class=\"col medium-8 small-12 large-8\"  >\n\t\t\t\t<div class=\"col-inner text-left\" style=\"background-color:rgb(34, 34, 32);\" >\n\t\t\t\n\t\t\t\n<div class=\"google-maps\"><iframe loading=\"lazy\" style=\"border: 0;\" tabindex=\"0\" src=\"https:\/\/www.google.com\/maps\/embed?pb=!1m18!1m12!1m3!1d819.4073034008377!2d-1.656640543377184!3d42.486673805110726!2m3!1f0!2f0!3f0!3m2!1i1024!2i768!4f13.1!3m3!1m2!1s0xd5a771333926063%3A0xb99a5d2ac0e891a5!2sRua%20Romana%2C%2058%2C%2031390%20Olite%2C%20Navarra!5e0!3m2!1ses!2ses!4v1598874735179!5m2!1ses!2ses\" width=\"600\" height=\"450\" frameborder=\"0\" allowfullscreen=\"allowfullscreen\" aria-hidden=\"false\"><\/iframe><\/div>\n\t\t<\/div>\n\t\t\t\t\n<style>\n#col-1605642012 > .col-inner {\n  border-radius: 8px;\n}\n<\/style>\n\t<\/div>\n\n\t\n\n\t<div id=\"col-118228599\" class=\"col medium-4 small-12 large-4\"  >\n\t\t\t\t<div class=\"col-inner\" style=\"background-color:#222220;\" >\n\t\t\t\n\t\t\t\n<h5 style=\"text-align: center;\"><strong><span style=\"color: #ffffff;\">Indirizzo<\/span><\/strong><\/h5>\n<h5 style=\"text-align: center;\"><span style=\"color: #ffffff;\">R\u00faa Romana 58<\/span><\/h5>\n<h5 style=\"text-align: center;\"><span style=\"color: #ffffff;\">31390, Olite<\/span><\/h5>\n<h5 style=\"text-align: center;\"><span style=\"color: #ffffff;\">Navarra (Spagna)<\/span><\/h5>\n<div class=\"is-divider divider clearfix\" ><\/div>\n<a href=\"https:\/\/www.google.com\/maps\/place\/Rua+Romana,+58,+31390+Olite,+Navarra\/@42.4866554,-1.6586088,17z\/data=!3m1!4b1!4m5!3m4!1s0xd5a771333926063:0xb99a5d2ac0e891a5!8m2!3d42.4866515!4d-1.6564201\" class=\"button secondary expand\" style=\"border-radius:8px;\">\n\t<i class=\"icon-map-pin-fill\" aria-hidden=\"true\"><\/i>\t<span>Come arrivare<\/span>\n\t<\/a>\n\n<div class=\"is-divider divider clearfix\" ><\/div>\n\t<div class=\"img has-hover x md-x lg-x y md-y lg-y\" id=\"image_1477119676\">\n\t\t\t\t\t\t\t\t<div class=\"img-inner dark\" >\n\t\t\t<img loading=\"lazy\" decoding=\"async\" width=\"280\" height=\"280\" src=\"https:\/\/mb-maquinaria.com\/wp-content\/uploads\/2020\/08\/ubicacion-MB-web-280x280.jpg\" class=\"attachment-thumbnail size-thumbnail\" alt=\"\" srcset=\"https:\/\/mb-maquinaria.com\/wp-content\/uploads\/2020\/08\/ubicacion-MB-web-280x280.jpg 280w, https:\/\/mb-maquinaria.com\/wp-content\/uploads\/2020\/08\/ubicacion-MB-web-300x300.jpg 300w, https:\/\/mb-maquinaria.com\/wp-content\/uploads\/2020\/08\/ubicacion-MB-web-100x100.jpg 100w\" sizes=\"auto, (max-width: 280px) 100vw, 280px\" \/>\t\t\t\t\t\t\n\t\t\t\t\t<\/div>\n\t\t\t\t\t\t\t\t\n<style>\n#image_1477119676 {\n  width: 98%;\n}\n<\/style>\n\t<\/div>\n\t\n\t\t<\/div>\n\t\t\t\t\n<style>\n#col-118228599 > .col-inner {\n  border-radius: 8px;\n}\n<\/style>\n\t<\/div>\n\n\t\n\n<style>\n#row-1464465764 > .col > .col-inner {\n  padding: 40px 40px 40px 40px;\n  background-color: rgb(255,255,255);\n}\n<\/style>\n<\/div>\n\t\t<\/div>\n\t\t\t\t\n<style>\n#col-1869834559 > .col-inner {\n  margin: -100px 0px 0px 0px;\n}\n<\/style>\n\t<\/div>\n\n\t\n<\/div>\n\t\t<\/div>\n\n\t\t\n<style>\n#section_2094887975 {\n  padding-top: 30px;\n  padding-bottom: 30px;\n  background-color: rgb(244, 244, 244);\n}\n<\/style>\n\t<\/section>\n\t\n","protected":false},"excerpt":{"rendered":"","protected":false},"author":1,"featured_media":0,"parent":0,"menu_order":0,"comment_status":"closed","ping_status":"closed","template":"page-blank.php","meta":{"footnotes":""},"class_list":["post-4219","page","type-page","status-publish","hentry"],"yoast_head":"<!-- This site is optimized with the Yoast SEO plugin v27.2 - https:\/\/yoast.com\/product\/yoast-seo-wordpress\/ -->\n<title>MB Forklift | Contatto | Per telefono o via e-mail.<\/title>\n<meta name=\"description\" content=\"Siamo a vostra disposizione per qualsiasi domanda o richiesta. Programma dal luned\u00ec al gioved\u00ec dalle 9:00 alle 14:00 e dalle 15:00 alle 18:00 venerd\u00ec dalle 8:00 alle 14:30\" \/>\n<meta name=\"robots\" content=\"index, follow, max-snippet:-1, max-image-preview:large, max-video-preview:-1\" \/>\n<link rel=\"canonical\" href=\"https:\/\/mb-maquinaria.com\/it\/contatto\/\" \/>\n<meta property=\"og:locale\" content=\"it_IT\" \/>\n<meta property=\"og:type\" content=\"article\" \/>\n<meta property=\"og:title\" content=\"MB Forklift | Contatto | Per telefono o via e-mail.\" \/>\n<meta property=\"og:description\" content=\"Siamo a vostra disposizione per qualsiasi domanda o richiesta. Programma dal luned\u00ec al gioved\u00ec dalle 9:00 alle 14:00 e dalle 15:00 alle 18:00 venerd\u00ec dalle 8:00 alle 14:30\" \/>\n<meta property=\"og:url\" content=\"https:\/\/mb-maquinaria.com\/it\/contatto\/\" \/>\n<meta property=\"og:site_name\" content=\"MB Maquinaria\" \/>\n<meta property=\"article:modified_time\" content=\"2022-12-28T16:03:28+00:00\" \/>\n<meta name=\"twitter:card\" content=\"summary_large_image\" \/>\n<meta name=\"twitter:label1\" content=\"Tempo di lettura stimato\" \/>\n\t<meta name=\"twitter:data1\" content=\"2 minuti\" \/>\n<script type=\"application\/ld+json\" class=\"yoast-schema-graph\">{\"@context\":\"https:\/\/schema.org\",\"@graph\":[{\"@type\":\"WebPage\",\"@id\":\"https:\/\/mb-maquinaria.com\/it\/contatto\/\",\"url\":\"https:\/\/mb-maquinaria.com\/it\/contatto\/\",\"name\":\"MB Forklift | Contatto | Per telefono o via e-mail.\",\"isPartOf\":{\"@id\":\"https:\/\/mb-maquinaria.com\/it\/#website\"},\"datePublished\":\"2022-12-27T10:23:05+00:00\",\"dateModified\":\"2022-12-28T16:03:28+00:00\",\"description\":\"Siamo a vostra disposizione per qualsiasi domanda o richiesta. Programma dal luned\u00ec al gioved\u00ec dalle 9:00 alle 14:00 e dalle 15:00 alle 18:00 venerd\u00ec dalle 8:00 alle 14:30\",\"breadcrumb\":{\"@id\":\"https:\/\/mb-maquinaria.com\/it\/contatto\/#breadcrumb\"},\"inLanguage\":\"it-IT\",\"potentialAction\":[{\"@type\":\"ReadAction\",\"target\":[\"https:\/\/mb-maquinaria.com\/it\/contatto\/\"]}]},{\"@type\":\"BreadcrumbList\",\"@id\":\"https:\/\/mb-maquinaria.com\/it\/contatto\/#breadcrumb\",\"itemListElement\":[{\"@type\":\"ListItem\",\"position\":1,\"name\":\"Portada\",\"item\":\"https:\/\/mb-maquinaria.com\/it\/202109_home\/\"},{\"@type\":\"ListItem\",\"position\":2,\"name\":\"CONTATTO\"}]},{\"@type\":\"WebSite\",\"@id\":\"https:\/\/mb-maquinaria.com\/it\/#website\",\"url\":\"https:\/\/mb-maquinaria.com\/it\/\",\"name\":\"MB\",\"description\":\"Central de Compras y Servicios Europea especializada en maquinaria para el manejo de materiales.\",\"alternateName\":\"MB-Maquinaria\",\"potentialAction\":[{\"@type\":\"SearchAction\",\"target\":{\"@type\":\"EntryPoint\",\"urlTemplate\":\"https:\/\/mb-maquinaria.com\/it\/?s={search_term_string}\"},\"query-input\":{\"@type\":\"PropertyValueSpecification\",\"valueRequired\":true,\"valueName\":\"search_term_string\"}}],\"inLanguage\":\"it-IT\"}]}<\/script>\n<!-- \/ Yoast SEO plugin. -->","yoast_head_json":{"title":"MB Forklift | Contatto | Per telefono o via e-mail.","description":"Siamo a vostra disposizione per qualsiasi domanda o richiesta. Programma dal luned\u00ec al gioved\u00ec dalle 9:00 alle 14:00 e dalle 15:00 alle 18:00 venerd\u00ec dalle 8:00 alle 14:30","robots":{"index":"index","follow":"follow","max-snippet":"max-snippet:-1","max-image-preview":"max-image-preview:large","max-video-preview":"max-video-preview:-1"},"canonical":"https:\/\/mb-maquinaria.com\/it\/contatto\/","og_locale":"it_IT","og_type":"article","og_title":"MB Forklift | Contatto | Per telefono o via e-mail.","og_description":"Siamo a vostra disposizione per qualsiasi domanda o richiesta. Programma dal luned\u00ec al gioved\u00ec dalle 9:00 alle 14:00 e dalle 15:00 alle 18:00 venerd\u00ec dalle 8:00 alle 14:30","og_url":"https:\/\/mb-maquinaria.com\/it\/contatto\/","og_site_name":"MB Maquinaria","article_modified_time":"2022-12-28T16:03:28+00:00","twitter_card":"summary_large_image","twitter_misc":{"Tempo di lettura stimato":"2 minuti"},"schema":{"@context":"https:\/\/schema.org","@graph":[{"@type":"WebPage","@id":"https:\/\/mb-maquinaria.com\/it\/contatto\/","url":"https:\/\/mb-maquinaria.com\/it\/contatto\/","name":"MB Forklift | Contatto | Per telefono o via e-mail.","isPartOf":{"@id":"https:\/\/mb-maquinaria.com\/it\/#website"},"datePublished":"2022-12-27T10:23:05+00:00","dateModified":"2022-12-28T16:03:28+00:00","description":"Siamo a vostra disposizione per qualsiasi domanda o richiesta. Programma dal luned\u00ec al gioved\u00ec dalle 9:00 alle 14:00 e dalle 15:00 alle 18:00 venerd\u00ec dalle 8:00 alle 14:30","breadcrumb":{"@id":"https:\/\/mb-maquinaria.com\/it\/contatto\/#breadcrumb"},"inLanguage":"it-IT","potentialAction":[{"@type":"ReadAction","target":["https:\/\/mb-maquinaria.com\/it\/contatto\/"]}]},{"@type":"BreadcrumbList","@id":"https:\/\/mb-maquinaria.com\/it\/contatto\/#breadcrumb","itemListElement":[{"@type":"ListItem","position":1,"name":"Portada","item":"https:\/\/mb-maquinaria.com\/it\/202109_home\/"},{"@type":"ListItem","position":2,"name":"CONTATTO"}]},{"@type":"WebSite","@id":"https:\/\/mb-maquinaria.com\/it\/#website","url":"https:\/\/mb-maquinaria.com\/it\/","name":"MB","description":"Central de Compras y Servicios Europea especializada en maquinaria para el manejo de materiales.","alternateName":"MB-Maquinaria","potentialAction":[{"@type":"SearchAction","target":{"@type":"EntryPoint","urlTemplate":"https:\/\/mb-maquinaria.com\/it\/?s={search_term_string}"},"query-input":{"@type":"PropertyValueSpecification","valueRequired":true,"valueName":"search_term_string"}}],"inLanguage":"it-IT"}]}},"_links":{"self":[{"href":"https:\/\/mb-maquinaria.com\/it\/wp-json\/wp\/v2\/pages\/4219","targetHints":{"allow":["GET"]}}],"collection":[{"href":"https:\/\/mb-maquinaria.com\/it\/wp-json\/wp\/v2\/pages"}],"about":[{"href":"https:\/\/mb-maquinaria.com\/it\/wp-json\/wp\/v2\/types\/page"}],"author":[{"embeddable":true,"href":"https:\/\/mb-maquinaria.com\/it\/wp-json\/wp\/v2\/users\/1"}],"replies":[{"embeddable":true,"href":"https:\/\/mb-maquinaria.com\/it\/wp-json\/wp\/v2\/comments?post=4219"}],"version-history":[{"count":4,"href":"https:\/\/mb-maquinaria.com\/it\/wp-json\/wp\/v2\/pages\/4219\/revisions"}],"predecessor-version":[{"id":4315,"href":"https:\/\/mb-maquinaria.com\/it\/wp-json\/wp\/v2\/pages\/4219\/revisions\/4315"}],"wp:attachment":[{"href":"https:\/\/mb-maquinaria.com\/it\/wp-json\/wp\/v2\/media?parent=4219"}],"curies":[{"name":"wp","href":"https:\/\/api.w.org\/{rel}","templated":true}]}}