{"id":4333,"date":"2023-01-09T12:14:33","date_gmt":"2023-01-09T11:14:33","guid":{"rendered":"https:\/\/mb-maquinaria.com\/informativa-sulla-privacy\/"},"modified":"2023-01-09T12:14:33","modified_gmt":"2023-01-09T11:14:33","slug":"informativa-sulla-privacy","status":"publish","type":"page","link":"https:\/\/mb-maquinaria.com\/it\/informativa-sulla-privacy\/","title":{"rendered":"Informativa sulla privacy"},"content":{"rendered":"<h2><strong>1. Informativa sulla privacy e sulla protezione dei dati personali<\/strong><\/h2>\n<ol>\n<li>La presente Informativa sulla protezione dei dati \u00e8 parte integrante dell&#8217;Informativa legale del sito web.\n<p>&nbsp;<\/p>\n<p>In ottemperanza a quanto previsto dal Regolamento (UE) 2016\/679 del Parlamento Europeo e del Consiglio del 27 aprile 2016 relativo alla protezione delle persone fisiche con riguardo al trattamento dei dati personali, nonch\u00e9 alla libera circolazione di tali dati e che abroga la direttiva 95\/46\/CE (&#8220;GDPR&#8221;), nonch\u00e9 dalle altre norme di attuazione, l&#8217;Ente informa gli Utenti che i loro dati saranno incorporati nelle banche dati dell&#8217;Ente, secondo i dettagli di seguito riportati:<\/p>\n<p>&nbsp;<\/li>\n<\/ol>\n<p><strong>1.1. Dati del responsabile della pratica e recapiti del Responsabile della sicurezza<\/strong><\/p>\n<ul>\n<li><strong>Identit\u00e0:<\/strong> ATICA REDEX, S.L.<\/li>\n<li><strong>Telefono<\/strong>: 948702317<\/li>\n<li><strong>E-mail:<\/strong> lopd@aticaredex.com<\/li>\n<\/ul>\n<p><strong> <\/strong><\/p>\n<p><strong>1.2. Finalit\u00e0 del trattamento<\/strong><\/p>\n<ol>\n<li>I dati che l&#8217;Entit\u00e0 conserver\u00e0 su di voi sono il vostro nome, indirizzo, numero di telefono, indirizzo e-mail, nonch\u00e9, se siete clienti, il vostro nome utente e la vostra password e i vostri dati di pagamento. L&#8217;Entit\u00e0 tratter\u00e0 le informazioni in suo possesso in relazione alle persone interessate per le seguenti finalit\u00e0:\n<ul>\n<li><strong>Per gestire qualsiasi tipo di richiesta, suggerimento o petizione<\/strong> sui nostri servizi professionali da parte di soggetti interessati.<\/li>\n<li><strong>Ricerca interna e sviluppo<\/strong>dei prodotti e dei servizi offerti.<\/li>\n<li><strong>Comunicazioni commerciali<\/strong>, che comportano il trattamento dei vostri dati allo scopo di informarvi su attivit\u00e0, articoli di interesse e informazioni generali sui nostri servizi tramite e-mail.<\/li>\n<\/ul>\n<p>Gli interessati possono annullare l&#8217;iscrizione a queste comunicazioni al seguente indirizzo lopd@aticaredex.com.<\/p>\n<ul>\n<li>Gestire i dati forniti dai candidati a una posizione lavorativa attraverso il Curriculum Vitae (CV) fornito <strong>ai fini del processo di selezione e assunzione<\/strong>.<\/li>\n<li>Allo stesso modo, potremmo essere obbligati a utilizzare e conservare le informazioni personali per <strong>motivi legali e di conformit\u00e0.<\/strong><\/li>\n<\/ul>\n<p>&nbsp;<\/p>\n<ul>\n<li>Possiamo anche utilizzare le informazioni personali per soddisfare i requisiti di revisione interna ed esterna e in qualsiasi altro modo che riteniamo necessario o appropriato: (a) in base alla legge applicabile (b) rispondere a richieste di tribunali, agenzie di applicazione della legge, organismi di regolamentazione e altre autorit\u00e0 pubbliche e governative (c) per il rispetto dei nostri termini e condizioni, e (d) proteggere i nostri diritti, la nostra privacy, la nostra sicurezza o la nostra propriet\u00e0 o quella di altri.<\/li>\n<\/ul>\n<p>&nbsp;<\/p>\n<p>L&#8217;Ente tratter\u00e0 i vostri dati e le informazioni fornite per i processi di selezione con la massima riservatezza, adottando le misure tecniche e organizzative necessarie per evitare perdite, abusi, alterazioni e\/o accessi non autorizzati.<\/p>\n<p><strong>Conservaci\u00f3n de los datos<\/strong><\/p>\n<ul>\n<li><strong>Gestione del Curriculum Vitae<\/strong>: l&#8217;Ente potr\u00e0 conservare il Suo Curriculum Vitae per un periodo massimo di un anno, al termine del quale verr\u00e0 automaticamente distrutto, nel rispetto del principio della qualit\u00e0 dei dati.<\/li>\n<li>Nel determinare i periodi di conservazione di altri dati, l&#8217;Entit\u00e0 considera le leggi locali, gli obblighi contrattuali e le aspettative e i requisiti dei nostri clienti. Quando le informazioni personali non sono pi\u00f9 necessarie per lo scopo per cui sono state raccolte, le cancelliamo o le distruggiamo in modo sicuro.<\/li>\n<\/ul>\n<p><strong> <\/strong><\/p>\n<p><strong> <\/strong><\/li>\n<\/ol>\n<p><strong>1.3. Legittimazione<\/strong><\/p>\n<ol>\n<li>Trattiamo i dati personali nel rispetto della legge e con trasparenza e correttezza. Il trattamento dei dati viene effettuato:\n<ul>\n<li>Per l&#8217;esecuzione dei contratti stipulati con l&#8217;Ente, essendo il trattamento necessario per l&#8217;adempimento dei nostri obblighi nei vostri confronti.<\/li>\n<li>Con il loro consenso.<\/li>\n<li>Per il soddisfacimento di un interesse legittimo perseguito dai soggetti dell&#8217;Entit\u00e0<\/li>\n<li>In conformit\u00e0 con la legge.<\/li>\n<\/ul>\n<p><strong> <\/strong><\/li>\n<\/ol>\n<p><strong>1.4. Flusso di dati<\/strong><\/p>\n<ol>\n<li><strong>Responsabili del trattamento:<\/strong> l&#8217;Entit\u00e0 pu\u00f2 fornire l&#8217;accesso a determinati dati personali quando lo ritiene necessario per fornire i propri servizi, nonch\u00e9 per migliorarli. Quando condividiamo le informazioni personali, lo facciamo in conformit\u00e0 con i requisiti di privacy e sicurezza dei dati.\n<ul>\n<li><strong>Aziende del Gruppo: <\/strong>Condividiamo i dati personali tra le societ\u00e0 del Gruppo al fine di realizzare e migliorare i servizi che avete stipulato con noi.<\/li>\n<\/ul>\n<p><strong>Trasferimento dei dati<\/strong>: nessun dato personale sar\u00e0 trasferito a terzi, salvo quanto previsto dalla legge. L&#8217;accesso e\/o l&#8217;elaborazione dei dati personali che sono di competenza degli Utenti non \u00e8 considerato un trasferimento di dati quando \u00e8 necessario per l&#8217;adeguata fornitura dei servizi che hanno contrattato.<\/p>\n<p>&nbsp;<\/li>\n<\/ol>\n<p><strong>1.5. Fonte<\/strong><\/p>\n<ol>\n<li><strong>Fonte:<\/strong> L&#8217;Entit\u00e0 raccoglie le informazioni personali dell&#8217;utente dalle seguenti fonti:\n<ul>\n<li>Informazioni fornite direttamente dall&#8217;interessato al momento della richiesta di informazioni, della stipula di un contratto o dell&#8217;utilizzo dei nostri servizi o della richiesta di un servizio clienti.<\/li>\n<li>Inoltre, possiamo anche ottenere informazioni da terzi che riteniamo siano pubblicamente disponibili o su base commerciale, al fine di fornirvi servizi che riteniamo possano essere di vostro interesse e per mantenere l&#8217;accuratezza dei dati e migliorare i nostri prodotti e servizi.<\/li>\n<\/ul>\n<p><strong> <\/strong><\/li>\n<\/ol>\n<p><strong>1.6. Diritti<\/strong><\/p>\n<ol>\n<li><strong>Diritto di accesso, rettifica e soppressione:<\/strong> gli interessati hanno il diritto di ottenere la conferma che l&#8217;Entit\u00e0 stia trattando o meno i dati personali che li riguardano. Gli interessati hanno il diritto di accedere ai propri dati personali, nonch\u00e9 di richiedere la rettifica dei dati inesatti o, se del caso, di richiederne la cancellazione quando, tra le altre ragioni, i dati non sono pi\u00f9 necessari per le finalit\u00e0 per cui sono stati raccolti.<strong>Diritto di limitazione e di opposizione:<\/strong> In determinate circostanze, gli interessati possono richiedere di limitare il trattamento dei loro dati, nel qual caso li conserveremo solo per l&#8217;esercizio o la difesa dei diritti. In determinate circostanze e per motivi legati alla loro situazione particolare, gli interessati possono opporsi al trattamento dei loro dati. L&#8217;Entit\u00e0 cesser\u00e0 il trattamento dei dati, salvo per motivi legittimi impellenti o per l&#8217;esercizio o la difesa di eventuali diritti.\n<p><strong>Diritto di portabilit\u00e0:<\/strong> gli interessati hanno il diritto di richiedere la portabilit\u00e0 dei propri dati, consentendo di trasmetterli direttamente a un ente o a una societ\u00e0, purch\u00e9 ci\u00f2 sia tecnicamente possibile.<\/p>\n<p>Tali diritti possono essere esercitati con qualsiasi mezzo di comunicazione con l&#8217;Ente all&#8217;indirizzo indicato nella sezione 2 della presente Nota Legale, allegando una fotocopia della carta d&#8217;identit\u00e0 dell&#8217;interessato o all&#8217;indirizzo lopd@aticaredex.com.<\/p>\n<p>&nbsp;<\/li>\n<\/ol>\n<p><strong>1.7. Aggiornamenti e modifiche <\/strong><\/p>\n<ol>\n<li>L&#8217;Ente si riserva il diritto di modificare e\/o aggiornare l&#8217;informativa sulla protezione dei dati quando ci\u00f2 si renda necessario per la corretta osservanza del Regolamento sulla protezione dei dati. In caso di modifiche, il nuovo testo sar\u00e0 pubblicato su questa pagina, dove sar\u00e0 possibile accedere alla politica attuale. In ogni caso, il rapporto con gli Utenti sar\u00e0 regolato dalle norme in vigore al momento esatto dell&#8217;accesso al sito.<strong> <\/strong><\/li>\n<\/ol>\n<p><strong>1.8. Canale di comunicazione e supporto<\/strong><\/p>\n<ol>\n<li>Gli interessati possono comunicare qualsiasi domanda sul trattamento dei propri dati personali o sull&#8217;interpretazione della nostra politica al seguente indirizzo: lopd@aticaredex.com.De In conformit\u00e0 con le disposizioni della Legge 34\/2002, dell&#8217;11 luglio, sui Servizi della Societ\u00e0 dell&#8217;Informazione e del Commercio Elettronico, \u00e8 possibile revocare in qualsiasi momento il proprio consenso a ricevere comunicazioni pubblicitarie o promozionali tramite e-mail o altri mezzi equivalenti di comunicazione elettronica da parte di ATICA REDEX, S.L. inviando un messaggio di posta elettronica con oggetto &#8220;BAJA E-MAIL&#8221; all&#8217;indirizzo lopd@aticaredex.com.\n<p>&nbsp;<\/p>\n<p>L&#8217;Ente mantiene un profilo attivo sui principali social network della rete (Facebook, Twitter, LinkedIn, Youtube e Google+). Il trattamento che l&#8217;Ente effettuer\u00e0 con i dati dei propri follower sar\u00e0 in ogni caso quello che il social network consente per i profili aziendali. L&#8217;Ente pu\u00f2 quindi informare i propri follower con qualsiasi mezzo consentito dal social network sulle proprie attivit\u00e0, presentazioni, offerte, nonch\u00e9 fornire un servizio clienti personalizzato. In nessun caso l&#8217;Ente estrarr\u00e0 dati dai social network, a meno che non sia stato espressamente e tempestivamente ottenuto il consenso dell&#8217;utente.<\/li>\n<\/ol>\n","protected":false},"excerpt":{"rendered":"<p>1. Informativa sulla privacy e sulla protezione dei dati personali La presente Informativa sulla protezione dei dati \u00e8 parte integrante dell&#8217;Informativa legale del sito web. &nbsp; In ottemperanza a quanto previsto dal Regolamento (UE) 2016\/679 del Parlamento Europeo e del Consiglio del 27 aprile 2016 relativo alla protezione delle persone fisiche con riguardo al trattamento [&#8230;]\n","protected":false},"author":1,"featured_media":0,"parent":0,"menu_order":0,"comment_status":"closed","ping_status":"closed","template":"","meta":{"footnotes":""},"class_list":["post-4333","page","type-page","status-publish","hentry"],"yoast_head":"<!-- This site is optimized with the Yoast SEO plugin v27.2 - https:\/\/yoast.com\/product\/yoast-seo-wordpress\/ -->\n<title>Informativa sulla privacy | MB Maquinaria<\/title>\n<meta name=\"robots\" content=\"index, follow, max-snippet:-1, max-image-preview:large, max-video-preview:-1\" \/>\n<link rel=\"canonical\" href=\"https:\/\/mb-maquinaria.com\/it\/informativa-sulla-privacy\/\" \/>\n<meta property=\"og:locale\" content=\"it_IT\" \/>\n<meta property=\"og:type\" content=\"article\" \/>\n<meta property=\"og:title\" content=\"Informativa sulla privacy | MB Maquinaria\" \/>\n<meta property=\"og:description\" content=\"1. Informativa sulla privacy e sulla protezione dei dati personali La presente Informativa sulla protezione dei dati \u00e8 parte integrante dell&#8217;Informativa legale del sito web. &nbsp; In ottemperanza a quanto previsto dal Regolamento (UE) 2016\/679 del Parlamento Europeo e del Consiglio del 27 aprile 2016 relativo alla protezione delle persone fisiche con riguardo al trattamento [...]\" \/>\n<meta property=\"og:url\" content=\"https:\/\/mb-maquinaria.com\/it\/informativa-sulla-privacy\/\" \/>\n<meta property=\"og:site_name\" content=\"MB Maquinaria\" \/>\n<meta name=\"twitter:card\" content=\"summary_large_image\" \/>\n<meta name=\"twitter:label1\" content=\"Tempo di lettura stimato\" \/>\n\t<meta name=\"twitter:data1\" content=\"6 minuti\" \/>\n<script type=\"application\/ld+json\" class=\"yoast-schema-graph\">{\"@context\":\"https:\/\/schema.org\",\"@graph\":[{\"@type\":\"WebPage\",\"@id\":\"https:\/\/mb-maquinaria.com\/it\/informativa-sulla-privacy\/\",\"url\":\"https:\/\/mb-maquinaria.com\/it\/informativa-sulla-privacy\/\",\"name\":\"Informativa sulla privacy | MB Maquinaria\",\"isPartOf\":{\"@id\":\"https:\/\/mb-maquinaria.com\/it\/#website\"},\"datePublished\":\"2023-01-09T11:14:33+00:00\",\"breadcrumb\":{\"@id\":\"https:\/\/mb-maquinaria.com\/it\/informativa-sulla-privacy\/#breadcrumb\"},\"inLanguage\":\"it-IT\",\"potentialAction\":[{\"@type\":\"ReadAction\",\"target\":[\"https:\/\/mb-maquinaria.com\/it\/informativa-sulla-privacy\/\"]}]},{\"@type\":\"BreadcrumbList\",\"@id\":\"https:\/\/mb-maquinaria.com\/it\/informativa-sulla-privacy\/#breadcrumb\",\"itemListElement\":[{\"@type\":\"ListItem\",\"position\":1,\"name\":\"Portada\",\"item\":\"https:\/\/mb-maquinaria.com\/it\/202109_home\/\"},{\"@type\":\"ListItem\",\"position\":2,\"name\":\"Informativa sulla privacy\"}]},{\"@type\":\"WebSite\",\"@id\":\"https:\/\/mb-maquinaria.com\/it\/#website\",\"url\":\"https:\/\/mb-maquinaria.com\/it\/\",\"name\":\"MB\",\"description\":\"Central de Compras y Servicios Europea especializada en maquinaria para el manejo de materiales.\",\"alternateName\":\"MB-Maquinaria\",\"potentialAction\":[{\"@type\":\"SearchAction\",\"target\":{\"@type\":\"EntryPoint\",\"urlTemplate\":\"https:\/\/mb-maquinaria.com\/it\/?s={search_term_string}\"},\"query-input\":{\"@type\":\"PropertyValueSpecification\",\"valueRequired\":true,\"valueName\":\"search_term_string\"}}],\"inLanguage\":\"it-IT\"}]}<\/script>\n<!-- \/ Yoast SEO plugin. -->","yoast_head_json":{"title":"Informativa sulla privacy | MB Maquinaria","robots":{"index":"index","follow":"follow","max-snippet":"max-snippet:-1","max-image-preview":"max-image-preview:large","max-video-preview":"max-video-preview:-1"},"canonical":"https:\/\/mb-maquinaria.com\/it\/informativa-sulla-privacy\/","og_locale":"it_IT","og_type":"article","og_title":"Informativa sulla privacy | MB Maquinaria","og_description":"1. Informativa sulla privacy e sulla protezione dei dati personali La presente Informativa sulla protezione dei dati \u00e8 parte integrante dell&#8217;Informativa legale del sito web. &nbsp; In ottemperanza a quanto previsto dal Regolamento (UE) 2016\/679 del Parlamento Europeo e del Consiglio del 27 aprile 2016 relativo alla protezione delle persone fisiche con riguardo al trattamento [...]","og_url":"https:\/\/mb-maquinaria.com\/it\/informativa-sulla-privacy\/","og_site_name":"MB Maquinaria","twitter_card":"summary_large_image","twitter_misc":{"Tempo di lettura stimato":"6 minuti"},"schema":{"@context":"https:\/\/schema.org","@graph":[{"@type":"WebPage","@id":"https:\/\/mb-maquinaria.com\/it\/informativa-sulla-privacy\/","url":"https:\/\/mb-maquinaria.com\/it\/informativa-sulla-privacy\/","name":"Informativa sulla privacy | MB Maquinaria","isPartOf":{"@id":"https:\/\/mb-maquinaria.com\/it\/#website"},"datePublished":"2023-01-09T11:14:33+00:00","breadcrumb":{"@id":"https:\/\/mb-maquinaria.com\/it\/informativa-sulla-privacy\/#breadcrumb"},"inLanguage":"it-IT","potentialAction":[{"@type":"ReadAction","target":["https:\/\/mb-maquinaria.com\/it\/informativa-sulla-privacy\/"]}]},{"@type":"BreadcrumbList","@id":"https:\/\/mb-maquinaria.com\/it\/informativa-sulla-privacy\/#breadcrumb","itemListElement":[{"@type":"ListItem","position":1,"name":"Portada","item":"https:\/\/mb-maquinaria.com\/it\/202109_home\/"},{"@type":"ListItem","position":2,"name":"Informativa sulla privacy"}]},{"@type":"WebSite","@id":"https:\/\/mb-maquinaria.com\/it\/#website","url":"https:\/\/mb-maquinaria.com\/it\/","name":"MB","description":"Central de Compras y Servicios Europea especializada en maquinaria para el manejo de materiales.","alternateName":"MB-Maquinaria","potentialAction":[{"@type":"SearchAction","target":{"@type":"EntryPoint","urlTemplate":"https:\/\/mb-maquinaria.com\/it\/?s={search_term_string}"},"query-input":{"@type":"PropertyValueSpecification","valueRequired":true,"valueName":"search_term_string"}}],"inLanguage":"it-IT"}]}},"_links":{"self":[{"href":"https:\/\/mb-maquinaria.com\/it\/wp-json\/wp\/v2\/pages\/4333","targetHints":{"allow":["GET"]}}],"collection":[{"href":"https:\/\/mb-maquinaria.com\/it\/wp-json\/wp\/v2\/pages"}],"about":[{"href":"https:\/\/mb-maquinaria.com\/it\/wp-json\/wp\/v2\/types\/page"}],"author":[{"embeddable":true,"href":"https:\/\/mb-maquinaria.com\/it\/wp-json\/wp\/v2\/users\/1"}],"replies":[{"embeddable":true,"href":"https:\/\/mb-maquinaria.com\/it\/wp-json\/wp\/v2\/comments?post=4333"}],"version-history":[{"count":0,"href":"https:\/\/mb-maquinaria.com\/it\/wp-json\/wp\/v2\/pages\/4333\/revisions"}],"wp:attachment":[{"href":"https:\/\/mb-maquinaria.com\/it\/wp-json\/wp\/v2\/media?parent=4333"}],"curies":[{"name":"wp","href":"https:\/\/api.w.org\/{rel}","templated":true}]}}